{"id":962,"date":"2017-04-10T22:25:16","date_gmt":"2017-04-10T21:25:16","guid":{"rendered":"http:\/\/www.sskslovany.cz\/?page_id=962"},"modified":"2017-12-17T19:36:23","modified_gmt":"2017-12-17T18:36:23","slug":"vysledky-2017","status":"publish","type":"page","link":"https:\/\/www.sskslovany.cz\/?page_id=962","title":{"rendered":"V\u00fdsledky 2017"},"content":{"rendered":"<ul>\n<li><strong><a  data-e-Disable-Page-Transition=\"true\" class=\"download-link\" title=\"\" href=\"https:\/\/www.sskslovany.cz?download=963&amp;tmstv=1777141869\" rel=\"nofollow\" id=\"download-link-963\" data-redirect=\"false\" >\n\t20170107 - O poh\u00e1rSSK Plze\u0148-Slovany\t(sta\u017eeno 1062\u00d7 \t)\n<\/a>\n<\/strong><\/li>\n<li><a  data-e-Disable-Page-Transition=\"true\" class=\"download-link\" title=\"\" href=\"https:\/\/www.sskslovany.cz?download=965&amp;tmstv=1777141869\" rel=\"nofollow\" id=\"download-link-965\" data-redirect=\"false\" >\n\t20170107 - Krajsk\u00fd p\u0159ebor VzPu 30L\t(sta\u017eeno 898\u00d7 \t)\n<\/a>\n<\/li>\n<li><a  data-e-Disable-Page-Transition=\"true\" class=\"download-link\" title=\"\" href=\"https:\/\/www.sskslovany.cz?download=967&amp;tmstv=1777141869\" rel=\"nofollow\" id=\"download-link-967\" data-redirect=\"false\" >\n\t20170114 - Grand Prix of Pilsen\t(sta\u017eeno 965\u00d7 \t)\n<\/a>\n<\/li>\n<li><strong><a  data-e-Disable-Page-Transition=\"true\" class=\"download-link\" title=\"\" href=\"https:\/\/www.sskslovany.cz?download=969&amp;tmstv=1777141869\" rel=\"nofollow\" id=\"download-link-969\" data-redirect=\"false\" >\n\t20170115 - Lednov\u00e1 Vzduchovka\t(sta\u017eeno 929\u00d7 \t)\n<\/a>\n<\/strong><\/li>\n<li><strong><a  data-e-Disable-Page-Transition=\"true\" class=\"download-link\" title=\"\" href=\"https:\/\/www.sskslovany.cz?download=971&amp;tmstv=1777141869\" rel=\"nofollow\" id=\"download-link-971\" data-redirect=\"false\" >\n\t20170119 - Slovansk\u00e1 elektronick\u00e1 liga 3. kolo\t(sta\u017eeno 931\u00d7 \t)\n<\/a>\n<\/strong><\/li>\n<li><a  data-e-Disable-Page-Transition=\"true\" class=\"download-link\" title=\"\" href=\"https:\/\/www.sskslovany.cz?download=973&amp;tmstv=1777141869\" rel=\"nofollow\" id=\"download-link-973\" data-redirect=\"false\" >\n\t20170121 - Chodsk\u00fd \u010dakan\t(sta\u017eeno 908\u00d7 \t)\n<\/a>\n<\/li>\n<li><a  data-e-Disable-Page-Transition=\"true\" class=\"download-link\" title=\"\" href=\"https:\/\/www.sskslovany.cz?download=975&amp;tmstv=1777141869\" rel=\"nofollow\" id=\"download-link-975\" data-redirect=\"false\" >\n\t20170121 - Krajsk\u00fd p\u0159ebor VzPu, VzPi\t(sta\u017eeno 937\u00d7 \t)\n<\/a>\n<\/li>\n<li><strong><a  data-e-Disable-Page-Transition=\"true\" class=\"download-link\" title=\"\" href=\"https:\/\/www.sskslovany.cz?download=977&amp;tmstv=1777141869\" rel=\"nofollow\" id=\"download-link-977\" data-redirect=\"false\" >\n\t20170209 - Slovansk\u00e1 elektronick\u00e1 liga 4. kolo\t(sta\u017eeno 934\u00d7 \t)\n<\/a>\n<\/strong><\/li>\n<li><strong><a  data-e-Disable-Page-Transition=\"true\" class=\"download-link\" title=\"\" href=\"https:\/\/www.sskslovany.cz?download=979&amp;tmstv=1777141869\" rel=\"nofollow\" id=\"download-link-979\" data-redirect=\"false\" >\n\t20170218 - \u00danorov\u00e1 vzduchovka\t(sta\u017eeno 895\u00d7 \t)\n<\/a>\n<\/strong><\/li>\n<li><strong><a  data-e-Disable-Page-Transition=\"true\" class=\"download-link\" title=\"\" href=\"https:\/\/www.sskslovany.cz?download=981&amp;tmstv=1777141869\" rel=\"nofollow\" id=\"download-link-981\" data-redirect=\"false\" >\n\t20170225 - Slovansk\u00e1 elektronick\u00e1 liga FIN\u00c1LE\t(sta\u017eeno 922\u00d7 \t)\n<\/a>\n<\/strong><\/li>\n<li><a  data-e-Disable-Page-Transition=\"true\" class=\"download-link\" title=\"\" href=\"https:\/\/www.sskslovany.cz?download=984&amp;tmstv=1777141869\" rel=\"nofollow\" id=\"download-link-984\" data-redirect=\"false\" >\n\t20170304 - B\u0159eznov\u00e1 vzduchovka\t(sta\u017eeno 1106\u00d7 \t)\n<\/a>\n<\/li>\n<li><a  data-e-Disable-Page-Transition=\"true\" class=\"download-link\" title=\"\" href=\"https:\/\/www.sskslovany.cz?download=986&amp;tmstv=1777141869\" rel=\"nofollow\" id=\"download-link-986\" data-redirect=\"false\" >\n\t20170311 - VC SSK Dukla Plze\u0148\t(sta\u017eeno 1179\u00d7 \t)\n<\/a>\n<\/li>\n<li><a  data-e-Disable-Page-Transition=\"true\" class=\"download-link\" title=\"\" href=\"https:\/\/www.sskslovany.cz?download=988&amp;tmstv=1777141869\" rel=\"nofollow\" id=\"download-link-988\" data-redirect=\"false\" >\n\t20170401 - M\u010cR ml\u00e1de\u017ee\t(sta\u017eeno 1034\u00d7 \t)\n<\/a>\n<\/li>\n<li><a  data-e-Disable-Page-Transition=\"true\" class=\"download-link\" title=\"\" href=\"https:\/\/www.sskslovany.cz?download=1011&amp;tmstv=1777141869\" rel=\"nofollow\" id=\"download-link-1011\" data-redirect=\"false\" >\n\t20170408 - Jarn\u00ed sout\u011b\u017e Dukly\t(sta\u017eeno 1013\u00d7 \t)\n<\/a>\n<\/li>\n<li><a  data-e-Disable-Page-Transition=\"true\" class=\"download-link\" title=\"\" href=\"https:\/\/www.sskslovany.cz?download=997&amp;tmstv=1777141869\" rel=\"nofollow\" id=\"download-link-997\" data-redirect=\"false\" >\n\t20170409 - Jarn\u00ed cena Dukly\t(sta\u017eeno 926\u00d7 \t)\n<\/a>\n<\/li>\n<li><a  data-e-Disable-Page-Transition=\"true\" class=\"download-link\" title=\"\" href=\"https:\/\/www.sskslovany.cz?download=1110&amp;tmstv=1777141869\" rel=\"nofollow\" id=\"download-link-1110\" data-redirect=\"false\" >\n\t20170412 - Oblastn\u00ed st\u0159eleck\u00e1 sout\u011b\u017e VP 15+15 1. kolo\t(sta\u017eeno 896\u00d7 \t)\n<\/a>\n<\/li>\n<li><a  data-e-Disable-Page-Transition=\"true\" class=\"download-link\" title=\"\" href=\"https:\/\/www.sskslovany.cz?download=1121&amp;tmstv=1777141869\" rel=\"nofollow\" id=\"download-link-1121\" data-redirect=\"false\" >\n\t20170421 - Kontroln\u00ed sledovan\u00fd z\u00e1vod 1. kolo\t(sta\u017eeno 1050\u00d7 \t)\n<\/a>\n<\/li>\n<li><a  data-e-Disable-Page-Transition=\"true\" class=\"download-link\" title=\"\" href=\"https:\/\/www.sskslovany.cz?download=1112&amp;tmstv=1777141869\" rel=\"nofollow\" id=\"download-link-1112\" data-redirect=\"false\" >\n\t20170422 - Oblastn\u00ed st\u0159eleck\u00e1 sout\u011b\u017e SP 30+30 1. kolo\t(sta\u017eeno 884\u00d7 \t)\n<\/a>\n<\/li>\n<li><a  data-e-Disable-Page-Transition=\"true\" class=\"download-link\" title=\"\" href=\"https:\/\/www.sskslovany.cz?download=1119&amp;tmstv=1777141869\" rel=\"nofollow\" id=\"download-link-1119\" data-redirect=\"false\" >\n\t20170423 - Kontroln\u00ed z\u00e1vod reprezentace 1. kolo\t(sta\u017eeno 1158\u00d7 \t)\n<\/a>\n<\/li>\n<li><a  data-e-Disable-Page-Transition=\"true\" class=\"download-link\" title=\"\" href=\"https:\/\/www.sskslovany.cz?download=1105&amp;tmstv=1777141869\" rel=\"nofollow\" id=\"download-link-1105\" data-redirect=\"false\" >\n\t20170505 - Oblastn\u00ed st\u0159eleck\u00e1 sout\u011b\u017e SP 30+30 2. kolo\t(sta\u017eeno 941\u00d7 \t)\n<\/a>\n<\/li>\n<li><a  data-e-Disable-Page-Transition=\"true\" class=\"download-link\" title=\"\" href=\"https:\/\/www.sskslovany.cz?download=1131&amp;tmstv=1777141869\" rel=\"nofollow\" id=\"download-link-1131\" data-redirect=\"false\" >\n\t20170507 - Velk\u00e1 cena osvobozen\u00ed\t(sta\u017eeno 1046\u00d7 \t)\n<\/a>\n<\/li>\n<li><strong><a  data-e-Disable-Page-Transition=\"true\" class=\"download-link\" title=\"\" href=\"https:\/\/www.sskslovany.cz?download=1135&amp;tmstv=1777141869\" rel=\"nofollow\" id=\"download-link-1135\" data-redirect=\"false\" >\n\t20170507 - Slovansk\u00e1 liga LP 60 - 1. kolo\t(sta\u017eeno 1258\u00d7 \t)\n<\/a>\n<\/strong><\/li>\n<li><a  data-e-Disable-Page-Transition=\"true\" class=\"download-link\" title=\"\" href=\"https:\/\/www.sskslovany.cz?download=1107&amp;tmstv=1777141869\" rel=\"nofollow\" id=\"download-link-1107\" data-redirect=\"false\" >\n\t20170510 - Oblastn\u00ed st\u0159eleck\u00e1 sout\u011b\u017e VP 15+15 2. kolo\t(sta\u017eeno 892\u00d7 \t)\n<\/a>\n<\/li>\n<li><a  data-e-Disable-Page-Transition=\"true\" class=\"download-link\" title=\"\" href=\"https:\/\/www.sskslovany.cz?download=1124&amp;tmstv=1777141869\" rel=\"nofollow\" id=\"download-link-1124\" data-redirect=\"false\" >\n\t20170512 - Kontroln\u00ed sledovan\u00fd z\u00e1vod 2. kolo\t(sta\u017eeno 1025\u00d7 \t)\n<\/a>\n<\/li>\n<li><a  data-e-Disable-Page-Transition=\"true\" class=\"download-link\" title=\"\" href=\"https:\/\/www.sskslovany.cz?download=1127&amp;tmstv=1777141869\" rel=\"nofollow\" id=\"download-link-1127\" data-redirect=\"false\" >\n\t20170514 - Kontroln\u00ed z\u00e1vod reprezentace 2. kolo\t(sta\u017eeno 1413\u00d7 \t)\n<\/a>\n<\/li>\n<li><a  data-e-Disable-Page-Transition=\"true\" class=\"download-link\" title=\"\" href=\"https:\/\/www.sskslovany.cz?download=1159&amp;tmstv=1777141869\" rel=\"nofollow\" id=\"download-link-1159\" data-redirect=\"false\" >\n\t20170520 - Obastn\u00ed st\u0159eleck\u00e1 sout\u011b\u017e SP 30+30 - 3. kolo\t(sta\u017eeno 913\u00d7 \t)\n<\/a>\n<\/li>\n<li><a  data-e-Disable-Page-Transition=\"true\" class=\"download-link\" title=\"\" href=\"https:\/\/www.sskslovany.cz?download=1162&amp;tmstv=1777141869\" rel=\"nofollow\" id=\"download-link-1162\" data-redirect=\"false\" >\n\t20170521 - \u010cesk\u00fd poh\u00e1r talentovan\u00e9 ml\u00e1de\u017ee 1. kolo (\u010cechy)\t(sta\u017eeno 1169\u00d7 \t)\n<\/a>\n<\/li>\n<li><a  data-e-Disable-Page-Transition=\"true\" class=\"download-link\" title=\"\" href=\"https:\/\/www.sskslovany.cz?download=1165&amp;tmstv=1777141869\" rel=\"nofollow\" id=\"download-link-1165\" data-redirect=\"false\" >\n\t20170528 - Setk\u00e1n\u00ed olympijsk\u00fdch nad\u011bj\u00ed (HOPES)\t(sta\u017eeno 929\u00d7 \t)\n<\/a>\n<\/li>\n<li><strong><a  data-e-Disable-Page-Transition=\"true\" class=\"download-link\" title=\"\" href=\"https:\/\/www.sskslovany.cz?download=1146&amp;tmstv=1777141869\" rel=\"nofollow\" id=\"download-link-1146\" data-redirect=\"false\" >\n\t20170603 - Plze\u0148sk\u00fd revolver\t(sta\u017eeno 1330\u00d7 \t)\n<\/a>\n<\/strong><\/li>\n<li><a  data-e-Disable-Page-Transition=\"true\" class=\"download-link\" title=\"\" href=\"https:\/\/www.sskslovany.cz?download=1150&amp;tmstv=1777141869\" rel=\"nofollow\" id=\"download-link-1150\" data-redirect=\"false\" >\n\t20170603 - Krajsk\u00fd p\u0159ebor Plze\u0148sk\u00e9ho KS (VP 30+30)\t(sta\u017eeno 1313\u00d7 \t)\n<\/a>\n<\/li>\n<li><a  data-e-Disable-Page-Transition=\"true\" class=\"download-link\" title=\"\" href=\"https:\/\/www.sskslovany.cz?download=1156&amp;tmstv=1777141869\" rel=\"nofollow\" id=\"download-link-1156\" data-redirect=\"false\" >\n\t20170603 - Grand Prix \u010cesk\u00e1 L\u00edpa\t(sta\u017eeno 970\u00d7 \t)\n<\/a>\n<\/li>\n<li><a  data-e-Disable-Page-Transition=\"true\" class=\"download-link\" title=\"\" href=\"https:\/\/www.sskslovany.cz?download=1284&amp;tmstv=1777141869\" rel=\"nofollow\" id=\"download-link-1284\" data-redirect=\"false\" >\n\t20170607 - Oblastn\u00ed st\u0159eleck\u00e1 sout\u011b\u017e VP 15+15 3. kolo\t(sta\u017eeno 822\u00d7 \t)\n<\/a>\n<\/li>\n<li><a  data-e-Disable-Page-Transition=\"true\" class=\"download-link\" title=\"\" href=\"https:\/\/www.sskslovany.cz?download=1287&amp;tmstv=1777141869\" rel=\"nofollow\" id=\"download-link-1287\" data-redirect=\"false\" >\n\t20170609 - Kontroln\u00ed sledovan\u00fd z\u00e1vod - 3.kolo\t(sta\u017eeno 956\u00d7 \t)\n<\/a>\n<\/li>\n<li><a  data-e-Disable-Page-Transition=\"true\" class=\"download-link\" title=\"\" href=\"https:\/\/www.sskslovany.cz?download=1289&amp;tmstv=1777141869\" rel=\"nofollow\" id=\"download-link-1289\" data-redirect=\"false\" >\n\t20170611 - Kontroln\u00ed z\u00e1vod reprezentace - 3. kolo\t(sta\u017eeno 1016\u00d7 \t)\n<\/a>\n<\/li>\n<li><a  data-e-Disable-Page-Transition=\"true\" class=\"download-link\" title=\"\" href=\"https:\/\/www.sskslovany.cz?download=1197&amp;tmstv=1777141869\" rel=\"nofollow\" id=\"download-link-1197\" data-redirect=\"false\" >\n\t20170618 - Mistrovstv\u00ed Veter\u00e1n\u016f (Championship of Veterans)\t(sta\u017eeno 3595\u00d7 \t)\n<\/a>\n<\/li>\n<li><a  data-e-Disable-Page-Transition=\"true\" class=\"download-link\" title=\"\" href=\"https:\/\/www.sskslovany.cz?download=1293&amp;tmstv=1777141869\" rel=\"nofollow\" id=\"download-link-1293\" data-redirect=\"false\" >\n\t20170702 - \u010cesk\u00fd poh\u00e1r talentovan\u00e9 ml\u00e1de\u017ee - 2. kolo\t(sta\u017eeno 863\u00d7 \t)\n<\/a>\n<\/li>\n<li><strong><a  data-e-Disable-Page-Transition=\"true\" class=\"download-link\" title=\"\" href=\"https:\/\/www.sskslovany.cz?download=1233&amp;tmstv=1777141869\" rel=\"nofollow\" id=\"download-link-1233\" data-redirect=\"false\" >\n\t20170708 - Ko\u0161uteck\u00e1 Flinta 1\t(sta\u017eeno 1528\u00d7 \t)\n<\/a>\n<\/strong><\/li>\n<li><strong><a  data-e-Disable-Page-Transition=\"true\" class=\"download-link\" title=\"\" href=\"https:\/\/www.sskslovany.cz?download=1250&amp;tmstv=1777141869\" rel=\"nofollow\" id=\"download-link-1250\" data-redirect=\"false\" >\n\t20170709 - Slovansk\u00e1 liga LP 60 - 2. kolo\t(sta\u017eeno 1331\u00d7 \t)\n<\/a>\n<\/strong><\/li>\n<li><a  data-e-Disable-Page-Transition=\"true\" class=\"download-link\" title=\"\" href=\"https:\/\/www.sskslovany.cz?download=1297&amp;tmstv=1777141869\" rel=\"nofollow\" id=\"download-link-1297\" data-redirect=\"false\" >\n\t20170715 - Kontroln\u00ed sledovan\u00fd z\u00e1vod - 4. kolo\t(sta\u017eeno 966\u00d7 \t)\n<\/a>\n<\/li>\n<li><a  data-e-Disable-Page-Transition=\"true\" class=\"download-link\" title=\"\" href=\"https:\/\/www.sskslovany.cz?download=1300&amp;tmstv=1777141869\" rel=\"nofollow\" id=\"download-link-1300\" data-redirect=\"false\" >\n\t20170716 - Kontroln\u00ed z\u00e1vod reprezentace - 4. kolo\t(sta\u017eeno 1023\u00d7 \t)\n<\/a>\n<\/li>\n<li><a  data-e-Disable-Page-Transition=\"true\" class=\"download-link\" title=\"\" href=\"https:\/\/www.sskslovany.cz?download=1456&amp;tmstv=1777141869\" rel=\"nofollow\" id=\"download-link-1456\" data-redirect=\"false\" >\n\t20170805 - VC SKP Psohlavec Doma\u017elice\t(sta\u017eeno 1124\u00d7 \t)\n<\/a>\n<\/li>\n<li><a  data-e-Disable-Page-Transition=\"true\" class=\"download-link\" title=\"\" href=\"https:\/\/www.sskslovany.cz?download=1458&amp;tmstv=1777141869\" rel=\"nofollow\" id=\"download-link-1458\" data-redirect=\"false\" >\n\t20170805 - P\u0159ebor Plze\u0148sk\u00e9ho KS (LM 60, SM 60)\t(sta\u017eeno 931\u00d7 \t)\n<\/a>\n<\/li>\n<li><a  data-e-Disable-Page-Transition=\"true\" class=\"download-link\" title=\"\" href=\"https:\/\/www.sskslovany.cz?download=1843&amp;tmstv=1777141869\" rel=\"nofollow\" id=\"download-link-1843\" data-redirect=\"false\" >\n\t20170805 - Z\u00e1pado\u010desk\u00fd poh\u00e1r Pu po t\u0159et\u00edm kole\t(sta\u017eeno 1348\u00d7 \t)\n<\/a>\n<\/li>\n<li><strong><a  data-e-Disable-Page-Transition=\"true\" class=\"download-link\" title=\"\" href=\"https:\/\/www.sskslovany.cz?download=1835&amp;tmstv=1777141869\" rel=\"nofollow\" id=\"download-link-1835\" data-redirect=\"false\" >\n\t20170806 - Slovansk\u00e1 liga LP 60 - 3. kolo\t(sta\u017eeno 1323\u00d7 \t)\n<\/a>\n<\/strong><\/li>\n<li><a  data-e-Disable-Page-Transition=\"true\" class=\"download-link\" title=\"Verze 02\" href=\"https:\/\/www.sskslovany.cz?download=1885&amp;tmstv=1777141869\" rel=\"nofollow\" id=\"download-link-1885\" data-redirect=\"false\" >\n\t20170813 - Akademick\u00e9 Mistrovstv\u00ed \u010cesk\u00e9 republiky\t(sta\u017eeno 951\u00d7 \t)\n<\/a>\n<\/li>\n<li><a  data-e-Disable-Page-Transition=\"true\" class=\"download-link\" title=\"\" href=\"https:\/\/www.sskslovany.cz?download=1887&amp;tmstv=1777141869\" rel=\"nofollow\" id=\"download-link-1887\" data-redirect=\"false\" >\n\t20170813 - \u010cesk\u00fd poh\u00e1r talentovan\u00e9 ml\u00e1de\u017ee - 3. kolo\t(sta\u017eeno 960\u00d7 \t)\n<\/a>\n<\/li>\n<li><a  data-e-Disable-Page-Transition=\"true\" class=\"download-link\" title=\"\" href=\"https:\/\/www.sskslovany.cz?download=1957&amp;tmstv=1777141869\" rel=\"nofollow\" id=\"download-link-1957\" data-redirect=\"false\" >\n\t20170819 - Oblastn\u00ed st\u0159eleck\u00e1 sout\u011b\u017e SP 30+30 - 4. kolo\t(sta\u017eeno 845\u00d7 \t)\n<\/a>\n<\/li>\n<li><a  data-e-Disable-Page-Transition=\"true\" class=\"download-link\" title=\"\" href=\"https:\/\/www.sskslovany.cz?download=1962&amp;tmstv=1777141869\" rel=\"nofollow\" id=\"download-link-1962\" data-redirect=\"false\" >\n\t20170820 - Poh\u00e1r Lobez SP 30+30\t(sta\u017eeno 837\u00d7 \t)\n<\/a>\n<\/li>\n<li><a  data-e-Disable-Page-Transition=\"true\" class=\"download-link\" title=\"\" href=\"https:\/\/www.sskslovany.cz?download=2179&amp;tmstv=1777141869\" rel=\"nofollow\" id=\"download-link-2179\" data-redirect=\"false\" >\n\t20170827 - Fin\u00e1le \u010cesk\u00e9ho poh\u00e1ru talentovan\u00e9 ml\u00e1de\u017ee\t(sta\u017eeno 923\u00d7 \t)\n<\/a>\n<\/li>\n<li><a  data-e-Disable-Page-Transition=\"true\" class=\"download-link\" title=\"\" href=\"https:\/\/www.sskslovany.cz?download=2182&amp;tmstv=1777141869\" rel=\"nofollow\" id=\"download-link-2182\" data-redirect=\"false\" >\n\t20170827 - Fin\u00e1le Kontroln\u00edho z\u00e1vodu reprezentace\t(sta\u017eeno 1040\u00d7 \t)\n<\/a>\n<\/li>\n<li><a  data-e-Disable-Page-Transition=\"true\" class=\"download-link\" title=\"\" href=\"https:\/\/www.sskslovany.cz?download=2237&amp;tmstv=1777141869\" rel=\"nofollow\" id=\"download-link-2237\" data-redirect=\"false\" >\n\t20170902 - Poh\u00e1r Svornosti\t(sta\u017eeno 1049\u00d7 \t)\n<\/a>\n<\/li>\n<li><a  data-e-Disable-Page-Transition=\"true\" class=\"download-link\" title=\"\" href=\"https:\/\/www.sskslovany.cz?download=2239&amp;tmstv=1777141869\" rel=\"nofollow\" id=\"download-link-2239\" data-redirect=\"false\" >\n\t20170902 - Z\u00e1pado\u010desk\u00fd poh\u00e1r Pu po \u010dtvrt\u00e9m kole\t(sta\u017eeno 922\u00d7 \t)\n<\/a>\n<\/li>\n<li><strong><a  data-e-Disable-Page-Transition=\"true\" class=\"download-link\" title=\"\" href=\"https:\/\/www.sskslovany.cz?download=2243&amp;tmstv=1777141869\" rel=\"nofollow\" id=\"download-link-2243\" data-redirect=\"false\" >\n\t20170903 - Ko\u0161uteck\u00e1 Flinta II\t(sta\u017eeno 1295\u00d7 \t)\n<\/a>\n<\/strong><\/li>\n<li><a  data-e-Disable-Page-Transition=\"true\" class=\"download-link\" title=\"\" href=\"https:\/\/www.sskslovany.cz?download=2245&amp;tmstv=1777141869\" rel=\"nofollow\" id=\"download-link-2245\" data-redirect=\"false\" >\n\t20170903 - Z\u00e1pado\u010desk\u00fd poh\u00e1r Pu celkov\u011b\t(sta\u017eeno 1195\u00d7 \t)\n<\/a>\n<\/li>\n<li><a  data-e-Disable-Page-Transition=\"true\" class=\"download-link\" title=\"\" href=\"https:\/\/www.sskslovany.cz?download=2276&amp;tmstv=1777141869\" rel=\"nofollow\" id=\"download-link-2276\" data-redirect=\"false\" >\n\t20170906 - Oblastn\u00ed st\u0159eleck\u00e1 sout\u011b\u017e VP 15+15 4. kolo\t(sta\u017eeno 912\u00d7 \t)\n<\/a>\n<\/li>\n<li><a  data-e-Disable-Page-Transition=\"true\" class=\"download-link\" title=\"\" href=\"https:\/\/www.sskslovany.cz?download=2271&amp;tmstv=1777141869\" rel=\"nofollow\" id=\"download-link-2271\" data-redirect=\"false\" >\n\t20170910 - Mistrovstv\u00ed \u010cR - kulov\u00e9 discipliny\t(sta\u017eeno 1029\u00d7 \t)\n<\/a>\n<\/li>\n<li><a  data-e-Disable-Page-Transition=\"true\" class=\"download-link\" title=\"\" href=\"https:\/\/www.sskslovany.cz?download=2280&amp;tmstv=1777141869\" rel=\"nofollow\" id=\"download-link-2280\" data-redirect=\"false\" >\n\t20170913 - Oblastn\u00ed st\u0159eleck\u00e1 sout\u011b\u017e VP 15+15 5.kolo\t(sta\u017eeno 871\u00d7 \t)\n<\/a>\n<\/li>\n<li><strong><a  data-e-Disable-Page-Transition=\"true\" class=\"download-link\" title=\"\" href=\"https:\/\/www.sskslovany.cz?download=2284&amp;tmstv=1777141869\" rel=\"nofollow\" id=\"download-link-2284\" data-redirect=\"false\" >\n\t20170917 - Slovansk\u00e1 liga LP 60 - 4. kolo\t(sta\u017eeno 1326\u00d7 \t)\n<\/a>\n<\/strong><\/li>\n<li><a  data-e-Disable-Page-Transition=\"true\" class=\"download-link\" title=\"\" href=\"https:\/\/www.sskslovany.cz?download=2461&amp;tmstv=1777141869\" rel=\"nofollow\" id=\"download-link-2461\" data-redirect=\"false\" >\n\t20170928 - Podzimn\u00ed cena Teplic\t(sta\u017eeno 934\u00d7 \t)\n<\/a>\n<\/li>\n<li><a  data-e-Disable-Page-Transition=\"true\" class=\"download-link\" title=\"\" href=\"https:\/\/www.sskslovany.cz?download=2330&amp;tmstv=1777141869\" rel=\"nofollow\" id=\"download-link-2330\" data-redirect=\"false\" >\n\t20170930 - Oblastn\u00ed st\u0159eleck\u00e1 sout\u011b\u017e SP 30+30 5.kolo\t(sta\u017eeno 914\u00d7 \t)\n<\/a>\n<\/li>\n<li><a  data-e-Disable-Page-Transition=\"true\" class=\"download-link\" title=\"\" href=\"https:\/\/www.sskslovany.cz?download=2650&amp;tmstv=1777141869\" rel=\"nofollow\" id=\"download-link-2650\" data-redirect=\"false\" >\n\t20171028 - VC Z\u0160 Sever (Pu)\t(sta\u017eeno 1199\u00d7 \t)\n<\/a>\n<\/li>\n<li><a  data-e-Disable-Page-Transition=\"true\" class=\"download-link\" title=\"\" href=\"https:\/\/www.sskslovany.cz?download=2653&amp;tmstv=1777141869\" rel=\"nofollow\" id=\"download-link-2653\" data-redirect=\"false\" >\n\t20171028 - Dukl\u00e1ck\u00e1 ml\u00e1de\u017enick\u00e1 liga 1. kolo\t(sta\u017eeno 1071\u00d7 \t)\n<\/a>\n<\/li>\n<li><a  data-e-Disable-Page-Transition=\"true\" class=\"download-link\" title=\"\" href=\"https:\/\/www.sskslovany.cz?download=2664&amp;tmstv=1777141869\" rel=\"nofollow\" id=\"download-link-2664\" data-redirect=\"false\" >\n\t20171029 - VC Z\u0160 Sever (Pi)\t(sta\u017eeno 1036\u00d7 \t)\n<\/a>\n<\/li>\n<li><a  data-e-Disable-Page-Transition=\"true\" class=\"download-link\" title=\"Verze 20171104-03\" href=\"https:\/\/www.sskslovany.cz?download=2693&amp;tmstv=1777141869\" rel=\"nofollow\" id=\"download-link-2693\" data-redirect=\"false\" >\n\t20171104 - VC Dukly, Memori\u00e1l J\u00e1ry Mot\u00e1ka\t(sta\u017eeno 1129\u00d7 \t)\n<\/a>\n<\/li>\n<li><a  data-e-Disable-Page-Transition=\"true\" class=\"download-link\" title=\"\" href=\"https:\/\/www.sskslovany.cz?download=2705&amp;tmstv=1777141869\" rel=\"nofollow\" id=\"download-link-2705\" data-redirect=\"false\" >\n\t20171111 - GP NISA\t(sta\u017eeno 1221\u00d7 \t)\n<\/a>\n<\/li>\n<li><a  data-e-Disable-Page-Transition=\"true\" class=\"download-link\" title=\"\" href=\"https:\/\/www.sskslovany.cz?download=2712&amp;tmstv=1777141869\" rel=\"nofollow\" id=\"download-link-2712\" data-redirect=\"false\" >\n\t20171112 - VC Str\u00e1\u017ee nad Nisou\t(sta\u017eeno 1135\u00d7 \t)\n<\/a>\n<\/li>\n<li><strong><a  data-e-Disable-Page-Transition=\"true\" class=\"download-link\" title=\"\" href=\"https:\/\/www.sskslovany.cz?download=2745&amp;tmstv=1777141869\" rel=\"nofollow\" id=\"download-link-2745\" data-redirect=\"false\" >\n\t20171116 - Slovansk\u00e1 elektronick\u00e1 liga 1. kolo\t(sta\u017eeno 1388\u00d7 \t)\n<\/a>\n<\/strong><\/li>\n<li><a  data-e-Disable-Page-Transition=\"true\" class=\"download-link\" title=\"\" href=\"https:\/\/www.sskslovany.cz?download=2783&amp;tmstv=1777141869\" rel=\"nofollow\" id=\"download-link-2783\" data-redirect=\"false\" >\n\t20171126 - GP RAPID Plze\u0148\t(sta\u017eeno 1136\u00d7 \t)\n<\/a>\n<\/li>\n<li><a  data-e-Disable-Page-Transition=\"true\" class=\"download-link\" title=\"Verze 20171212-02\" href=\"https:\/\/www.sskslovany.cz?download=2791&amp;tmstv=1777141869\" rel=\"nofollow\" id=\"download-link-2791\" data-redirect=\"false\" >\n\t20171210 - GP Praha\t(sta\u017eeno 907\u00d7 \t)\n<\/a>\n<\/li>\n<li><strong><a  data-e-Disable-Page-Transition=\"true\" class=\"download-link\" title=\"\" href=\"https:\/\/www.sskslovany.cz?download=2800&amp;tmstv=1777141869\" rel=\"nofollow\" id=\"download-link-2800\" data-redirect=\"false\" >\n\t20171214 - Slovansk\u00e1 elektronick\u00e1 liga - 2. kolo\t(sta\u017eeno 1403\u00d7 \t)\n<\/a>\n<\/strong><\/li>\n<li><strong><a  data-e-Disable-Page-Transition=\"true\" class=\"download-link\" title=\"\" href=\"https:\/\/www.sskslovany.cz?download=2813&amp;tmstv=1777141869\" rel=\"nofollow\" id=\"download-link-2813\" data-redirect=\"false\" >\n\t20171216 - V\u00e1no\u010dn\u00ed vzduchovka\t(sta\u017eeno 1347\u00d7 \t)\n<\/a>\n<\/strong><\/li>\n<\/ul>\n","protected":false},"excerpt":{"rendered":"","protected":false},"author":1,"featured_media":0,"parent":0,"menu_order":1,"comment_status":"closed","ping_status":"closed","template":"","meta":{"_crdt_document":"","footnotes":""},"class_list":["post-962","page","type-page","status-publish","hentry"],"_links":{"self":[{"href":"https:\/\/www.sskslovany.cz\/index.php?rest_route=\/wp\/v2\/pages\/962","targetHints":{"allow":["GET"]}}],"collection":[{"href":"https:\/\/www.sskslovany.cz\/index.php?rest_route=\/wp\/v2\/pages"}],"about":[{"href":"https:\/\/www.sskslovany.cz\/index.php?rest_route=\/wp\/v2\/types\/page"}],"author":[{"embeddable":true,"href":"https:\/\/www.sskslovany.cz\/index.php?rest_route=\/wp\/v2\/users\/1"}],"replies":[{"embeddable":true,"href":"https:\/\/www.sskslovany.cz\/index.php?rest_route=%2Fwp%2Fv2%2Fcomments&post=962"}],"version-history":[{"count":57,"href":"https:\/\/www.sskslovany.cz\/index.php?rest_route=\/wp\/v2\/pages\/962\/revisions"}],"predecessor-version":[{"id":2815,"href":"https:\/\/www.sskslovany.cz\/index.php?rest_route=\/wp\/v2\/pages\/962\/revisions\/2815"}],"wp:attachment":[{"href":"https:\/\/www.sskslovany.cz\/index.php?rest_route=%2Fwp%2Fv2%2Fmedia&parent=962"}],"curies":[{"name":"wp","href":"https:\/\/api.w.org\/{rel}","templated":true}]}}