{"id":915,"date":"2017-04-10T21:18:48","date_gmt":"2017-04-10T20:18:48","guid":{"rendered":"http:\/\/www.sskslovany.cz\/?page_id=915"},"modified":"2019-12-13T22:56:16","modified_gmt":"2019-12-13T21:56:16","slug":"propozice-2017","status":"publish","type":"page","link":"https:\/\/www.sskslovany.cz\/?page_id=915","title":{"rendered":"Propozice 2017"},"content":{"rendered":"<ul>\n<li><strong><a  data-e-Disable-Page-Transition=\"true\" class=\"download-link\" title=\"\" href=\"https:\/\/www.sskslovany.cz?download=953&amp;tmstv=1777141866\" rel=\"nofollow\" id=\"download-link-953\" data-redirect=\"false\" >\n\t20170107 - O poh\u00e1r SSK Plze\u0148 - Slovany\t(sta\u017eeno 1548\u00d7 \t)\n<\/a>\n<\/strong><\/li>\n<li><a  data-e-Disable-Page-Transition=\"true\" class=\"download-link\" title=\"\" href=\"https:\/\/www.sskslovany.cz?download=917&amp;tmstv=1777141866\" rel=\"nofollow\" id=\"download-link-917\" data-redirect=\"false\" >\n\t20170408 - Jarn\u00ed sout\u011b\u017e Dukly\t(sta\u017eeno 1089\u00d7 \t)\n<\/a>\n<\/li>\n<li><a  data-e-Disable-Page-Transition=\"true\" class=\"download-link\" title=\"\" href=\"https:\/\/www.sskslovany.cz?download=939&amp;tmstv=1777141866\" rel=\"nofollow\" id=\"download-link-939\" data-redirect=\"false\" >\n\t20170411 - Dukl\u00e1ck\u00e1 standardka\t(sta\u017eeno 891\u00d7 \t)\n<\/a>\n<\/li>\n<li><a  data-e-Disable-Page-Transition=\"true\" class=\"download-link\" title=\"\" href=\"https:\/\/www.sskslovany.cz?download=941&amp;tmstv=1777141866\" rel=\"nofollow\" id=\"download-link-941\" data-redirect=\"false\" >\n\t20170418-20170509 - Dukl\u00e1ck\u00e1 sportka ml\u00e1de\u017ee\t(sta\u017eeno 992\u00d7 \t)\n<\/a>\n<\/li>\n<li><a  data-e-Disable-Page-Transition=\"true\" class=\"download-link\" title=\"\" href=\"https:\/\/www.sskslovany.cz?download=943&amp;tmstv=1777141866\" rel=\"nofollow\" id=\"download-link-943\" data-redirect=\"false\" >\n\t20170419-20170614 - Dukl\u00e1ck\u00e1 rychlopalka\t(sta\u017eeno 917\u00d7 \t)\n<\/a>\n<\/li>\n<li><a  data-e-Disable-Page-Transition=\"true\" class=\"download-link\" title=\"\" href=\"https:\/\/www.sskslovany.cz?download=1033&amp;tmstv=1777141866\" rel=\"nofollow\" id=\"download-link-1033\" data-redirect=\"false\" >\n\t20170501 - M\u00e1jov\u00e1 cena Teplic\t(sta\u017eeno 1039\u00d7 \t)\n<\/a>\n<\/li>\n<li><strong><a  data-e-Disable-Page-Transition=\"true\" class=\"download-link\" title=\"Verze 2\" href=\"https:\/\/www.sskslovany.cz?download=1279&amp;tmstv=1777141866\" rel=\"nofollow\" id=\"download-link-1279\" data-redirect=\"false\" >\n\t20170507-20170917-Slovansk\u00e1 liga Lp 60\t(sta\u017eeno 981\u00d7 \t)\n<\/a>\n<\/strong><\/li>\n<li><strong><a  data-e-Disable-Page-Transition=\"true\" class=\"download-link\" title=\"\" href=\"https:\/\/www.sskslovany.cz?download=934&amp;tmstv=1777141866\" rel=\"nofollow\" id=\"download-link-934\" data-redirect=\"false\" >\n\t20170603 - Plze\u0148sk\u00fd revolver\t(sta\u017eeno 966\u00d7 \t)\n<\/a>\n<\/strong><\/li>\n<li><a  data-e-Disable-Page-Transition=\"true\" class=\"download-link\" title=\"\" href=\"https:\/\/www.sskslovany.cz?download=1168&amp;tmstv=1777141866\" rel=\"nofollow\" id=\"download-link-1168\" data-redirect=\"false\" >\n\t20170624 - Letni cena Chaloupek\t(sta\u017eeno 909\u00d7 \t)\n<\/a>\n<\/li>\n<li><strong><a  data-e-Disable-Page-Transition=\"true\" class=\"download-link\" title=\"\" href=\"https:\/\/www.sskslovany.cz?download=1212&amp;tmstv=1777141866\" rel=\"nofollow\" id=\"download-link-1212\" data-redirect=\"false\" >\n\t20170708 - Ko\u0161uteck\u00e1 Flinta 1\t(sta\u017eeno 1415\u00d7 \t)\n<\/a>\n<\/strong><\/li>\n<li><a  data-e-Disable-Page-Transition=\"true\" class=\"download-link\" title=\"\" href=\"https:\/\/www.sskslovany.cz?download=1241&amp;tmstv=1777141866\" rel=\"nofollow\" id=\"download-link-1241\" data-redirect=\"false\" >\n\t20170805 - VC SKP Psohlavec\t(sta\u017eeno 971\u00d7 \t)\n<\/a>\n<\/li>\n<li><a  data-e-Disable-Page-Transition=\"true\" class=\"download-link\" title=\"\" href=\"https:\/\/www.sskslovany.cz?download=2041&amp;tmstv=1777141866\" rel=\"nofollow\" id=\"download-link-2041\" data-redirect=\"false\" >\n\t20170902 - GP Liberec\t(sta\u017eeno 958\u00d7 \t)\n<\/a>\n<\/li>\n<li><a  data-e-Disable-Page-Transition=\"true\" class=\"download-link\" title=\"\" href=\"https:\/\/www.sskslovany.cz?download=1953&amp;tmstv=1777141866\" rel=\"nofollow\" id=\"download-link-1953\" data-redirect=\"false\" >\n\t20170902 - Poh\u00e1r Svornosti\t(sta\u017eeno 973\u00d7 \t)\n<\/a>\n<\/li>\n<li><a  data-e-Disable-Page-Transition=\"true\" class=\"download-link\" title=\"\" href=\"https:\/\/www.sskslovany.cz?download=2203&amp;tmstv=1777141866\" rel=\"nofollow\" id=\"download-link-2203\" data-redirect=\"false\" >\n\t20170903 - Podzimn\u00ed VC Novoles\t(sta\u017eeno 967\u00d7 \t)\n<\/a>\n<\/li>\n<li><strong><a  data-e-Disable-Page-Transition=\"true\" class=\"download-link\" title=\"\" href=\"https:\/\/www.sskslovany.cz?download=1874&amp;tmstv=1777141866\" rel=\"nofollow\" id=\"download-link-1874\" data-redirect=\"false\" >\n\t20170903 - Ko\u0161uteck\u00e1 flinta 2\t(sta\u017eeno 1407\u00d7 \t)\n<\/a>\n<\/strong><\/li>\n<li><a  data-e-Disable-Page-Transition=\"true\" class=\"download-link\" title=\"Verze 02\" href=\"https:\/\/www.sskslovany.cz?download=2222&amp;tmstv=1777141866\" rel=\"nofollow\" id=\"download-link-2222\" data-redirect=\"false\" >\n\t20170903 - Startovn\u00ed listiny Ko\u0161uteck\u00e1 flinta II\t(sta\u017eeno 1295\u00d7 \t)\n<\/a>\n<\/li>\n<li><a  data-e-Disable-Page-Transition=\"true\" class=\"download-link\" title=\"\" href=\"https:\/\/www.sskslovany.cz?download=2209&amp;tmstv=1777141866\" rel=\"nofollow\" id=\"download-link-2209\" data-redirect=\"false\" >\n\t20170928 - Podzimn\u00ed cena Teplic\t(sta\u017eeno 914\u00d7 \t)\n<\/a>\n<\/li>\n<li><a  data-e-Disable-Page-Transition=\"true\" class=\"download-link\" title=\"\" href=\"https:\/\/www.sskslovany.cz?download=2188&amp;tmstv=1777141866\" rel=\"nofollow\" id=\"download-link-2188\" data-redirect=\"false\" >\n\t20170930 - Podzimn\u00ed cena SSK \u00dajezd Sv. K\u0159\u00ed\u017ee\t(sta\u017eeno 1359\u00d7 \t)\n<\/a>\n<\/li>\n<li><a  data-e-Disable-Page-Transition=\"true\" class=\"download-link\" title=\"\" href=\"https:\/\/www.sskslovany.cz?download=2360&amp;tmstv=1777141866\" rel=\"nofollow\" id=\"download-link-2360\" data-redirect=\"false\" >\n\t20171014-20171015 - Olympi\u00e1da ml\u00e1de\u017ee (B\u0159ezov\u00e1)\t(sta\u017eeno 1129\u00d7 \t)\n<\/a>\n<\/li>\n<li><a  data-e-Disable-Page-Transition=\"true\" class=\"download-link\" title=\"\" href=\"https:\/\/www.sskslovany.cz?download=2334&amp;tmstv=1777141866\" rel=\"nofollow\" id=\"download-link-2334\" data-redirect=\"false\" >\n\t20171015-20180107 - Libereck\u00e1 vzduchovkov\u00e1 liga\t(sta\u017eeno 1617\u00d7 \t)\n<\/a>\n<\/li>\n<li><a  data-e-Disable-Page-Transition=\"true\" class=\"download-link\" title=\"\" href=\"https:\/\/www.sskslovany.cz?download=2454&amp;tmstv=1777141866\" rel=\"nofollow\" id=\"download-link-2454\" data-redirect=\"false\" >\n\t20171021 - Bud\u011bjick\u00e1 diabolka\t(sta\u017eeno 1064\u00d7 \t)\n<\/a>\n<\/li>\n<li><a  data-e-Disable-Page-Transition=\"true\" class=\"download-link\" title=\"\" href=\"https:\/\/www.sskslovany.cz?download=2347&amp;tmstv=1777141866\" rel=\"nofollow\" id=\"download-link-2347\" data-redirect=\"false\" >\n\t20171028 - VC Borku\t(sta\u017eeno 1179\u00d7 \t)\n<\/a>\n<\/li>\n<li><a  data-e-Disable-Page-Transition=\"true\" class=\"download-link\" title=\"\" href=\"https:\/\/www.sskslovany.cz?download=2548&amp;tmstv=1777141866\" rel=\"nofollow\" id=\"download-link-2548\" data-redirect=\"false\" >\n\t20171028-20171029 - VC Z\u0160 Sever\t(sta\u017eeno 1103\u00d7 \t)\n<\/a>\n<\/li>\n<li><a  data-e-Disable-Page-Transition=\"true\" class=\"download-link\" title=\"\" href=\"https:\/\/www.sskslovany.cz?download=2371&amp;tmstv=1777141866\" rel=\"nofollow\" id=\"download-link-2371\" data-redirect=\"false\" >\n\t20171028-20171216 - Dukl\u00e1ck\u00e1 ml\u00e1de\u017enick\u00e1 liga, 2017\t(sta\u017eeno 1254\u00d7 \t)\n<\/a>\n<\/li>\n<li><a  data-e-Disable-Page-Transition=\"true\" class=\"download-link\" title=\"\" href=\"https:\/\/www.sskslovany.cz?download=2356&amp;tmstv=1777141866\" rel=\"nofollow\" id=\"download-link-2356\" data-redirect=\"false\" >\n\t20171029-20171202 - Z\u00e1pado\u010desk\u00fd poh\u00e1r VzPi 2017\t(sta\u017eeno 866\u00d7 \t)\n<\/a>\n<\/li>\n<li><a  data-e-Disable-Page-Transition=\"true\" class=\"download-link\" title=\"\" href=\"https:\/\/www.sskslovany.cz?download=2478&amp;tmstv=1777141866\" rel=\"nofollow\" id=\"download-link-2478\" data-redirect=\"false\" >\n\t20171029-20180225 - Karlovarsk\u00e1 liga VzPi\t(sta\u017eeno 1555\u00d7 \t)\n<\/a>\n<\/li>\n<li><a  data-e-Disable-Page-Transition=\"true\" class=\"download-link\" title=\"\" href=\"https:\/\/www.sskslovany.cz?download=2445&amp;tmstv=1777141866\" rel=\"nofollow\" id=\"download-link-2445\" data-redirect=\"false\" >\n\t20171104 - VC Dukly, Memori\u00e1l J\u00e1ry Mot\u00e1ka\t(sta\u017eeno 1099\u00d7 \t)\n<\/a>\n<\/li>\n<li><a  data-e-Disable-Page-Transition=\"true\" class=\"download-link\" title=\"\" href=\"https:\/\/www.sskslovany.cz?download=2528&amp;tmstv=1777141866\" rel=\"nofollow\" id=\"download-link-2528\" data-redirect=\"false\" >\n\t20171104 - VC Dukly (VzPi), 2. kolo Z\u010d poh\u00e1ru\t(sta\u017eeno 1247\u00d7 \t)\n<\/a>\n<\/li>\n<li><a  data-e-Disable-Page-Transition=\"true\" class=\"download-link\" title=\"\" href=\"https:\/\/www.sskslovany.cz?download=2496&amp;tmstv=1777141866\" rel=\"nofollow\" id=\"download-link-2496\" data-redirect=\"false\" >\n\t20171111-20171112 - GP Nisa, VC Str\u00e1\u017ee nad Nisou\t(sta\u017eeno 1220\u00d7 \t)\n<\/a>\n<\/li>\n<li><strong><a  data-e-Disable-Page-Transition=\"true\" class=\"download-link\" title=\"Verze 02-20171024\" href=\"https:\/\/www.sskslovany.cz?download=2310&amp;tmstv=1777141866\" rel=\"nofollow\" id=\"download-link-2310\" data-redirect=\"false\" >\n\t20171116-20180304 - Slovansk\u00e1 Elektronick\u00e1 Liga\t(sta\u017eeno 1899\u00d7 \t)\n<\/a>\n<\/strong><\/li>\n<li><a  data-e-Disable-Page-Transition=\"true\" class=\"download-link\" title=\"\" href=\"https:\/\/www.sskslovany.cz?download=2675&amp;tmstv=1777141866\" rel=\"nofollow\" id=\"download-link-2675\" data-redirect=\"false\" >\n\t20171118-20171119 - VC Sezemic\t(sta\u017eeno 1200\u00d7 \t)\n<\/a>\n<\/li>\n<li><a  data-e-Disable-Page-Transition=\"true\" class=\"download-link\" title=\"\" href=\"https:\/\/www.sskslovany.cz?download=2503&amp;tmstv=1777141866\" rel=\"nofollow\" id=\"download-link-2503\" data-redirect=\"false\" >\n\t20171125-20171126 - GP Rapid Plze\u0148\t(sta\u017eeno 1099\u00d7 \t)\n<\/a>\n<\/li>\n<li><a  data-e-Disable-Page-Transition=\"true\" class=\"download-link\" title=\"\" href=\"https:\/\/www.sskslovany.cz?download=2466&amp;tmstv=1777141866\" rel=\"nofollow\" id=\"download-link-2466\" data-redirect=\"false\" >\n\t20171125-20180224 - Karlovarsk\u00e1 liga VzPu\t(sta\u017eeno 1560\u00d7 \t)\n<\/a>\n<\/li>\n<li><a  data-e-Disable-Page-Transition=\"true\" class=\"download-link\" title=\"\" href=\"https:\/\/www.sskslovany.cz?download=2509&amp;tmstv=1777141866\" rel=\"nofollow\" id=\"download-link-2509\" data-redirect=\"false\" >\n\t20171208-20171210 - GP Praha\t(sta\u017eeno 1106\u00d7 \t)\n<\/a>\n<\/li>\n<li><strong><a  data-e-Disable-Page-Transition=\"true\" class=\"download-link\" title=\"\" href=\"https:\/\/www.sskslovany.cz?download=2574&amp;tmstv=1777141866\" rel=\"nofollow\" id=\"download-link-2574\" data-redirect=\"false\" >\n\t20171216-20180303 - Vzduchov\u00e1 pistole na Ko\u0161utce\t(sta\u017eeno 1669\u00d7 \t)\n<\/a>\n<\/strong><\/li>\n<\/ul>\n","protected":false},"excerpt":{"rendered":"","protected":false},"author":1,"featured_media":0,"parent":0,"menu_order":0,"comment_status":"closed","ping_status":"closed","template":"","meta":{"_crdt_document":"","footnotes":""},"class_list":["post-915","page","type-page","status-publish","hentry"],"_links":{"self":[{"href":"https:\/\/www.sskslovany.cz\/index.php?rest_route=\/wp\/v2\/pages\/915","targetHints":{"allow":["GET"]}}],"collection":[{"href":"https:\/\/www.sskslovany.cz\/index.php?rest_route=\/wp\/v2\/pages"}],"about":[{"href":"https:\/\/www.sskslovany.cz\/index.php?rest_route=\/wp\/v2\/types\/page"}],"author":[{"embeddable":true,"href":"https:\/\/www.sskslovany.cz\/index.php?rest_route=\/wp\/v2\/users\/1"}],"replies":[{"embeddable":true,"href":"https:\/\/www.sskslovany.cz\/index.php?rest_route=%2Fwp%2Fv2%2Fcomments&post=915"}],"version-history":[{"count":37,"href":"https:\/\/www.sskslovany.cz\/index.php?rest_route=\/wp\/v2\/pages\/915\/revisions"}],"predecessor-version":[{"id":2677,"href":"https:\/\/www.sskslovany.cz\/index.php?rest_route=\/wp\/v2\/pages\/915\/revisions\/2677"}],"wp:attachment":[{"href":"https:\/\/www.sskslovany.cz\/index.php?rest_route=%2Fwp%2Fv2%2Fmedia&parent=915"}],"curies":[{"name":"wp","href":"https:\/\/api.w.org\/{rel}","templated":true}]}}