{"id":884,"date":"2017-04-05T08:26:36","date_gmt":"2017-04-05T07:26:36","guid":{"rendered":"http:\/\/www.sskslovany.cz\/?page_id=884"},"modified":"2022-03-20T16:51:12","modified_gmt":"2022-03-20T15:51:12","slug":"list-of-registered-competitors","status":"publish","type":"page","link":"https:\/\/www.sskslovany.cz\/?page_id=884","title":{"rendered":"List of registered competitors 2017"},"content":{"rendered":"<h4 style=\"text-align: center;\">CZECH SHOOTING FEDERATION<\/h4>\n<h3 style=\"text-align: center;\">INTERNATIONAL CHAMPIONSHIP<br \/>\nOF THE CZECH REPUBLIC<br \/>\nIN SPORT SHOOTING OF VETERANS<\/h3>\n<h4 style=\"text-align: center;\">16. &#8211; 18. 6. 2017<\/h4>\n<hr width=\"80%\" align=\"center\">\n<p><!-- Vlo\u017een\u00fd r\u00e1m Seznam sout\u011b\u017e\u00edc\u00edch --><\/p>\n<div align=\"center\">\n<p><iframe loading=\"lazy\" src=\"https:\/\/docs.google.com\/spreadsheets\/d\/1qwdU0UmLa96rXKoqA4UOYIBvnL7tHpLT0_dXtUFxD3s\/pubhtml?gid=0&amp;single=true&amp;widget=true&amp;headers=false\" width=\"720\" height=\"600\" frameborder=\"0\"><\/iframe><\/p>\n<p><!-- KONEC Vlo\u017een\u00fd r\u00e1m Seznam sout\u011b\u017e\u00edc\u00edch --><\/p>\n<hr width=\"80%\" align=\"center\">\n<\/div>\n","protected":false},"excerpt":{"rendered":"<p>CZECH SHOOTING FEDERATION INTERNATIONAL CHAMPIONSHIP OF THE CZECH REPUBLIC IN SPORT SHOOTING OF VETERANS 16. &#8211; 18. 6. 2017<\/p>\n","protected":false},"author":1,"featured_media":0,"parent":0,"menu_order":0,"comment_status":"closed","ping_status":"closed","template":"","meta":{"_crdt_document":"","footnotes":""},"class_list":["post-884","page","type-page","status-publish","hentry"],"_links":{"self":[{"href":"https:\/\/www.sskslovany.cz\/index.php?rest_route=\/wp\/v2\/pages\/884","targetHints":{"allow":["GET"]}}],"collection":[{"href":"https:\/\/www.sskslovany.cz\/index.php?rest_route=\/wp\/v2\/pages"}],"about":[{"href":"https:\/\/www.sskslovany.cz\/index.php?rest_route=\/wp\/v2\/types\/page"}],"author":[{"embeddable":true,"href":"https:\/\/www.sskslovany.cz\/index.php?rest_route=\/wp\/v2\/users\/1"}],"replies":[{"embeddable":true,"href":"https:\/\/www.sskslovany.cz\/index.php?rest_route=%2Fwp%2Fv2%2Fcomments&post=884"}],"version-history":[{"count":7,"href":"https:\/\/www.sskslovany.cz\/index.php?rest_route=\/wp\/v2\/pages\/884\/revisions"}],"predecessor-version":[{"id":6682,"href":"https:\/\/www.sskslovany.cz\/index.php?rest_route=\/wp\/v2\/pages\/884\/revisions\/6682"}],"wp:attachment":[{"href":"https:\/\/www.sskslovany.cz\/index.php?rest_route=%2Fwp%2Fv2%2Fmedia&parent=884"}],"curies":[{"name":"wp","href":"https:\/\/api.w.org\/{rel}","templated":true}]}}