{"id":8659,"date":"2025-12-10T17:04:37","date_gmt":"2025-12-10T16:04:37","guid":{"rendered":"https:\/\/www.sskslovany.cz\/?page_id=8659"},"modified":"2025-12-10T17:27:58","modified_gmt":"2025-12-10T16:27:58","slug":"slopo-2026-prihlaska","status":"publish","type":"page","link":"https:\/\/www.sskslovany.cz\/?page_id=8659","title":{"rendered":"SloPo 2026 &#8211; P\u0159ihl\u00e1\u0161ka"},"content":{"rendered":"\n<hr class=\"wp-block-separator has-alpha-channel-opacity\"\/>\n\n\n\n<p style=\"text-align: center;\"><iframe loading=\"lazy\" src=\"https:\/\/docs.google.com\/spreadsheets\/d\/e\/2PACX-1vRWusgLClke9SfogWjlHrTv6aJlZ8NsG0fAtOAo_6NJ_VZVaUBJ5-C_bBxMjS3uXmG7KirjyOugy7S_\/pubhtml?gid=1492796464&amp;range=A1:E8&amp;single=true&amp;widget=false&amp;chrome=false&amp;headers=false\" width=\"520\" height=\"150\"><\/iframe><\/p>\n\n\n\n<iframe loading=\"lazy\" src=\"https:\/\/docs.google.com\/spreadsheets\/d\/e\/2PACX-1vRWusgLClke9SfogWjlHrTv6aJlZ8NsG0fAtOAo_6NJ_VZVaUBJ5-C_bBxMjS3uXmG7KirjyOugy7S_\/pubhtml?gid=1&amp;single=true&amp;widget=false&amp;chrome=false&amp;headers=false\" width=\"100%\" height=\"300\" valign=\"center\"><\/iframe>\n\n\n\n<p class=\"wp-block-paragraph\"><mark style=\"background-color:rgba(0, 0, 0, 0)\" class=\"has-inline-color has-vivid-red-color\">Informace k seznamu zaregistrovan\u00fdch sout\u011b\u017e\u00edc\u00edch a po\u010dtu voln\u00fdch stanovi\u0161\u0165:<\/mark><\/p>\n\n\n\n<p class=\"wp-block-paragraph\">Tyto informace dopl\u0148ujeme na web manu\u00e1ln\u011b, tak\u017ee v\u00fd\u0161e um\u00edst\u011bn\u00e9 tabulky se seznamem registrovan\u00fdch sout\u011b\u017e\u00edc\u00edch a po\u010dty voln\u00fdch stanovi\u0161\u0165 se neaktualizuj\u00ed ihned po odesl\u00e1n\u00ed Va\u0161\u00ed p\u0159ihl\u00e1\u0161ky. Sna\u017e\u00edme se ale o co nejrychlej\u0161\u00ed registraci Va\u0161\u00ed p\u0159ihl\u00e1\u0161ky, tak\u017ee pokud V\u00e1m do dvou dn\u016f od odesl\u00e1n\u00ed p\u0159ihl\u00e1\u0161ky nedoraz\u00ed potvrzovac\u00ed email o registraci, ani V\u00e1mi p\u0159ihl\u00e1\u0161en\u00e9 z\u00e1vodn\u00edky nenaleznete v seznamu registrovan\u00fdch, kontaktujte n\u00e1s na emailu, nebo telefonn\u00edm \u010d\u00edsle uveden\u00e9m v <a href=\"https:\/\/www.sskslovany.cz?download=8643&amp;tmstv=1765383955\" target=\"_blank\" rel=\"noreferrer noopener nofollow\">propozic\u00edch<\/a>.<\/p>\n\n\n\n<p class=\"wp-block-paragraph\">Zda je V\u00e1mi po\u017eadovan\u00e1 sm\u011bna opravdu voln\u00e1, pozn\u00e1te ji\u017e p\u0159i vypl\u0148ov\u00e1n\u00ed elektronick\u00e9ho formul\u00e1\u0159e p\u0159ihl\u00e1\u0161ky po zad\u00e1n\u00ed po\u017eadovan\u00e9 sm\u011bny. O tom, \u017ee je sm\u011bna zapln\u011bna, V\u00e1s bude informovat chybov\u00e1 hl\u00e1\u0161ka a p\u0159ihl\u00e1\u0161ku nebude mo\u017en\u00e9 odeslat.<\/p>\n\n\n\n<hr class=\"wp-block-separator has-css-opacity\"\/>\n\n\n\n<p style=\"text-align: center;\"><iframe loading=\"lazy\" style=\"position: relative; width: 1px; min-width: 100%; *width: 100%;\" src=\"https:\/\/www.cognitoforms.com\/f\/jJMh4QYEYEi8SyFtqmideQ\/43\" scrolling=\"yes\" seamless=\"seamless\" width=\"100%\" height=\"1547\" frameborder=\"0\"><span style=\"display: inline-block; width: 0px; overflow: hidden; line-height: 0;\" data-mce-type=\"bookmark\" class=\"mce_SELRES_start\">\ufeff<\/span><\/iframe><br><script src=\"https:\/\/services.cognitoforms.com\/scripts\/embed.js\"><\/script><\/p>\n","protected":false},"excerpt":{"rendered":"<p>Informace k seznamu zaregistrovan\u00fdch sout\u011b\u017e\u00edc\u00edch a po\u010dtu voln\u00fdch stanovi\u0161\u0165: Tyto informace dopl\u0148ujeme na web manu\u00e1ln\u011b, tak\u017ee v\u00fd\u0161e um\u00edst\u011bn\u00e9 tabulky se seznamem registrovan\u00fdch sout\u011b\u017e\u00edc\u00edch a po\u010dty voln\u00fdch stanovi\u0161\u0165 se neaktualizuj\u00ed ihned [&hellip;]<\/p>\n","protected":false},"author":1,"featured_media":8646,"parent":0,"menu_order":0,"comment_status":"closed","ping_status":"closed","template":"page-nosidebar.php","meta":{"_crdt_document":"","footnotes":""},"class_list":["post-8659","page","type-page","status-publish","has-post-thumbnail","hentry","has_thumb"],"_links":{"self":[{"href":"https:\/\/www.sskslovany.cz\/index.php?rest_route=\/wp\/v2\/pages\/8659","targetHints":{"allow":["GET"]}}],"collection":[{"href":"https:\/\/www.sskslovany.cz\/index.php?rest_route=\/wp\/v2\/pages"}],"about":[{"href":"https:\/\/www.sskslovany.cz\/index.php?rest_route=\/wp\/v2\/types\/page"}],"author":[{"embeddable":true,"href":"https:\/\/www.sskslovany.cz\/index.php?rest_route=\/wp\/v2\/users\/1"}],"replies":[{"embeddable":true,"href":"https:\/\/www.sskslovany.cz\/index.php?rest_route=%2Fwp%2Fv2%2Fcomments&post=8659"}],"version-history":[{"count":9,"href":"https:\/\/www.sskslovany.cz\/index.php?rest_route=\/wp\/v2\/pages\/8659\/revisions"}],"predecessor-version":[{"id":8689,"href":"https:\/\/www.sskslovany.cz\/index.php?rest_route=\/wp\/v2\/pages\/8659\/revisions\/8689"}],"wp:featuredmedia":[{"embeddable":true,"href":"https:\/\/www.sskslovany.cz\/index.php?rest_route=\/wp\/v2\/media\/8646"}],"wp:attachment":[{"href":"https:\/\/www.sskslovany.cz\/index.php?rest_route=%2Fwp%2Fv2%2Fmedia&parent=8659"}],"curies":[{"name":"wp","href":"https:\/\/api.w.org\/{rel}","templated":true}]}}