{"id":8246,"date":"2025-01-05T14:39:23","date_gmt":"2025-01-05T13:39:23","guid":{"rendered":"https:\/\/www.sskslovany.cz\/?page_id=8246"},"modified":"2025-12-09T09:59:51","modified_gmt":"2025-12-09T08:59:51","slug":"vysledky-2025","status":"publish","type":"page","link":"https:\/\/www.sskslovany.cz\/?page_id=8246","title":{"rendered":"V\u00fdsledky 2025"},"content":{"rendered":"\n<ul class=\"wp-block-list\">\n<li><strong><a  data-e-Disable-Page-Transition=\"true\" class=\"download-link\" title=\"\" href=\"https:\/\/www.sskslovany.cz?download=8243&amp;tmstv=1777141254\" rel=\"nofollow\" id=\"download-link-8243\" data-redirect=\"false\" >\n\t20250104 - Slovansk\u00e1 elektronick\u00e1 liga 2024\/2025 - 2. kolo\t(sta\u017eeno 282\u00d7 \t)\n<\/a>\n<\/strong><\/li>\n\n\n\n<li><strong><a  data-e-Disable-Page-Transition=\"true\" class=\"download-link\" title=\"\" href=\"https:\/\/www.sskslovany.cz?download=8270&amp;tmstv=1777141254\" rel=\"nofollow\" id=\"download-link-8270\" data-redirect=\"false\" >\n\t20250111 - O poh\u00e1r SSK Plze\u0148 - Slovany (v\u00fdsledky)\t(sta\u017eeno 353\u00d7 \t)\n<\/a>\n<\/strong><\/li>\n\n\n\n<li><strong><a  data-e-Disable-Page-Transition=\"true\" class=\"download-link\" title=\"\" href=\"https:\/\/www.sskslovany.cz?download=8280&amp;tmstv=1777141254\" rel=\"nofollow\" id=\"download-link-8280\" data-redirect=\"false\" >\n\t20250201 - Slovansk\u00e1 elektronick\u00e1 liga 2024\/2025 - 3. kolo\t(sta\u017eeno 256\u00d7 \t)\n<\/a>\n<\/strong><\/li>\n\n\n\n<li><strong><a  data-e-Disable-Page-Transition=\"true\" class=\"download-link\" title=\"\" href=\"https:\/\/www.sskslovany.cz?download=8421&amp;tmstv=1777141254\" rel=\"nofollow\" id=\"download-link-8421\" data-redirect=\"false\" >\n\t20250301 - Slovansk\u00e1 elektronick\u00e1 liga 2024\/2025 - 4. kolo\t(sta\u017eeno 199\u00d7 \t)\n<\/a>\n<\/strong><\/li>\n\n\n\n<li><strong><a  data-e-Disable-Page-Transition=\"true\" class=\"download-link\" title=\"\" href=\"https:\/\/www.sskslovany.cz?download=8557&amp;tmstv=1777141254\" rel=\"nofollow\" id=\"download-link-8557\" data-redirect=\"false\" >\n\t20250627-20250627 - Results Championship of veterans 2025\t(sta\u017eeno 1277\u00d7 \t)\n<\/a>\n<\/strong><\/li>\n\n\n\n<li><strong><a  data-e-Disable-Page-Transition=\"true\" class=\"download-link\" title=\"\" href=\"https:\/\/www.sskslovany.cz?download=8663&amp;tmstv=1777141254\" rel=\"nofollow\" id=\"download-link-8663\" data-redirect=\"false\" >\n\t20251206 - Slovansk\u00e1 elektronick\u00e1 liga 2025\/2026 - 1. kolo\t(sta\u017eeno 87\u00d7 \t)\n<\/a>\n<\/strong><\/li>\n<\/ul>\n\n\n\n<p class=\"wp-block-paragraph\"><\/p>\n","protected":false},"excerpt":{"rendered":"","protected":false},"author":1,"featured_media":0,"parent":0,"menu_order":0,"comment_status":"closed","ping_status":"closed","template":"","meta":{"_crdt_document":"","footnotes":""},"class_list":["post-8246","page","type-page","status-publish","hentry"],"_links":{"self":[{"href":"https:\/\/www.sskslovany.cz\/index.php?rest_route=\/wp\/v2\/pages\/8246","targetHints":{"allow":["GET"]}}],"collection":[{"href":"https:\/\/www.sskslovany.cz\/index.php?rest_route=\/wp\/v2\/pages"}],"about":[{"href":"https:\/\/www.sskslovany.cz\/index.php?rest_route=\/wp\/v2\/types\/page"}],"author":[{"embeddable":true,"href":"https:\/\/www.sskslovany.cz\/index.php?rest_route=\/wp\/v2\/users\/1"}],"replies":[{"embeddable":true,"href":"https:\/\/www.sskslovany.cz\/index.php?rest_route=%2Fwp%2Fv2%2Fcomments&post=8246"}],"version-history":[{"count":6,"href":"https:\/\/www.sskslovany.cz\/index.php?rest_route=\/wp\/v2\/pages\/8246\/revisions"}],"predecessor-version":[{"id":8668,"href":"https:\/\/www.sskslovany.cz\/index.php?rest_route=\/wp\/v2\/pages\/8246\/revisions\/8668"}],"wp:attachment":[{"href":"https:\/\/www.sskslovany.cz\/index.php?rest_route=%2Fwp%2Fv2%2Fmedia&parent=8246"}],"curies":[{"name":"wp","href":"https:\/\/api.w.org\/{rel}","templated":true}]}}