{"id":8080,"date":"2024-08-19T10:44:50","date_gmt":"2024-08-19T08:44:50","guid":{"rendered":"https:\/\/www.sskslovany.cz\/?page_id=8080"},"modified":"2025-07-03T12:49:48","modified_gmt":"2025-07-03T10:49:48","slug":"veterans-2025","status":"publish","type":"page","link":"https:\/\/www.sskslovany.cz\/?page_id=8080","title":{"rendered":"Veterans 2025"},"content":{"rendered":"\n<h4 class=\"wp-block-heading has-text-align-center\">CZECH SHOOTING FEDERATION<\/h4>\n\n\n\n<h3 class=\"wp-block-heading has-text-align-center\" id=\"block-ddffc510-90a9-4401-8d47-5b49faa02d2f\">INTERNATIONAL CHAMPIONSHIP<br>OF THE CZECH REPUBLIC<br>IN SPORT SHOOTING OF VETERANS<br>27. &#8211; 29. 6. 2025<\/h3>\n\n\n\n<hr class=\"wp-block-separator has-css-opacity\"\/>\n\n\n\n<p class=\"has-text-align-center wp-block-paragraph\">| propozice | propositionen | propositions |<\/p>\n\n\n\n<p class=\"has-text-align-center wp-block-paragraph\">| propozice PDF (794kB) | propositionen PDF (856kB) | propositions PDF (856kB) |<\/p>\n\n\n\n<p class=\"has-text-align-center wp-block-paragraph\">| p\u0159ihl\u00e1\u0161ka | anmeldung | applications |<\/p>\n\n\n\n<p class=\"has-text-align-center wp-block-paragraph\">| p\u0159ihl\u00e1\u0161en\u00ed sout\u011b\u017e\u00edc\u00ed | Registrierte Wettbewerber | Registered competitors |<\/p>\n\n\n\n<p class=\"has-text-align-center wp-block-paragraph\">| startovn\u00ed listiny | Startlisten | Start Lists |<\/p>\n\n\n\n<hr class=\"wp-block-separator has-css-opacity\"\/>\n\n\n\n<p class=\"has-text-align-center wp-block-paragraph\">| <a rel=\"noreferrer noopener\" href=\"http:\/\/www.sskslovany.cz\/?page_id=649\" target=\"_blank\">Ubytov\u00e1n\u00ed v Plzni<\/a> | <a rel=\"noreferrer noopener\" href=\"http:\/\/www.sskslovany.cz\/?page_id=694\" target=\"_blank\">Unterkunft in Pilsen<\/a> | <a rel=\"noreferrer noopener\" href=\"http:\/\/www.sskslovany.cz\/?page_id=691\" target=\"_blank\">Accommodation in Pilsen<\/a> |<\/p>\n\n\n\n<hr class=\"wp-block-separator has-css-opacity\"\/>\n\n\n\n<h4 class=\"wp-block-heading has-text-align-center\">RESULTS LISTS<\/h4>\n\n\n\n<p class=\"has-text-align-center wp-block-paragraph\">| <a href=\"http:\/\/slovany.hyperlink.cz\/vysledky\/2004\/MMV\/Sezdisc.html\" target=\"_blank\" rel=\"noreferrer noopener\">2004<\/a> | <a href=\"http:\/\/slovany.hyperlink.cz\/vysledky\/2005\/MMV\/Sezdisc.html\" target=\"_blank\" rel=\"noreferrer noopener\">2005<\/a> | <a href=\"http:\/\/slovany.hyperlink.cz\/direct.php?kam=37\" target=\"_blank\" rel=\"noreferrer noopener\">2006<\/a> | <a href=\"http:\/\/slovany.hyperlink.cz\/direct.php?kam=81\" target=\"_blank\" rel=\"noreferrer noopener\">2007<\/a> | <a href=\"http:\/\/slovany.hyperlink.cz\/storage\/vys\/2008\/080622_ResultsMmv.pdf\" target=\"_blank\" rel=\"noreferrer noopener\">2008<\/a> | <a href=\"http:\/\/www.sskslovany.cz\/wp-content\/uploads\/2017\/03\/Vy-090628_Mmv.pdf\" target=\"_blank\" rel=\"noreferrer noopener\">2009<\/a> | <a href=\"http:\/\/slovany.hyperlink.cz\/download.php?soubor=318\" target=\"_blank\" rel=\"noreferrer noopener\">2010<\/a> | <a href=\"http:\/\/slovany.hyperlink.cz\/download.php?soubor=399\" target=\"_blank\" rel=\"noreferrer noopener\">2011<\/a> | <a href=\"http:\/\/slovany.hyperlink.cz\/direct.php?kam=183\" target=\"_blank\" rel=\"noreferrer noopener\">2012<\/a> | <a href=\"http:\/\/slovany.hyperlink.cz\/download.php?soubor=439\" target=\"_blank\" rel=\"noreferrer noopener\">2013<\/a> | <a href=\"http:\/\/slovany.hyperlink.cz\/download.php?soubor=471\" target=\"_blank\" rel=\"noreferrer noopener\">2014<\/a> | <a href=\"http:\/\/slovany.hyperlink.cz\/download.php?soubor=497\" target=\"_blank\" rel=\"noreferrer noopener\">2015<\/a> | <a href=\"http:\/\/slovany.hyperlink.cz\/download.php?soubor=526\" target=\"_blank\" rel=\"noreferrer noopener\">2016<\/a> | <a href=\"http:\/\/www.sskslovany.cz\/?download=1197\">2017<\/a> | <a href=\"http:\/\/www.sskslovany.cz\/?download=3436\">2018<\/a> | <a href=\"http:\/\/www.sskslovany.cz?download=4617\">2019<\/a> | <a href=\"https:\/\/www.sskslovany.cz?download=6897\" target=\"_blank\" rel=\"noreferrer noopener\">2022<\/a> | <a href=\"https:\/\/www.sskslovany.cz?download=7485&amp;tmstv=1686598137\" target=\"_blank\" rel=\"noreferrer noopener\">2023<\/a> | <a href=\"https:\/\/www.sskslovany.cz?download=8041\" target=\"_blank\" rel=\"noreferrer noopener nofollow\">2024<\/a> | <a href=\"https:\/\/www.sskslovany.cz?download=8557&amp;tmstv=1751370147\" target=\"_blank\" rel=\"noreferrer noopener nofollow\">2025<\/a> |<\/p>\n\n\n\n<hr class=\"wp-block-separator has-css-opacity\"\/>\n\n\n\n<h4 class=\"wp-block-heading has-text-align-center\">GALLERY<\/h4>\n\n\n\n<p class=\"has-text-align-center wp-block-paragraph\">| <a href=\"http:\/\/picasaweb.google.com\/frantapolacek\/ChampionshipOfVeterans\" target=\"_blank\" rel=\"noreferrer noopener\">2008 <\/a>| <a href=\"http:\/\/fpol.rajce.idnes.cz\/International_championship_of_veterans_2009\/\" target=\"_blank\" rel=\"noreferrer noopener\">2009 <\/a>| <a href=\"http:\/\/fpol.rajce.idnes.cz\/Veterans_championship_2010\/\" target=\"_blank\" rel=\"noreferrer noopener\">2010 <\/a>| <a href=\"http:\/\/fpol.rajce.net\/INTERNATIONAL_CHAMPIONSHIP_OF_THE_VETERANS_2011\" target=\"_blank\" rel=\"noreferrer noopener\">2011 <\/a>| <a href=\"http:\/\/fpol.rajce.idnes.cz\/INTERNATIONAL_CHAMPIONSHIP_OF_THE_VETERANS_2012\/\" target=\"_blank\" rel=\"noreferrer noopener\">2012 <\/a>| <a href=\"http:\/\/fpol.rajce.idnes.cz\/INTERNATIONAL_CHAMPIONSHIP_OF_THE_VETERANS_2013\/\" target=\"_blank\" rel=\"noreferrer noopener\">2013 <\/a>| <a href=\"http:\/\/fpol.rajce.idnes.cz\/INTERNATIONAL_CHAMPIONSHIP_OF_THE_VETERANS_2014\/\" target=\"_blank\" rel=\"noreferrer noopener\">2014<\/a> | <a href=\"http:\/\/fpol.rajce.idnes.cz\/INTERNATIONAL_CHAMPIONSHIP_OF_THE_VETERANS_2015\/\" target=\"_blank\" rel=\"noreferrer noopener\">2015<\/a> | <a href=\"http:\/\/fpol.rajce.idnes.cz\/INTERNATIONAL_CHAMPIONSHIP_OF_THE_VETERANS_2016\/\" target=\"_blank\" rel=\"noreferrer noopener\">2016<\/a> | <a href=\"http:\/\/fpol.rajce.idnes.cz\/INTERNATIONAL_CHAMPIONSHIP_OF_THE_VETERANS_2017\/\" target=\"_blank\" rel=\"noreferrer noopener\">2017<\/a> | <a href=\"https:\/\/www.rajce.net\/a15282424\" target=\"_blank\" rel=\"noreferrer noopener\">2018<\/a> | <a href=\"https:\/\/www.rajce.net\/a16216367\" target=\"_blank\" rel=\"noreferrer noopener\">2019<\/a> | <a href=\"https:\/\/www.rajce.net\/a18022021\" target=\"_blank\" rel=\"noreferrer noopener\">2022<\/a> | <a href=\"https:\/\/www.rajce.net\/a18546403\" target=\"_blank\" rel=\"noreferrer noopener\">2023<\/a> | <a href=\"https:\/\/www.rajce.idnes.cz\/fpol\/album\/international-championship-of-veterans-2024\" target=\"_blank\" rel=\"noreferrer noopener nofollow\">2024<\/a> | <a href=\"https:\/\/rajce.net\/fpol\/album\/international-championship-of-veterans-2025\" target=\"_blank\" rel=\"noreferrer noopener nofollow\">2025<\/a> + <a href=\"https:\/\/www.rajce.idnes.cz\/milospistol\/album\/mistrovstvi-veteranu-2025\" target=\"_blank\" rel=\"noreferrer noopener nofollow\">Album p. Milo\u0161e Cvrka<\/a> |<\/p>\n\n\n\n<hr class=\"wp-block-separator has-css-opacity\"\/>\n\n\n\n<p class=\"wp-block-paragraph\"><\/p>\n","protected":false},"excerpt":{"rendered":"<p>CZECH SHOOTING FEDERATION INTERNATIONAL CHAMPIONSHIPOF THE CZECH REPUBLICIN SPORT SHOOTING OF VETERANS27. &#8211; 29. 6. 2025 | propozice | propositionen | propositions | | propozice PDF (794kB) | propositionen PDF [&hellip;]<\/p>\n","protected":false},"author":1,"featured_media":0,"parent":0,"menu_order":0,"comment_status":"closed","ping_status":"closed","template":"page-nosidebar.php","meta":{"_crdt_document":"","footnotes":""},"class_list":["post-8080","page","type-page","status-publish","hentry"],"_links":{"self":[{"href":"https:\/\/www.sskslovany.cz\/index.php?rest_route=\/wp\/v2\/pages\/8080","targetHints":{"allow":["GET"]}}],"collection":[{"href":"https:\/\/www.sskslovany.cz\/index.php?rest_route=\/wp\/v2\/pages"}],"about":[{"href":"https:\/\/www.sskslovany.cz\/index.php?rest_route=\/wp\/v2\/types\/page"}],"author":[{"embeddable":true,"href":"https:\/\/www.sskslovany.cz\/index.php?rest_route=\/wp\/v2\/users\/1"}],"replies":[{"embeddable":true,"href":"https:\/\/www.sskslovany.cz\/index.php?rest_route=%2Fwp%2Fv2%2Fcomments&post=8080"}],"version-history":[{"count":9,"href":"https:\/\/www.sskslovany.cz\/index.php?rest_route=\/wp\/v2\/pages\/8080\/revisions"}],"predecessor-version":[{"id":8573,"href":"https:\/\/www.sskslovany.cz\/index.php?rest_route=\/wp\/v2\/pages\/8080\/revisions\/8573"}],"wp:attachment":[{"href":"https:\/\/www.sskslovany.cz\/index.php?rest_route=%2Fwp%2Fv2%2Fmedia&parent=8080"}],"curies":[{"name":"wp","href":"https:\/\/api.w.org\/{rel}","templated":true}]}}