{"id":7784,"date":"2024-01-06T23:26:07","date_gmt":"2024-01-06T22:26:07","guid":{"rendered":"https:\/\/www.sskslovany.cz\/?page_id=7784"},"modified":"2024-12-03T23:29:47","modified_gmt":"2024-12-03T22:29:47","slug":"vysledky-2024","status":"publish","type":"page","link":"https:\/\/www.sskslovany.cz\/?page_id=7784","title":{"rendered":"V\u00fdsledky 2024"},"content":{"rendered":"\n<ul class=\"wp-block-list\">\n<li><strong><a  data-e-Disable-Page-Transition=\"true\" class=\"download-link\" title=\"\" href=\"https:\/\/www.sskslovany.cz?download=7779&amp;tmstv=1777141256\" rel=\"nofollow\" id=\"download-link-7779\" data-redirect=\"false\" >\n\t20240106 - O poh\u00e1r SSK Plze\u0148 - Slovany\t(sta\u017eeno 447\u00d7 \t)\n<\/a>\n<\/strong><\/li>\n\n\n\n<li><strong><a  data-e-Disable-Page-Transition=\"true\" class=\"download-link\" title=\"\" href=\"https:\/\/www.sskslovany.cz?download=7882&amp;tmstv=1777141256\" rel=\"nofollow\" id=\"download-link-7882\" data-redirect=\"false\" >\n\t20240210 - Slovansk\u00e1 elektronick\u00e1 liga VzPu - 3. kolo\t(sta\u017eeno 502\u00d7 \t)\n<\/a>\n<\/strong><\/li>\n\n\n\n<li><strong><a  data-e-Disable-Page-Transition=\"true\" class=\"download-link\" title=\"\" href=\"https:\/\/www.sskslovany.cz?download=7885&amp;tmstv=1777141256\" rel=\"nofollow\" id=\"download-link-7885\" data-redirect=\"false\" >\n\t20240211 - Slovansk\u00e1 elektronick\u00e1 liga VzPi - 3. kolo\t(sta\u017eeno 434\u00d7 \t)\n<\/a>\n<\/strong><\/li>\n\n\n\n<li><strong><a  data-e-Disable-Page-Transition=\"true\" class=\"download-link\" title=\"\" href=\"https:\/\/www.sskslovany.cz?download=7894&amp;tmstv=1777141256\" rel=\"nofollow\" id=\"download-link-7894\" data-redirect=\"false\" >\n\t20240224 - Slovansk\u00e1 elektronick\u00e1 liga VzPu - 4. kolo\t(sta\u017eeno 512\u00d7 \t)\n<\/a>\n<\/strong><\/li>\n\n\n\n<li><strong><a  data-e-Disable-Page-Transition=\"true\" class=\"download-link\" title=\"\" href=\"https:\/\/www.sskslovany.cz?download=7897&amp;tmstv=1777141256\" rel=\"nofollow\" id=\"download-link-7897\" data-redirect=\"false\" >\n\t20240225 - Slovansk\u00e1 elektronick\u00e1 liga VzPi - 4. kolo\t(sta\u017eeno 437\u00d7 \t)\n<\/a>\n<\/strong><\/li>\n\n\n\n<li><strong><a  data-e-Disable-Page-Transition=\"true\" class=\"download-link\" title=\"\" href=\"https:\/\/www.sskslovany.cz?download=7912&amp;tmstv=1777141256\" rel=\"nofollow\" id=\"download-link-7912\" data-redirect=\"false\" >\n\t20240316 - Slovansk\u00e1 elektronick\u00e1 liga VzPu - FIN\u00c1LE\t(sta\u017eeno 522\u00d7 \t)\n<\/a>\n<\/strong><\/li>\n\n\n\n<li><strong><a  data-e-Disable-Page-Transition=\"true\" class=\"download-link\" title=\"\" href=\"https:\/\/www.sskslovany.cz?download=7915&amp;tmstv=1777141256\" rel=\"nofollow\" id=\"download-link-7915\" data-redirect=\"false\" >\n\t20240317 - Slovansk\u00e1 elektronick\u00e1 liga VzPi - FIN\u00c1LE\t(sta\u017eeno 442\u00d7 \t)\n<\/a>\n<\/strong><\/li>\n\n\n\n<li><strong><a  data-e-Disable-Page-Transition=\"true\" class=\"download-link\" title=\"\" href=\"https:\/\/www.sskslovany.cz?download=8041&amp;tmstv=1777141256\" rel=\"nofollow\" id=\"download-link-8041\" data-redirect=\"false\" >\n\t20240607-20240609 - Championship of Veterans\t(sta\u017eeno 2186\u00d7 \t)\n<\/a>\n<\/strong><\/li>\n\n\n\n<li><strong><a  data-e-Disable-Page-Transition=\"true\" class=\"download-link\" title=\"\" href=\"https:\/\/www.sskslovany.cz?download=8213&amp;tmstv=1777141256\" rel=\"nofollow\" id=\"download-link-8213\" data-redirect=\"false\" >\n\t20241130 - Slovansk\u00e1 elektronick\u00e1 liga 2024 \/ 2025 - 1. kolo\t(sta\u017eeno 256\u00d7 \t)\n<\/a>\n<\/strong><\/li>\n<\/ul>\n","protected":false},"excerpt":{"rendered":"","protected":false},"author":1,"featured_media":0,"parent":0,"menu_order":0,"comment_status":"closed","ping_status":"closed","template":"","meta":{"_crdt_document":"","footnotes":""},"class_list":["post-7784","page","type-page","status-publish","hentry"],"_links":{"self":[{"href":"https:\/\/www.sskslovany.cz\/index.php?rest_route=\/wp\/v2\/pages\/7784","targetHints":{"allow":["GET"]}}],"collection":[{"href":"https:\/\/www.sskslovany.cz\/index.php?rest_route=\/wp\/v2\/pages"}],"about":[{"href":"https:\/\/www.sskslovany.cz\/index.php?rest_route=\/wp\/v2\/types\/page"}],"author":[{"embeddable":true,"href":"https:\/\/www.sskslovany.cz\/index.php?rest_route=\/wp\/v2\/users\/1"}],"replies":[{"embeddable":true,"href":"https:\/\/www.sskslovany.cz\/index.php?rest_route=%2Fwp%2Fv2%2Fcomments&post=7784"}],"version-history":[{"count":7,"href":"https:\/\/www.sskslovany.cz\/index.php?rest_route=\/wp\/v2\/pages\/7784\/revisions"}],"predecessor-version":[{"id":8217,"href":"https:\/\/www.sskslovany.cz\/index.php?rest_route=\/wp\/v2\/pages\/7784\/revisions\/8217"}],"wp:attachment":[{"href":"https:\/\/www.sskslovany.cz\/index.php?rest_route=%2Fwp%2Fv2%2Fmedia&parent=7784"}],"curies":[{"name":"wp","href":"https:\/\/api.w.org\/{rel}","templated":true}]}}