{"id":7305,"date":"2023-01-26T10:58:43","date_gmt":"2023-01-26T09:58:43","guid":{"rendered":"https:\/\/www.sskslovany.cz\/?page_id=7305"},"modified":"2023-06-16T08:52:02","modified_gmt":"2023-06-16T06:52:02","slug":"vetrans-2023","status":"publish","type":"page","link":"https:\/\/www.sskslovany.cz\/?page_id=7305","title":{"rendered":"Veterans 2023"},"content":{"rendered":"\n<h4 class=\"wp-block-heading has-text-align-center\">CZECH SHOOTING FEDERATION<\/h4>\n\n\n\n<h3 class=\"wp-block-heading has-text-align-center\" id=\"block-ddffc510-90a9-4401-8d47-5b49faa02d2f\">INTERNATIONAL CHAMPIONSHIP<br>OF THE CZECH REPUBLIC<br>IN SPORT SHOOTING OF VETERANS<\/h3>\n\n\n\n<h4 class=\"wp-block-heading has-text-align-center\">9. &#8211; 11. 6. 2023<\/h4>\n\n\n\n<hr class=\"wp-block-separator has-css-opacity\"\/>\n\n\n\n<p class=\"has-text-align-center wp-block-paragraph\">| propozice | propositionen | propositions |<\/p>\n\n\n\n<p class=\"has-text-align-center wp-block-paragraph\">| propozice PDF (649KB) | propositionen (720KB) | propositions  (720KB) |<\/p>\n\n\n\n<p class=\"has-text-align-center wp-block-paragraph\">| p\u0159ihl\u00e1\u0161ka | anmeldung | applications |<\/p>\n\n\n\n<p class=\"has-text-align-center wp-block-paragraph\">| startovn\u00ed listiny | Startlisten | Start Lists | <\/p>\n\n\n\n<p class=\"has-text-align-center wp-block-paragraph\">| p\u0159ihl\u00e1\u0161en\u00ed sout\u011b\u017e\u00edc\u00ed | Registrierte Wettbewerber | Registered competitors |<\/p>\n\n\n\n<hr class=\"wp-block-separator has-css-opacity\"\/>\n\n\n\n<p class=\"has-text-align-center wp-block-paragraph\">| <a rel=\"noreferrer noopener\" href=\"http:\/\/www.sskslovany.cz\/?page_id=649\" target=\"_blank\">Ubytov\u00e1n\u00ed v Plzni<\/a> | <a rel=\"noreferrer noopener\" href=\"http:\/\/www.sskslovany.cz\/?page_id=694\" target=\"_blank\">Unterkunft in Pilsen<\/a> | <a rel=\"noreferrer noopener\" href=\"http:\/\/www.sskslovany.cz\/?page_id=691\" target=\"_blank\">Accommodation in Pilsen<\/a> |<\/p>\n\n\n\n<hr class=\"wp-block-separator has-css-opacity\"\/>\n\n\n\n<h4 class=\"wp-block-heading has-text-align-center\">RESULTS LISTS<\/h4>\n\n\n\n<p class=\"has-text-align-center wp-block-paragraph\">| <a rel=\"noreferrer noopener\" href=\"http:\/\/slovany.hyperlink.cz\/vysledky\/2004\/MMV\/Sezdisc.html\" target=\"_blank\">2004<\/a> | <a rel=\"noreferrer noopener\" href=\"http:\/\/slovany.hyperlink.cz\/vysledky\/2005\/MMV\/Sezdisc.html\" target=\"_blank\">2005<\/a> | <a rel=\"noreferrer noopener\" href=\"http:\/\/slovany.hyperlink.cz\/direct.php?kam=37\" target=\"_blank\">2006<\/a> | <a rel=\"noreferrer noopener\" href=\"http:\/\/slovany.hyperlink.cz\/direct.php?kam=81\" target=\"_blank\">2007<\/a> | <a rel=\"noreferrer noopener\" href=\"http:\/\/slovany.hyperlink.cz\/storage\/vys\/2008\/080622_ResultsMmv.pdf\" target=\"_blank\">2008<\/a> | <a rel=\"noreferrer noopener\" href=\"http:\/\/www.sskslovany.cz\/wp-content\/uploads\/2017\/03\/Vy-090628_Mmv.pdf\" target=\"_blank\">2009<\/a> | <a rel=\"noreferrer noopener\" href=\"http:\/\/slovany.hyperlink.cz\/download.php?soubor=318\" target=\"_blank\">2010<\/a> | <a rel=\"noreferrer noopener\" href=\"http:\/\/slovany.hyperlink.cz\/download.php?soubor=399\" target=\"_blank\">2011<\/a> | <a rel=\"noreferrer noopener\" href=\"http:\/\/slovany.hyperlink.cz\/direct.php?kam=183\" target=\"_blank\">2012<\/a> | <a rel=\"noreferrer noopener\" href=\"http:\/\/slovany.hyperlink.cz\/download.php?soubor=439\" target=\"_blank\">2013<\/a> | <a rel=\"noreferrer noopener\" href=\"http:\/\/slovany.hyperlink.cz\/download.php?soubor=471\" target=\"_blank\">2014<\/a> | <a rel=\"noreferrer noopener\" href=\"http:\/\/slovany.hyperlink.cz\/download.php?soubor=497\" target=\"_blank\">2015<\/a> | <a rel=\"noreferrer noopener\" href=\"http:\/\/slovany.hyperlink.cz\/download.php?soubor=526\" target=\"_blank\">2016<\/a> | <a href=\"http:\/\/www.sskslovany.cz\/?download=1197\">2017<\/a> | <a href=\"http:\/\/www.sskslovany.cz\/?download=3436\">2018<\/a> | <a href=\"http:\/\/www.sskslovany.cz?download=4617\">2019<\/a> | <a rel=\"noreferrer noopener\" href=\"https:\/\/www.sskslovany.cz?download=6897\" target=\"_blank\">2022<\/a> | <a href=\"https:\/\/www.sskslovany.cz?download=7485&amp;tmstv=1686598137\" target=\"_blank\" rel=\"noreferrer noopener\">2023<\/a> |<\/p>\n\n\n\n<hr class=\"wp-block-separator has-css-opacity\"\/>\n\n\n\n<h4 class=\"wp-block-heading has-text-align-center\">GALLERY<\/h4>\n\n\n\n<p class=\"has-text-align-center wp-block-paragraph\">| <a rel=\"noreferrer noopener\" href=\"http:\/\/picasaweb.google.com\/frantapolacek\/ChampionshipOfVeterans\" target=\"_blank\">2008 <\/a>| <a rel=\"noreferrer noopener\" href=\"http:\/\/fpol.rajce.idnes.cz\/International_championship_of_veterans_2009\/\" target=\"_blank\">2009 <\/a>| <a rel=\"noreferrer noopener\" href=\"http:\/\/fpol.rajce.idnes.cz\/Veterans_championship_2010\/\" target=\"_blank\">2010 <\/a>| <a rel=\"noreferrer noopener\" href=\"http:\/\/fpol.rajce.net\/INTERNATIONAL_CHAMPIONSHIP_OF_THE_VETERANS_2011\" target=\"_blank\">2011 <\/a>| <a rel=\"noreferrer noopener\" href=\"http:\/\/fpol.rajce.idnes.cz\/INTERNATIONAL_CHAMPIONSHIP_OF_THE_VETERANS_2012\/\" target=\"_blank\">2012 <\/a>| <a rel=\"noreferrer noopener\" href=\"http:\/\/fpol.rajce.idnes.cz\/INTERNATIONAL_CHAMPIONSHIP_OF_THE_VETERANS_2013\/\" target=\"_blank\">2013 <\/a>| <a rel=\"noreferrer noopener\" href=\"http:\/\/fpol.rajce.idnes.cz\/INTERNATIONAL_CHAMPIONSHIP_OF_THE_VETERANS_2014\/\" target=\"_blank\">2014<\/a> | <a rel=\"noreferrer noopener\" href=\"http:\/\/fpol.rajce.idnes.cz\/INTERNATIONAL_CHAMPIONSHIP_OF_THE_VETERANS_2015\/\" target=\"_blank\">2015<\/a> | <a rel=\"noreferrer noopener\" href=\"http:\/\/fpol.rajce.idnes.cz\/INTERNATIONAL_CHAMPIONSHIP_OF_THE_VETERANS_2016\/\" target=\"_blank\">2016<\/a> | <a rel=\"noreferrer noopener\" href=\"http:\/\/fpol.rajce.idnes.cz\/INTERNATIONAL_CHAMPIONSHIP_OF_THE_VETERANS_2017\/\" target=\"_blank\">2017<\/a> | <a rel=\"noreferrer noopener\" href=\"https:\/\/www.rajce.net\/a15282424\" target=\"_blank\">2018<\/a> | <a rel=\"noreferrer noopener\" href=\"https:\/\/www.rajce.net\/a16216367\" target=\"_blank\">2019<\/a> | <a rel=\"noreferrer noopener\" href=\"https:\/\/www.rajce.net\/a18022021\" target=\"_blank\">2022<\/a> | <a href=\"https:\/\/www.rajce.net\/a18546403\" target=\"_blank\" rel=\"noreferrer noopener\">2023<\/a> |<\/p>\n\n\n\n<hr class=\"wp-block-separator has-css-opacity\"\/>\n","protected":false},"excerpt":{"rendered":"<p>CZECH SHOOTING FEDERATION INTERNATIONAL CHAMPIONSHIPOF THE CZECH REPUBLICIN SPORT SHOOTING OF VETERANS 9. &#8211; 11. 6. 2023 | propozice | propositionen | propositions | | propozice PDF (649KB) | propositionen [&hellip;]<\/p>\n","protected":false},"author":1,"featured_media":0,"parent":0,"menu_order":0,"comment_status":"closed","ping_status":"closed","template":"page-nosidebar.php","meta":{"_crdt_document":"","footnotes":""},"class_list":["post-7305","page","type-page","status-publish","hentry"],"_links":{"self":[{"href":"https:\/\/www.sskslovany.cz\/index.php?rest_route=\/wp\/v2\/pages\/7305","targetHints":{"allow":["GET"]}}],"collection":[{"href":"https:\/\/www.sskslovany.cz\/index.php?rest_route=\/wp\/v2\/pages"}],"about":[{"href":"https:\/\/www.sskslovany.cz\/index.php?rest_route=\/wp\/v2\/types\/page"}],"author":[{"embeddable":true,"href":"https:\/\/www.sskslovany.cz\/index.php?rest_route=\/wp\/v2\/users\/1"}],"replies":[{"embeddable":true,"href":"https:\/\/www.sskslovany.cz\/index.php?rest_route=%2Fwp%2Fv2%2Fcomments&post=7305"}],"version-history":[{"count":7,"href":"https:\/\/www.sskslovany.cz\/index.php?rest_route=\/wp\/v2\/pages\/7305\/revisions"}],"predecessor-version":[{"id":7514,"href":"https:\/\/www.sskslovany.cz\/index.php?rest_route=\/wp\/v2\/pages\/7305\/revisions\/7514"}],"wp:attachment":[{"href":"https:\/\/www.sskslovany.cz\/index.php?rest_route=%2Fwp%2Fv2%2Fmedia&parent=7305"}],"curies":[{"name":"wp","href":"https:\/\/api.w.org\/{rel}","templated":true}]}}