{"id":7272,"date":"2023-01-08T14:12:44","date_gmt":"2023-01-08T13:12:44","guid":{"rendered":"https:\/\/www.sskslovany.cz\/?page_id=7272"},"modified":"2024-01-06T23:22:39","modified_gmt":"2024-01-06T22:22:39","slug":"vysledky-2022-2","status":"publish","type":"page","link":"https:\/\/www.sskslovany.cz\/?page_id=7272","title":{"rendered":"V\u00fdsledky 2023"},"content":{"rendered":"\n<ul class=\"wp-block-list\">\n<li><strong><a  data-e-Disable-Page-Transition=\"true\" class=\"download-link\" title=\"\" href=\"https:\/\/www.sskslovany.cz?download=7269&amp;tmstv=1777147369\" rel=\"nofollow\" id=\"download-link-7269\" data-redirect=\"false\" >\n\t20230107 - O poh\u00e1r SSK Plze\u0148 - Slovany\t(sta\u017eeno 559\u00d7 \t)\n<\/a>\n<\/strong><\/li>\n\n\n\n<li><strong><a  data-e-Disable-Page-Transition=\"true\" class=\"download-link\" title=\"\" href=\"https:\/\/www.sskslovany.cz?download=7280&amp;tmstv=1777147369\" rel=\"nofollow\" id=\"download-link-7280\" data-redirect=\"false\" >\n\t20230107 - Lednov\u00e1 vzduchovka\t(sta\u017eeno 322\u00d7 \t)\n<\/a>\n<\/strong><\/li>\n\n\n\n<li><strong><a  data-e-Disable-Page-Transition=\"true\" class=\"download-link\" title=\"Verze 002\" href=\"https:\/\/www.sskslovany.cz?download=7289&amp;tmstv=1777147369\" rel=\"nofollow\" id=\"download-link-7289\" data-redirect=\"false\" >\n\t20230114 - Slovansk\u00e1 elektronick\u00e1 liga - 4. kolo\t(sta\u017eeno 520\u00d7 \t)\n<\/a>\n<\/strong><\/li>\n\n\n\n<li><strong><a  data-e-Disable-Page-Transition=\"true\" class=\"download-link\" title=\"\" href=\"https:\/\/www.sskslovany.cz?download=7338&amp;tmstv=1777147369\" rel=\"nofollow\" id=\"download-link-7338\" data-redirect=\"false\" >\n\t20230218 - \u00danorov\u00e1 vzduchovka\t(sta\u017eeno 529\u00d7 \t)\n<\/a>\n<\/strong><\/li>\n\n\n\n<li><strong><a  data-e-Disable-Page-Transition=\"true\" class=\"download-link\" title=\"\" href=\"https:\/\/www.sskslovany.cz?download=7334&amp;tmstv=1777147369\" rel=\"nofollow\" id=\"download-link-7334\" data-redirect=\"false\" >\n\t20230219 - Fin\u00e1le Slovansk\u00e9 elektronick\u00e9 ligy\t(sta\u017eeno 456\u00d7 \t)\n<\/a>\n<\/strong><\/li>\n\n\n\n<li><strong><a  data-e-Disable-Page-Transition=\"true\" class=\"download-link\" title=\"\" href=\"https:\/\/www.sskslovany.cz?download=7370&amp;tmstv=1777147369\" rel=\"nofollow\" id=\"download-link-7370\" data-redirect=\"false\" >\n\t20230304 - B\u0159eznov\u00e1 vzduchovka\t(sta\u017eeno 481\u00d7 \t)\n<\/a>\n<\/strong><\/li>\n\n\n\n<li><strong><a  data-e-Disable-Page-Transition=\"true\" class=\"download-link\" title=\"\" href=\"https:\/\/www.sskslovany.cz?download=7455&amp;tmstv=1777147369\" rel=\"nofollow\" id=\"download-link-7455\" data-redirect=\"false\" >\n\t20230423 - Slovansk\u00e1 liga LP 60 2023 - 1. kolo\t(sta\u017eeno 432\u00d7 \t)\n<\/a>\n<\/strong><\/li>\n\n\n\n<li><strong><a  data-e-Disable-Page-Transition=\"true\" class=\"download-link\" title=\"\" href=\"https:\/\/www.sskslovany.cz?download=7498&amp;tmstv=1777147369\" rel=\"nofollow\" id=\"download-link-7498\" data-redirect=\"false\" >\n\t20230610 - Plze\u0148sk\u00fd revolver\t(sta\u017eeno 406\u00d7 \t)\n<\/a>\n<\/strong><\/li>\n\n\n\n<li><strong><a  data-e-Disable-Page-Transition=\"true\" class=\"download-link\" title=\"\" href=\"https:\/\/www.sskslovany.cz?download=7501&amp;tmstv=1777147369\" rel=\"nofollow\" id=\"download-link-7501\" data-redirect=\"false\" >\n\t20230610 - Ko\u0161uteck\u00e1 m\u00ed\u0159enka\t(sta\u017eeno 435\u00d7 \t)\n<\/a>\n<\/strong><\/li>\n\n\n\n<li><strong><a  data-e-Disable-Page-Transition=\"true\" class=\"download-link\" title=\"\" href=\"https:\/\/www.sskslovany.cz?download=7504&amp;tmstv=1777147369\" rel=\"nofollow\" id=\"download-link-7504\" data-redirect=\"false\" >\n\t20230610 - P\u0159ebor Plze\u0148sk\u00e9ho KS VP 30+30\t(sta\u017eeno 414\u00d7 \t)\n<\/a>\n<\/strong><\/li>\n\n\n\n<li><strong><a  data-e-Disable-Page-Transition=\"true\" class=\"download-link\" title=\"\" href=\"https:\/\/www.sskslovany.cz?download=7485&amp;tmstv=1777147369\" rel=\"nofollow\" id=\"download-link-7485\" data-redirect=\"false\" >\n\t20230611 - Championship of veterans\t(sta\u017eeno 2948\u00d7 \t)\n<\/a>\n<\/strong><\/li>\n\n\n\n<li><strong><a  data-e-Disable-Page-Transition=\"true\" class=\"download-link\" title=\"\" href=\"https:\/\/www.sskslovany.cz?download=7516&amp;tmstv=1777147369\" rel=\"nofollow\" id=\"download-link-7516\" data-redirect=\"false\" >\n\t20230702 - Slovansk\u00e1 liga LP 60 - 2. kolo\t(sta\u017eeno 400\u00d7 \t)\n<\/a>\n<\/strong><\/li>\n\n\n\n<li><strong><a  data-e-Disable-Page-Transition=\"true\" class=\"download-link\" title=\"\" href=\"https:\/\/www.sskslovany.cz?download=7524&amp;tmstv=1777147369\" rel=\"nofollow\" id=\"download-link-7524\" data-redirect=\"false\" >\n\t20230702 - Krajsk\u00fd p\u0159ebor Plze\u0148sk\u00e9ho KS v LP60\t(sta\u017eeno 234\u00d7 \t)\n<\/a>\n<\/strong><\/li>\n\n\n\n<li><strong><a  data-e-Disable-Page-Transition=\"true\" class=\"download-link\" title=\"\" href=\"https:\/\/www.sskslovany.cz?download=7581&amp;tmstv=1777147369\" rel=\"nofollow\" id=\"download-link-7581\" data-redirect=\"false\" >\n\t20230805 - Slovansk\u00e1 liga LP 60 - 3 kolo\t(sta\u017eeno 391\u00d7 \t)\n<\/a>\n<\/strong><\/li>\n\n\n\n<li><strong><a  data-e-Disable-Page-Transition=\"true\" class=\"download-link\" title=\"\" href=\"https:\/\/www.sskslovany.cz?download=7611&amp;tmstv=1777147369\" rel=\"nofollow\" id=\"download-link-7611\" data-redirect=\"false\" >\n\t20230910 - Slovansk\u00e1 liga LP 60 - 4. kolo\t(sta\u017eeno 413\u00d7 \t)\n<\/a>\n<\/strong><\/li>\n\n\n\n<li><strong><a  data-e-Disable-Page-Transition=\"true\" class=\"download-link\" title=\"\" href=\"https:\/\/www.sskslovany.cz?download=7708&amp;tmstv=1777147369\" rel=\"nofollow\" id=\"download-link-7708\" data-redirect=\"false\" >\n\t20231111 - Slovansk\u00e1 elektronick\u00e1 liga VzPu - 1. kolo\t(sta\u017eeno 399\u00d7 \t)\n<\/a>\n<\/strong><\/li>\n\n\n\n<li><strong><a  data-e-Disable-Page-Transition=\"true\" class=\"download-link\" title=\"\" href=\"https:\/\/www.sskslovany.cz?download=7707&amp;tmstv=1777147369\" rel=\"nofollow\" id=\"download-link-7707\" data-redirect=\"false\" >\n\t20231112 - Slovansk\u00e1 elektronick\u00e1 liga VzPi - 1. kolo\t(sta\u017eeno 346\u00d7 \t)\n<\/a>\n<\/strong><\/li>\n\n\n\n<li><strong><strong><a  data-e-Disable-Page-Transition=\"true\" class=\"download-link\" title=\"\" href=\"https:\/\/www.sskslovany.cz?download=7748&amp;tmstv=1777147369\" rel=\"nofollow\" id=\"download-link-7748\" data-redirect=\"false\" >\n\t20231216 - Slovansk\u00e1 elektronick\u00e1 liga VzPu - 2. kolo\t(sta\u017eeno 382\u00d7 \t)\n<\/a>\n<\/strong><\/strong><\/li>\n\n\n\n<li><strong><a  data-e-Disable-Page-Transition=\"true\" class=\"download-link\" title=\"\" href=\"https:\/\/www.sskslovany.cz?download=7751&amp;tmstv=1777147369\" rel=\"nofollow\" id=\"download-link-7751\" data-redirect=\"false\" >\n\t20231217 - Slovansk\u00e1 elektronick\u00e1 liga VzPi - 2. kolo\t(sta\u017eeno 324\u00d7 \t)\n<\/a>\n<\/strong><\/li>\n<\/ul>\n","protected":false},"excerpt":{"rendered":"","protected":false},"author":1,"featured_media":0,"parent":0,"menu_order":0,"comment_status":"closed","ping_status":"closed","template":"","meta":{"_crdt_document":"","footnotes":""},"class_list":["post-7272","page","type-page","status-publish","hentry"],"_links":{"self":[{"href":"https:\/\/www.sskslovany.cz\/index.php?rest_route=\/wp\/v2\/pages\/7272","targetHints":{"allow":["GET"]}}],"collection":[{"href":"https:\/\/www.sskslovany.cz\/index.php?rest_route=\/wp\/v2\/pages"}],"about":[{"href":"https:\/\/www.sskslovany.cz\/index.php?rest_route=\/wp\/v2\/types\/page"}],"author":[{"embeddable":true,"href":"https:\/\/www.sskslovany.cz\/index.php?rest_route=\/wp\/v2\/users\/1"}],"replies":[{"embeddable":true,"href":"https:\/\/www.sskslovany.cz\/index.php?rest_route=%2Fwp%2Fv2%2Fcomments&post=7272"}],"version-history":[{"count":18,"href":"https:\/\/www.sskslovany.cz\/index.php?rest_route=\/wp\/v2\/pages\/7272\/revisions"}],"predecessor-version":[{"id":7783,"href":"https:\/\/www.sskslovany.cz\/index.php?rest_route=\/wp\/v2\/pages\/7272\/revisions\/7783"}],"wp:attachment":[{"href":"https:\/\/www.sskslovany.cz\/index.php?rest_route=%2Fwp%2Fv2%2Fmedia&parent=7272"}],"curies":[{"name":"wp","href":"https:\/\/api.w.org\/{rel}","templated":true}]}}