{"id":7206,"date":"2022-12-15T22:11:05","date_gmt":"2022-12-15T21:11:05","guid":{"rendered":"https:\/\/www.sskslovany.cz\/?page_id=7206"},"modified":"2023-10-31T13:31:20","modified_gmt":"2023-10-31T12:31:20","slug":"propozice-2023","status":"publish","type":"page","link":"https:\/\/www.sskslovany.cz\/?page_id=7206","title":{"rendered":"Propozice 2023"},"content":{"rendered":"\n<ul class=\"wp-block-list\">\n<li><strong><a  data-e-Disable-Page-Transition=\"true\" class=\"download-link\" title=\"Verze 20230107_poharsskslovany\" href=\"https:\/\/www.sskslovany.cz?download=7189&amp;tmstv=1777559523\" rel=\"nofollow\" id=\"download-link-7189\" data-redirect=\"false\" >\n\t20230107 - O poh\u00e1r SSK Plze\u0148 - Slovany\t(sta\u017eeno 880\u00d7 \t)\n<\/a>\n<\/strong><\/li>\n\n\n\n<li><strong><a  data-e-Disable-Page-Transition=\"true\" class=\"download-link\" title=\"\" href=\"https:\/\/www.sskslovany.cz?download=7350&amp;tmstv=1777559523\" rel=\"nofollow\" id=\"download-link-7350\" data-redirect=\"false\" >\n\t20230423-20230910 - Slovansk\u00e1 liga LP 60\t(sta\u017eeno 742\u00d7 \t)\n<\/a>\n<\/strong><\/li>\n\n\n\n<li><a  data-e-Disable-Page-Transition=\"true\" class=\"download-link\" title=\"\" href=\"https:\/\/www.sskslovany.cz?download=7462&amp;tmstv=1777559523\" rel=\"nofollow\" id=\"download-link-7462\" data-redirect=\"false\" >\n\t20230429 - Jarn\u00ed cena Chaloupek\t(sta\u017eeno 348\u00d7 \t)\n<\/a>\n<\/li>\n\n\n\n<li><a  data-e-Disable-Page-Transition=\"true\" class=\"download-link\" title=\"\" href=\"https:\/\/www.sskslovany.cz?download=7465&amp;tmstv=1777559523\" rel=\"nofollow\" id=\"download-link-7465\" data-redirect=\"false\" >\n\t20230506-20230812 - Chodsk\u00fd seniorsk\u00fd le\u017e\u00e1k\t(sta\u017eeno 348\u00d7 \t)\n<\/a>\n<\/li>\n\n\n\n<li><strong><a  data-e-Disable-Page-Transition=\"true\" class=\"download-link\" title=\"\" href=\"https:\/\/www.sskslovany.cz?download=7353&amp;tmstv=1777559523\" rel=\"nofollow\" id=\"download-link-7353\" data-redirect=\"false\" >\n\t20230610 - Plze\u0148sk\u00fd revolver\t(sta\u017eeno 633\u00d7 \t)\n<\/a>\n<\/strong><\/li>\n\n\n\n<li><strong><a  data-e-Disable-Page-Transition=\"true\" class=\"download-link\" title=\"\" href=\"https:\/\/www.sskslovany.cz?download=7356&amp;tmstv=1777559523\" rel=\"nofollow\" id=\"download-link-7356\" data-redirect=\"false\" >\n\t20230610 - Plze\u0148sk\u00e1 m\u00ed\u0159enka\t(sta\u017eeno 625\u00d7 \t)\n<\/a>\n<\/strong><\/li>\n\n\n\n<li><strong><a  data-e-Disable-Page-Transition=\"true\" class=\"download-link\" title=\"\" href=\"https:\/\/www.sskslovany.cz?download=7359&amp;tmstv=1777559523\" rel=\"nofollow\" id=\"download-link-7359\" data-redirect=\"false\" >\n\t20230610 - Krajsk\u00fd p\u0159ebor VP 30+30\t(sta\u017eeno 541\u00d7 \t)\n<\/a>\n<\/strong><\/li>\n\n\n\n<li><strong><a  data-e-Disable-Page-Transition=\"true\" class=\"download-link\" title=\"\" href=\"https:\/\/www.sskslovany.cz?download=7412&amp;tmstv=1777559523\" rel=\"nofollow\" id=\"download-link-7412\" data-redirect=\"false\" >\n\t20230609-20230611 - Propozice MMV2023 CZ\t(sta\u017eeno 716\u00d7 \t)\n<\/a>\n<\/strong><\/li>\n\n\n\n<li><strong><a  data-e-Disable-Page-Transition=\"true\" class=\"download-link\" title=\"\" href=\"https:\/\/www.sskslovany.cz?download=7415&amp;tmstv=1777559523\" rel=\"nofollow\" id=\"download-link-7415\" data-redirect=\"false\" >\n\t20230609-20230611 - Propositions MMV2023 DE\/GB\t(sta\u017eeno 644\u00d7 \t)\n<\/a>\n<\/strong><\/li>\n\n\n\n<li><a  data-e-Disable-Page-Transition=\"true\" class=\"download-link\" title=\"\" href=\"https:\/\/www.sskslovany.cz?download=7560&amp;tmstv=1777559523\" rel=\"nofollow\" id=\"download-link-7560\" data-redirect=\"false\" >\n\t20230812 - VC SKP Psohlavec Doma\u017elice\t(sta\u017eeno 481\u00d7 \t)\n<\/a>\n<\/li>\n\n\n\n<li><a  data-e-Disable-Page-Transition=\"true\" class=\"download-link\" title=\"\" href=\"https:\/\/www.sskslovany.cz?download=7592&amp;tmstv=1777559523\" rel=\"nofollow\" id=\"download-link-7592\" data-redirect=\"false\" >\n\t20230916 - Podzimn\u00ed cena Chaloupek\t(sta\u017eeno 283\u00d7 \t)\n<\/a>\n<\/li>\n\n\n\n<li><a  data-e-Disable-Page-Transition=\"true\" class=\"download-link\" title=\"\" href=\"https:\/\/www.sskslovany.cz?download=7595&amp;tmstv=1777559523\" rel=\"nofollow\" id=\"download-link-7595\" data-redirect=\"false\" >\n\t20230916 - Poh\u00e1r Svornosti\t(sta\u017eeno 291\u00d7 \t)\n<\/a>\n<\/li>\n\n\n\n<li><a  data-e-Disable-Page-Transition=\"true\" class=\"download-link\" title=\"\" href=\"https:\/\/www.sskslovany.cz?download=7589&amp;tmstv=1777559523\" rel=\"nofollow\" id=\"download-link-7589\" data-redirect=\"false\" >\n\t20230916-20230917 - VC Pelh\u0159imova, Memori\u00e1l Josefa Veverky\t(sta\u017eeno 303\u00d7 \t)\n<\/a>\n<\/li>\n\n\n\n<li><a  data-e-Disable-Page-Transition=\"true\" class=\"download-link\" title=\"\" href=\"https:\/\/www.sskslovany.cz?download=7605&amp;tmstv=1777559523\" rel=\"nofollow\" id=\"download-link-7605\" data-redirect=\"false\" >\n\t20230916-20230917 - V\u00edkendov\u00fd mezin\u00e1rodn\u00ed z\u00e1vod\t(sta\u017eeno 309\u00d7 \t)\n<\/a>\n <\/li>\n\n\n\n<li><strong><a  data-e-Disable-Page-Transition=\"true\" class=\"download-link\" title=\"\" href=\"https:\/\/www.sskslovany.cz?download=7669&amp;tmstv=1777559523\" rel=\"nofollow\" id=\"download-link-7669\" data-redirect=\"false\" >\n\t20231111-20240309 - Slovansk\u00e1 elektronick\u00e1 liga VzPu\t(sta\u017eeno 516\u00d7 \t)\n<\/a>\n<\/strong><\/li>\n\n\n\n<li><strong><a  data-e-Disable-Page-Transition=\"true\" class=\"download-link\" title=\"\" href=\"https:\/\/www.sskslovany.cz?download=7670&amp;tmstv=1777559523\" rel=\"nofollow\" id=\"download-link-7670\" data-redirect=\"false\" >\n\t20231112-20240310 - Slovansk\u00e1 elektronick\u00e1 liga VzPi\t(sta\u017eeno 553\u00d7 \t)\n<\/a>\n<\/strong><\/li>\n<\/ul>\n\n\n\n<p class=\"wp-block-paragraph\"><\/p>\n","protected":false},"excerpt":{"rendered":"","protected":false},"author":1,"featured_media":0,"parent":0,"menu_order":0,"comment_status":"closed","ping_status":"closed","template":"","meta":{"_crdt_document":"","footnotes":""},"class_list":["post-7206","page","type-page","status-publish","hentry"],"_links":{"self":[{"href":"https:\/\/www.sskslovany.cz\/index.php?rest_route=\/wp\/v2\/pages\/7206","targetHints":{"allow":["GET"]}}],"collection":[{"href":"https:\/\/www.sskslovany.cz\/index.php?rest_route=\/wp\/v2\/pages"}],"about":[{"href":"https:\/\/www.sskslovany.cz\/index.php?rest_route=\/wp\/v2\/types\/page"}],"author":[{"embeddable":true,"href":"https:\/\/www.sskslovany.cz\/index.php?rest_route=\/wp\/v2\/users\/1"}],"replies":[{"embeddable":true,"href":"https:\/\/www.sskslovany.cz\/index.php?rest_route=%2Fwp%2Fv2%2Fcomments&post=7206"}],"version-history":[{"count":13,"href":"https:\/\/www.sskslovany.cz\/index.php?rest_route=\/wp\/v2\/pages\/7206\/revisions"}],"predecessor-version":[{"id":7678,"href":"https:\/\/www.sskslovany.cz\/index.php?rest_route=\/wp\/v2\/pages\/7206\/revisions\/7678"}],"wp:attachment":[{"href":"https:\/\/www.sskslovany.cz\/index.php?rest_route=%2Fwp%2Fv2%2Fmedia&parent=7206"}],"curies":[{"name":"wp","href":"https:\/\/api.w.org\/{rel}","templated":true}]}}