{"id":719,"date":"2018-03-07T15:07:03","date_gmt":"2018-03-07T14:07:03","guid":{"rendered":"http:\/\/slovany.fpol.cz\/?page_id=719"},"modified":"2019-02-05T13:58:47","modified_gmt":"2019-02-05T12:58:47","slug":"veteranenmeisterschaft-propositionen","status":"publish","type":"page","link":"https:\/\/www.sskslovany.cz\/?page_id=719","title":{"rendered":"Veteranenmeisterschaft Propositionen"},"content":{"rendered":"<h4 style=\"text-align: center;\"><strong>TSCHECHISCHE SCH\u00dcTZENFEDERATION<\/strong><\/h4>\n<h3 style=\"text-align: center;\">INTERNATIONALE MEISTERSCHAFT<br \/>\nDER TSCHECHISCHEN REPUBLIK<br \/>\nIM SPORTSCHIESSEN DER VETERANEN<\/h3>\n<p style=\"text-align: center;\">P R O P O S I T I O N E N<br \/>\n28. Jahrgang<\/p>\n<hr width=\"80%\">\n<p style=\"padding-left: 30px;\"><strong>Veranstalter:<\/strong> Sportlicher Schie\u00dfklub Slovany &#8211; Plze\u0148<br \/>\n<strong>Veranstaltungsst\u00e4tte:<\/strong> Tschechische Republik, Pilsen, Schie\u00dfstadion in Lobzy<br \/>\n<strong>Datum:<\/strong> 15. &#8211; 17. Juni 2018<\/p>\n<h3>Organisationskomitee:<\/h3>\n<p style=\"padding-left: 30px;\"><strong>Director:<\/strong> Miroslav K\u00dd\u010cEK<br \/>\n<strong> Vorsitzender:<\/strong> Jan FIDLER<br \/>\n<strong>\u00d6konom:<\/strong> Ing. Jaroslav \u010cEKAN<br \/>\n<strong>Technischer Dienst:<\/strong> Franti\u0161ek POL\u00c1\u010cEK, Rastislav FABOK<br \/>\n<strong>Hauptschiedsrichter f\u00fcr 50m:<\/strong> Ludv\u00edk GASSELDORFER A 0108<br \/>\n<strong>Hauptschiedsrichter f\u00fcr 25m:<\/strong> Petr PARBUS ISSF B 4164<br \/>\n<strong>Hauptschiedsrichter f\u00fcr 10m:<\/strong> Josef GRIM A 0104<\/p>\n<h3>Disziplinnen:<\/h3>\n<ol>\n<li>KK &#8211; Sportpistole 5+30 Sch\u00fc\u00dfe (Pr\u00e4zision) (Siegerehrung am Samstag)<\/li>\n<li>KK &#8211; Freie B\u00fcchse 60 Sch\u00fc\u00dfe liegend (Siegerehrung am Samstag)<\/li>\n<li>Luftpistole 40 Sch\u00fc\u00dfe (Siegerehrung am Samstag)<\/li>\n<li>Luftgewehr 40 Sch\u00fc\u00dfe (Siegerehrung am Samstag)<\/li>\n<li>KK &#8211; Sportpistole 30+30 Sch\u00fc\u00dfe (ISSF) (<span style=\"color: #ff0000;\">Siegerehrung am Samstag und Sonntag<\/span>)<\/li>\n<li>KK &#8211; Freie B\u00fcchse 3\u00d720 Sch\u00fc\u00dfe (Standard) (Siegerehrung am Sonntag)<\/li>\n<\/ol>\n<h3>Bemerkung:<\/h3>\n<ul>\n<li>25m und 50m Disziplin wird auf elektronischen Scheiben SIUS geschossen<\/li>\n<li>die Disziplin Sportpistole 30+30 wird in zwei Tagen geschossen<\/li>\n<li>wenn in einer Diszipline minimal sechs Frauen gestartet werden, werden sie in der selbstst\u00e4ndigen Kategorie ohne Alterunterschied bewertet<\/li>\n<li>wenn mindestens drei Teilnehmer der Klasse SH1 in der Disziplin starten, werden sie unabh\u00e4ngig vom Alter in einer separaten Kategorie bewertet<\/li>\n<\/ul>\n<h3>Alterskategorien:<\/h3>\n<p style=\"padding-left: 30px;\">A &#8211; Wettk\u00e4mpfer im Alter von 65 und mehr (geboren 1953 &#8211; &#8230;.)<br \/>\nB &#8211; Wettk\u00e4mpfer im Alter von 55 bis 64 (geboren 1963 -1954)<br \/>\nC &#8211; Wettk\u00e4mpfer im Alter von 45 bis 54 (geboren 1973 -1964)<\/p>\n<h3>Startgeb\u00fchr:<\/h3>\n<ul>\n<li>Startgeld f\u00fcr die Disziplin Sport Pistol 30+30 betr\u00e4gt 15,- EUR pro Person. Siegerehrung am Samstag (5+30) und Sonntag (30+30).<\/li>\n<li>Startgeld f\u00fcr nur die Disziplin Sport Pistol 5+30 betr\u00e4gt 10,- EUR pro Person (Siegerehrung am Samstag).<\/li>\n<li>F\u00fcr alle anderen Disziplinen ist das Startgeld 15,- EUR, zahlbar bei der Pr\u00e4sentation.<\/li>\n<\/ul>\n<h3>ZEITPLAN DES WETTBEWERBES:<\/h3>\n<ul>\n<li>\n<h3>Pr\u00e4sentation:<\/h3>\n<ul>\n<li>Die Pr\u00e4sentation zum Wettkampf findet f\u00fcr alle Disziplinen im Schie\u00dfstadion Lobzy statt und zwar am\n<ul>\n<li>Freitag, 15. Juni 2018 von 13 bis 19 Uhr,<\/li>\n<li>Samstag, 16. Juni 2018 von 7 bis 11 Uhr.<\/li>\n<\/ul>\n<\/li>\n<\/ul>\n<\/li>\n<\/ul>\n<ul>\n<li>\n<h3>Er\u00f6ffnungszeremoniell :<\/h3>\n<ul>\n<li>Die Internationale Meisterschaft der Tschechischen Republik im Sportschie\u00dfen der Veteranen wird offiziell am Samstag 16.&nbsp;Juni 2018 um 9.00 Uhr er\u00f6ffnet.<\/li>\n<\/ul>\n<\/li>\n<\/ul>\n<h3>Wettbewerb:<\/h3>\n<ul>\n<li><strong>Freitag, 16. Juni 2017<\/strong>\n<ul>\n<li><span style=\"color: #ffcc00;\">air rifle, air pistol 40 shots<\/span>\n<ul>\n<li>1. Durchgang\n<ul>\n<li>13.30 &#8211; Wettk\u00e4mpfer auf der Linie<\/li>\n<li>13.45 &#8211; Vorbereitung und Probe<\/li>\n<li>14.00-14.50 &#8211; Wettkampf schie\u00dfen<\/li>\n<\/ul>\n<\/li>\n<li>2. Durchgang\n<ul>\n<li>15.30 &#8211; Wettk\u00e4mpfer auf der Linie<\/li>\n<li>15.45 &#8211; Vorbereitung und Probe<\/li>\n<li>16.00-16.50 &#8211; Wettkampf schie\u00dfen<\/li>\n<\/ul>\n<\/li>\n<li>3. Durchgang\n<ul>\n<li>17.30 &#8211; Wettk\u00e4mpfer auf der Linie<\/li>\n<li>17.45 &#8211; Vorbereitung und Probe<\/li>\n<li>18.00-18.50 &#8211; Wettkampf schie\u00dfen<\/li>\n<\/ul>\n<\/li>\n<\/ul>\n<\/li>\n<\/ul>\n<\/li>\n<li><strong>Samstag, 17 Juni 2017<\/strong>\n<ul>\n<li><span style=\"color: #ffcc00;\">air rifle, air pistol 40 shots<\/span>\n<ul>\n<li>4. Durchgang\n<ul>\n<li>10.00 &#8211; Wettk\u00e4mpfer auf der Linie<\/li>\n<li>10.15 &#8211; Vorbereitung und Probe<\/li>\n<li>10.30-11.20 &#8211; Wettkampf schie\u00dfen<\/li>\n<\/ul>\n<\/li>\n<li>5. Durchgang\n<ul>\n<li>11.40 &#8211; Wettk\u00e4mpfer auf der Linie<\/li>\n<li>11.55 &#8211; Vorbereitung und Probe<\/li>\n<li>12.10-13.00 &#8211; Wettkampf schie\u00dfen<\/li>\n<\/ul>\n<\/li>\n<li>6. Durchgang\n<ul>\n<li>13.20 &#8211; Wettk\u00e4mpfer auf der Linie<\/li>\n<li>13.35 &#8211; Vorbereitung und Probe<\/li>\n<li>13.50-14.40 &#8211; Wettkampf schie\u00dfen<\/li>\n<\/ul>\n<\/li>\n<li>7. Durchgang\n<ul>\n<li>15.00 &#8211; Wettk\u00e4mpfer auf der Linie<\/li>\n<li>15.15 &#8211; Vorbereitung und Probe<\/li>\n<li>15.30-16.20 &#8211; Wettkampf schie\u00dfen<\/li>\n<\/ul>\n<\/li>\n<\/ul>\n<\/li>\n<li><span style=\"color: #ffcc00;\">KK Sportpistole 5+30 (Pr\u00e4zision)<\/span>\n<ul>\n<li>1. Durchgang &#8211; 10.00<\/li>\n<li>2. Durchgang &#8211; 11.30<\/li>\n<li>3. Durchgang &#8211; 13.00<\/li>\n<\/ul>\n<\/li>\n<li><span style=\"color: #ffcc00;\">KK Freie B\u00fcchse 60 Sch\u00fc\u00dfe liegend<\/span>\n<ul>\n<li>1. Durchgang\n<ul>\n<li>10.00 &#8211; Wettk\u00e4mpfer auf der Linie<\/li>\n<li>10.15 &#8211; Vorbereitungs und Sichtungs Zeit<\/li>\n<li>10.30-11.20 &#8211; Wettkampf schie\u00dfen<\/li>\n<\/ul>\n<\/li>\n<li>2. Durchgang\n<ul>\n<li>12.15 &#8211; Athleten auf der Linie<\/li>\n<li>12.30 &#8211; Vorbereitungs und Sichtungs Zeit<\/li>\n<li>12.45-13.35 &#8211; Wettkampf schie\u00dfen<\/li>\n<\/ul>\n<\/li>\n<\/ul>\n<\/li>\n<li>Schiessen auf die Erinnerungscheibe werden auf den Schiesstand an der Tafel geschrieben<\/li>\n<li>Siegerehrung f\u00fcr Samstag werden auf den Schiesstand an der Tafel geschrieben<\/li>\n<\/ul>\n<\/li>\n<li><strong>Sonntag, 17. Juni 2018<\/strong>\n<ul>\n<li><span style=\"color: #ffcc00;\">Sportpistole 30 Sch\u00fc\u00dfe<\/span>\n<ul>\n<li>1. Durchgang &#8211; 8.30<\/li>\n<li>2. Durchgang &#8211; 9.45<\/li>\n<li>3. Durchgang &#8211; 11.00<\/li>\n<\/ul>\n<\/li>\n<li><span style=\"color: #ffcc00;\">KK Freie B\u00fcchse 3 \u00d7 20 (Standard)<\/span>\n<ul>\n<li>1. Durchgang\n<ul>\n<li>8.30 &#8211; Wettk\u00e4mpfer auf der Linie<\/li>\n<li>8.45 &#8211; Vorbereitungs und Sichtungs Zeit<\/li>\n<li>9.00-10.45 &#8211; Wettkampf schie\u00dfen<\/li>\n<\/ul>\n<\/li>\n<\/ul>\n<\/li>\n<li>Siegerehrung f\u00fcr Sonntag werden auf den Schiesstand an der Tafel geschrieben<\/li>\n<\/ul>\n<\/li>\n<\/ul>\n<h3>Abschlu\u00dfzeremoniell:<\/h3>\n<p style=\"padding-left: 30px;\">findet am Sonntag statt, 17. Juni 2018 werden auf den Schiesstand an der Tafel geschrieben, eingerechnet Serienwettkampfen in den beiden Disziplinen.<\/p>\n<h3>Auswertung des Wettbewerbes:<\/h3>\n<p style=\"padding-left: 30px;\">In allen Disziplinen und Kategorien werden die ersten drei nach den ISSF Regeln bestimmt.<\/p>\n<h3>Anmeldungen:<\/h3>\n<hr width=\"60%\">\n<p style=\"text-align: center;\">| <a href=\"http:\/\/www.sskslovany.cz\/?page_id=758\">E-formular<\/a> |&nbsp;<a href=\"https:\/\/www.sskslovany.cz\/?media_dl=3066\">PDF Formular (178 kB)<\/a> |<\/p>\n<hr width=\"60%\">\n<p><em>Der Veranstalter bittet die Teilnehmer um schriftliche Anmeldung mit folgenden Angaben:<\/em><\/p>\n<ol>\n<li>Name, Adresse und Geburtsdatum,<\/li>\n<li>Verzeichnis der Disziplinen in welchen Sie starten wollen,<\/li>\n<\/ol>\n<p style=\"padding-left: 30px;\">ANMELDUNGEN mit den erw\u00fcnschten Angaben senden Sie bitte SP\u00c4TESTENS bis <strong>31.&nbsp;Mai 2018<\/strong> an die Adresse des Vorsitzenders des Wettbewerbes:<\/p>\n<p style=\"padding-left: 60px;\">Jan FIDLER<br \/>\nASS DUKLA Plze\u0148 &#8211; Lobzy<br \/>\n326 00 PLZE\u0147<br \/>\nTSCHECHISCHE REPUBLIK<\/p>\n<h3>Allgemeine Informationen:<\/h3>\n<ul>\n<li>Weitere Informationen und Exemplare der Propositionen bekommen Sie schriftlich vom Director auf der oben angegebenen Adresse, oder E mail Adressen info@sskslovany.cz, sskmp@telecom.cz.<\/li>\n<li>\u00c4rtzlicher Dienst ist im Stadion die ganze Zeit gesichert.<\/li>\n<\/ul>\n<p>Die Veranstalter w\u00fcnschen allen Sch\u00fctzen, die sich zur Teilnahme im unseren Wettbewerb entscheiden, eine sichere und angenehme Reise nach Pilsen.<\/p>\n","protected":false},"excerpt":{"rendered":"<p>TSCHECHISCHE SCH\u00dcTZENFEDERATION INTERNATIONALE MEISTERSCHAFT DER TSCHECHISCHEN REPUBLIK IM SPORTSCHIESSEN DER VETERANEN P R O P O S I T I O N E N 28. Jahrgang Veranstalter: Sportlicher Schie\u00dfklub Slovany [&hellip;]<\/p>\n","protected":false},"author":1,"featured_media":0,"parent":0,"menu_order":2,"comment_status":"closed","ping_status":"closed","template":"page-template-full.php","meta":{"_crdt_document":"","footnotes":""},"class_list":["post-719","page","type-page","status-publish","hentry"],"_links":{"self":[{"href":"https:\/\/www.sskslovany.cz\/index.php?rest_route=\/wp\/v2\/pages\/719","targetHints":{"allow":["GET"]}}],"collection":[{"href":"https:\/\/www.sskslovany.cz\/index.php?rest_route=\/wp\/v2\/pages"}],"about":[{"href":"https:\/\/www.sskslovany.cz\/index.php?rest_route=\/wp\/v2\/types\/page"}],"author":[{"embeddable":true,"href":"https:\/\/www.sskslovany.cz\/index.php?rest_route=\/wp\/v2\/users\/1"}],"replies":[{"embeddable":true,"href":"https:\/\/www.sskslovany.cz\/index.php?rest_route=%2Fwp%2Fv2%2Fcomments&post=719"}],"version-history":[{"count":14,"href":"https:\/\/www.sskslovany.cz\/index.php?rest_route=\/wp\/v2\/pages\/719\/revisions"}],"predecessor-version":[{"id":4206,"href":"https:\/\/www.sskslovany.cz\/index.php?rest_route=\/wp\/v2\/pages\/719\/revisions\/4206"}],"wp:attachment":[{"href":"https:\/\/www.sskslovany.cz\/index.php?rest_route=%2Fwp%2Fv2%2Fmedia&parent=719"}],"curies":[{"name":"wp","href":"https:\/\/api.w.org\/{rel}","templated":true}]}}