{"id":7152,"date":"2022-11-04T10:05:17","date_gmt":"2022-11-04T09:05:17","guid":{"rendered":"https:\/\/www.sskslovany.cz\/?page_id=7152"},"modified":"2022-11-04T10:05:18","modified_gmt":"2022-11-04T09:05:18","slug":"sloelli-2022-2023-seznam-prihlasenych-soutezicich","status":"publish","type":"page","link":"https:\/\/www.sskslovany.cz\/?page_id=7152","title":{"rendered":"SloElLi 2022 \/ 2023 &#8211; Seznam p\u0159ihl\u00e1\u0161en\u00fdch sout\u011b\u017e\u00edc\u00edch"},"content":{"rendered":"\n<p class=\"wp-block-paragraph\"><\/p>\n\n\n\n<center><iframe loading=\"lazy\" src=\"https:\/\/docs.google.com\/spreadsheets\/d\/e\/2PACX-1vQR4BEWpy3Oy6PqRldEiSfBYDT6W9QUDZCOsl9Qn_J-l4D5OnicZ2GaHnYgDM7T-9bpnJnmCz7meF6x\/pubhtml?gid=0&amp;single=true&amp;widget=true&amp;headers=false\" width=\"655\" height=\"600\"><\/iframe><\/center>\n","protected":false},"excerpt":{"rendered":"","protected":false},"author":1,"featured_media":0,"parent":0,"menu_order":0,"comment_status":"closed","ping_status":"closed","template":"","meta":{"_crdt_document":"","footnotes":""},"class_list":["post-7152","page","type-page","status-publish","hentry"],"_links":{"self":[{"href":"https:\/\/www.sskslovany.cz\/index.php?rest_route=\/wp\/v2\/pages\/7152","targetHints":{"allow":["GET"]}}],"collection":[{"href":"https:\/\/www.sskslovany.cz\/index.php?rest_route=\/wp\/v2\/pages"}],"about":[{"href":"https:\/\/www.sskslovany.cz\/index.php?rest_route=\/wp\/v2\/types\/page"}],"author":[{"embeddable":true,"href":"https:\/\/www.sskslovany.cz\/index.php?rest_route=\/wp\/v2\/users\/1"}],"replies":[{"embeddable":true,"href":"https:\/\/www.sskslovany.cz\/index.php?rest_route=%2Fwp%2Fv2%2Fcomments&post=7152"}],"version-history":[{"count":3,"href":"https:\/\/www.sskslovany.cz\/index.php?rest_route=\/wp\/v2\/pages\/7152\/revisions"}],"predecessor-version":[{"id":7155,"href":"https:\/\/www.sskslovany.cz\/index.php?rest_route=\/wp\/v2\/pages\/7152\/revisions\/7155"}],"wp:attachment":[{"href":"https:\/\/www.sskslovany.cz\/index.php?rest_route=%2Fwp%2Fv2%2Fmedia&parent=7152"}],"curies":[{"name":"wp","href":"https:\/\/api.w.org\/{rel}","templated":true}]}}