{"id":7140,"date":"2022-11-03T15:04:58","date_gmt":"2022-11-03T14:04:58","guid":{"rendered":"https:\/\/www.sskslovany.cz\/?page_id=7140"},"modified":"2022-11-03T15:04:59","modified_gmt":"2022-11-03T14:04:59","slug":"slovanska-elektronicka-liga-2022-2023-prihlaska","status":"publish","type":"page","link":"https:\/\/www.sskslovany.cz\/?page_id=7140","title":{"rendered":"SLOVANSK\u00c1 ELEKTRONICK\u00c1 LIGA 2022\/2023 &#8211; P\u0159ihl\u00e1\u0161ka"},"content":{"rendered":"\n<CENTER><iframe loading=\"lazy\" width=\"655\" height=\"440\" src=\"https:\/\/docs.google.com\/spreadsheets\/d\/e\/2PACX-1vQR4BEWpy3Oy6PqRldEiSfBYDT6W9QUDZCOsl9Qn_J-l4D5OnicZ2GaHnYgDM7T-9bpnJnmCz7meF6x\/pubhtml?gid=0&amp;single=true&amp;widget=true&amp;headers=false\"><\/iframe><\/CENTER>\n\n\n\n<CENTER><iframe src=\"https:\/\/www.cognitoforms.com\/f\/jJMh4QYEYEi8SyFtqmideQ\/29\" style=\"border:0;width:100%;\" height=\"1599\"><\/iframe>\n<script src=\"https:\/\/www.cognitoforms.com\/f\/iframe.js\"><\/script><\/CENTER>\n","protected":false},"excerpt":{"rendered":"","protected":false},"author":1,"featured_media":0,"parent":0,"menu_order":0,"comment_status":"closed","ping_status":"closed","template":"page-nosidebar.php","meta":{"_crdt_document":"","footnotes":""},"class_list":["post-7140","page","type-page","status-publish","hentry"],"_links":{"self":[{"href":"https:\/\/www.sskslovany.cz\/index.php?rest_route=\/wp\/v2\/pages\/7140","targetHints":{"allow":["GET"]}}],"collection":[{"href":"https:\/\/www.sskslovany.cz\/index.php?rest_route=\/wp\/v2\/pages"}],"about":[{"href":"https:\/\/www.sskslovany.cz\/index.php?rest_route=\/wp\/v2\/types\/page"}],"author":[{"embeddable":true,"href":"https:\/\/www.sskslovany.cz\/index.php?rest_route=\/wp\/v2\/users\/1"}],"replies":[{"embeddable":true,"href":"https:\/\/www.sskslovany.cz\/index.php?rest_route=%2Fwp%2Fv2%2Fcomments&post=7140"}],"version-history":[{"count":8,"href":"https:\/\/www.sskslovany.cz\/index.php?rest_route=\/wp\/v2\/pages\/7140\/revisions"}],"predecessor-version":[{"id":7148,"href":"https:\/\/www.sskslovany.cz\/index.php?rest_route=\/wp\/v2\/pages\/7140\/revisions\/7148"}],"wp:attachment":[{"href":"https:\/\/www.sskslovany.cz\/index.php?rest_route=%2Fwp%2Fv2%2Fmedia&parent=7140"}],"curies":[{"name":"wp","href":"https:\/\/api.w.org\/{rel}","templated":true}]}}