{"id":6795,"date":"2022-04-18T21:23:54","date_gmt":"2022-04-18T19:23:54","guid":{"rendered":"https:\/\/www.sskslovany.cz\/?page_id=6795"},"modified":"2022-05-06T18:41:00","modified_gmt":"2022-05-06T16:41:00","slug":"kosutecka-flinta-i-2022-seznam-prihlasenych","status":"publish","type":"page","link":"https:\/\/www.sskslovany.cz\/?page_id=6795","title":{"rendered":"Ko\u0161uteck\u00e1 flinta I &#8211; 2022 (seznam p\u0159ihl\u00e1\u0161en\u00fdch)"},"content":{"rendered":"\n<p class=\"wp-block-paragraph\"><\/p>\n\n\n\n<center>\n <iframe loading=\"lazy\" src=\"https:\/\/docs.google.com\/spreadsheets\/d\/e\/2PACX-1vTMUNKW7s8QEuC5ZPLWJVzLn69QgdjzBpSlawe3utfaNG1IXbpd8VXe9_4VOTJNxv1apQq2GxqJT9sC\/pubhtml?gid=520140462&amp;single=true&amp;widget=true&amp;headers=false\" scrolling=\"no\" width=\"617\" height=\"600\" frameborder=\"0\">\n <\/iframe>\n<\/center>\n\n\n\n<ul class=\"wp-block-list\"><li><a rel=\"noreferrer noopener\" href=\"https:\/\/www.sskslovany.cz?download=6843\" target=\"_blank\">Startovn\u00ed listiny<\/a><\/li><\/ul>\n","protected":false},"excerpt":{"rendered":"<p>Startovn\u00ed listiny<\/p>\n","protected":false},"author":1,"featured_media":591,"parent":0,"menu_order":0,"comment_status":"closed","ping_status":"closed","template":"","meta":{"_crdt_document":"","footnotes":""},"class_list":["post-6795","page","type-page","status-publish","has-post-thumbnail","hentry","has_thumb"],"_links":{"self":[{"href":"https:\/\/www.sskslovany.cz\/index.php?rest_route=\/wp\/v2\/pages\/6795","targetHints":{"allow":["GET"]}}],"collection":[{"href":"https:\/\/www.sskslovany.cz\/index.php?rest_route=\/wp\/v2\/pages"}],"about":[{"href":"https:\/\/www.sskslovany.cz\/index.php?rest_route=\/wp\/v2\/types\/page"}],"author":[{"embeddable":true,"href":"https:\/\/www.sskslovany.cz\/index.php?rest_route=\/wp\/v2\/users\/1"}],"replies":[{"embeddable":true,"href":"https:\/\/www.sskslovany.cz\/index.php?rest_route=%2Fwp%2Fv2%2Fcomments&post=6795"}],"version-history":[{"count":6,"href":"https:\/\/www.sskslovany.cz\/index.php?rest_route=\/wp\/v2\/pages\/6795\/revisions"}],"predecessor-version":[{"id":6856,"href":"https:\/\/www.sskslovany.cz\/index.php?rest_route=\/wp\/v2\/pages\/6795\/revisions\/6856"}],"wp:featuredmedia":[{"embeddable":true,"href":"https:\/\/www.sskslovany.cz\/index.php?rest_route=\/wp\/v2\/media\/591"}],"wp:attachment":[{"href":"https:\/\/www.sskslovany.cz\/index.php?rest_route=%2Fwp%2Fv2%2Fmedia&parent=6795"}],"curies":[{"name":"wp","href":"https:\/\/api.w.org\/{rel}","templated":true}]}}