{"id":6782,"date":"2022-04-18T21:23:03","date_gmt":"2022-04-18T19:23:03","guid":{"rendered":"https:\/\/www.sskslovany.cz\/?page_id=6782"},"modified":"2022-04-18T21:23:04","modified_gmt":"2022-04-18T19:23:04","slug":"prihlaska-kosutecka-flinta-i-2022","status":"publish","type":"page","link":"https:\/\/www.sskslovany.cz\/?page_id=6782","title":{"rendered":"P\u0159ihl\u00e1\u0161ka Ko\u0161uteck\u00e1 flinta I &#8211; 2022"},"content":{"rendered":"\n<h3 class=\"has-text-align-center wp-block-heading\">KO\u0160UTECK\u00c1 FLINTA I<\/h3>\n\n\n\n<h4 class=\"has-text-align-center wp-block-heading\">P\u0158IHL\u00c1\u0160KA<\/h4>\n\n\n\n<h5 class=\"has-text-align-center wp-block-heading\">7. 5. 2022<\/h5>\n\n\n\n<h5 class=\"wp-block-heading\">SEZNAM P\u0158IHL\u00c1\u0160EN\u00ddCH SOUT\u011a\u017d\u00cdC\u00cdCH<\/h5>\n\n\n\n<center>\n <iframe loading=\"lazy\" src=\"https:\/\/docs.google.com\/spreadsheets\/d\/e\/2PACX-1vTMUNKW7s8QEuC5ZPLWJVzLn69QgdjzBpSlawe3utfaNG1IXbpd8VXe9_4VOTJNxv1apQq2GxqJT9sC\/pubhtml?gid=520140462&amp;single=true&amp;widget=true&amp;headers=false\" scrolling=\"no\" width=\"617\" height=\"300\" frameborder=\"0\">\n <\/iframe>\n<\/center>\n\n\n\n<h5 class=\"wp-block-heading\">P\u0158IHL\u00c1\u0160KA<\/h5>\n\n\n\n<div class=\"cognito\"><script src=\"https:\/\/services.cognitoforms.com\/s\/jJMh4QYEYEi8SyFtqmideQ\"><\/script>\n<script>Cognito.load(\"forms\", { id: \"23\" });<\/script><\/div>\n\n\n\n<hr width=\"470\">\n\n\n\n<p class=\"has-text-align-center wp-block-paragraph\"> V\u0161echny uveden\u00e9 \u00fadaje budou pou\u017eity pouze pro pot\u0159eby sout\u011b\u017ee<br> KO\u0160UTECK\u00c1 FLINTA.<\/p>\n","protected":false},"excerpt":{"rendered":"<p>KO\u0160UTECK\u00c1 FLINTA I P\u0158IHL\u00c1\u0160KA 7. 5. 2022 SEZNAM P\u0158IHL\u00c1\u0160EN\u00ddCH SOUT\u011a\u017d\u00cdC\u00cdCH P\u0158IHL\u00c1\u0160KA V\u0161echny uveden\u00e9 \u00fadaje budou pou\u017eity pouze pro pot\u0159eby sout\u011b\u017ee KO\u0160UTECK\u00c1 FLINTA.<\/p>\n","protected":false},"author":1,"featured_media":592,"parent":0,"menu_order":0,"comment_status":"closed","ping_status":"closed","template":"page-nosidebar.php","meta":{"_crdt_document":"","footnotes":""},"class_list":["post-6782","page","type-page","status-publish","has-post-thumbnail","hentry","has_thumb"],"_links":{"self":[{"href":"https:\/\/www.sskslovany.cz\/index.php?rest_route=\/wp\/v2\/pages\/6782","targetHints":{"allow":["GET"]}}],"collection":[{"href":"https:\/\/www.sskslovany.cz\/index.php?rest_route=\/wp\/v2\/pages"}],"about":[{"href":"https:\/\/www.sskslovany.cz\/index.php?rest_route=\/wp\/v2\/types\/page"}],"author":[{"embeddable":true,"href":"https:\/\/www.sskslovany.cz\/index.php?rest_route=\/wp\/v2\/users\/1"}],"replies":[{"embeddable":true,"href":"https:\/\/www.sskslovany.cz\/index.php?rest_route=%2Fwp%2Fv2%2Fcomments&post=6782"}],"version-history":[{"count":5,"href":"https:\/\/www.sskslovany.cz\/index.php?rest_route=\/wp\/v2\/pages\/6782\/revisions"}],"predecessor-version":[{"id":6966,"href":"https:\/\/www.sskslovany.cz\/index.php?rest_route=\/wp\/v2\/pages\/6782\/revisions\/6966"}],"wp:featuredmedia":[{"embeddable":true,"href":"https:\/\/www.sskslovany.cz\/index.php?rest_route=\/wp\/v2\/media\/592"}],"wp:attachment":[{"href":"https:\/\/www.sskslovany.cz\/index.php?rest_route=%2Fwp%2Fv2%2Fmedia&parent=6782"}],"curies":[{"name":"wp","href":"https:\/\/api.w.org\/{rel}","templated":true}]}}