{"id":649,"date":"2017-03-22T14:11:23","date_gmt":"2017-03-22T13:11:23","guid":{"rendered":"http:\/\/slovany.fpol.cz\/?page_id=649"},"modified":"2024-08-19T16:33:25","modified_gmt":"2024-08-19T14:33:25","slug":"ubytovani-v-plzni","status":"publish","type":"page","link":"https:\/\/www.sskslovany.cz\/?page_id=649","title":{"rendered":"Ubytov\u00e1n\u00ed v Plzni"},"content":{"rendered":"<h4 style=\"text-align: center;\">\u010cESK\u00dd ST\u0158ELECK\u00dd SVAZ<\/h4>\n<h3 style=\"text-align: center;\">MISTROVSTV\u00cd \u010cESK\u00c9 REPUBLIKY<br \/>\nVE SPORTOVN\u00cd ST\u0158ELB\u011a VETER\u00c1N\u016e<br \/>\nS MEZIN\u00c1RODN\u00cd \u00da\u010cAST\u00cd<\/h3>\n<p style=\"text-align: center;\">Odkazy na ubytov\u00e1n\u00ed v Plzni a okol\u00ed<\/p>\n<hr width=\"80%\" \/>\n<table style=\"height: 247px;\" width=\"580\" cellspacing=\"1\" cellpadding=\"0\">\n<tbody>\n<tr align=\"center\">\n<td style=\"text-align: center;\"><a href=\"http:\/\/www.turistik.cz\/cz\/kraje\/plzensky-kraj\/okres-plzen-mesto\/kategorie\/ubytovani\/\" target=\"_blank\" rel=\"noopener noreferrer\">www.turistik.cz<\/a><\/td>\n<td>www.pokojeplzen.cz<\/td>\n<td><a href=\"https:\/\/www.firmy.cz\/Cestovni-sluzby\/Ubytovaci-sluzby\/Levne-ubytovani\/kraj-plzensky\/plzen-mesto?nyni-otevreno\" target=\"_blank\" rel=\"noopener noreferrer\">www.firmy.cz<\/a><\/td>\n<\/tr>\n<tr align=\"center\">\n<td><a href=\"https:\/\/www.hotely.cz\/plzen\/\" target=\"_blank\" rel=\"noopener noreferrer\">www.hotely.cz<\/a><\/td>\n<td><a href=\"http:\/\/www.plzenubytovani.cz\/\" target=\"_blank\" rel=\"noopener noreferrer\">www.plzenubytovani.cz<\/a><\/td>\n<td><a href=\"http:\/\/www.ubytovanivcr.cz\/obec-plzen.html\" target=\"_blank\" rel=\"noopener noreferrer\">www.ubytovanivcr.cz<\/a><\/td>\n<\/tr>\n<tr align=\"center\">\n<td><a href=\"https:\/\/www.dopenzionu.cz\/penziony\/plzen\/\" target=\"_blank\" rel=\"noopener noreferrer\">www.dopenzionu.cz<\/a><\/td>\n<td><a href=\"https:\/\/www.uslavska.cz\/\" target=\"_blank\" rel=\"noopener noreferrer\">www.uslavska.cz\/<\/a><\/td>\n<td height=\"30\"><a href=\"http:\/\/www.turisturaj.cz\/?hledej=cile&amp;vyraz=Plze\u0148&amp;okres=&amp;typ=6&amp;typo=21&amp;prms[346]=&amp;prms[142]=&amp;prms[133]=&amp;x=0&amp;y=0\" target=\"_blank\" rel=\"noopener noreferrer\">www.turisturaj.cz<\/a><\/td>\n<\/tr>\n<tr align=\"center\">\n<td><a href=\"https:\/\/www.ehotel.cz\/hledani\/ubytovani\/Plze\u0148?uid=&amp;category=city&amp;accept_benefits=0&amp;accept_voucher=0\" target=\"_blank\" rel=\"noopener noreferrer\">www.ehotel.cz<\/a><\/td>\n<td><a href=\"http:\/\/www.zlatestranky.cz\" target=\"_blank\" rel=\"noopener\">www.zlatestranky.cz<\/a><\/td>\n<td height=\"30\"><a href=\"https:\/\/svetubytovani.cz\/zapadni-cechy\/plzen\" target=\"_blank\" rel=\"noopener noreferrer\">www.svetubytovani.cz<\/a><\/td>\n<\/tr>\n<tr align=\"center\">\n<td><a href=\"https:\/\/www.hotel.cz\/plzen\/\" target=\"_blank\" rel=\"noopener noreferrer\">www.hotel.cz<\/a><\/td>\n<td height=\"30\"><a href=\"https:\/\/www.trivago.cz\/?cpt=7342503&amp;iRoomType=7&amp;aHotelTestClassifier=&amp;iIncludeAll=0&amp;aPartner=&amp;iPathId=73425&amp;aDateRange[arr]=2017-03-26&amp;aDateRange[dep]=2017-03-27&amp;iGeoDistanceItem=0&amp;iViewType=0&amp;bIsSeoPage=false&amp;bIsSitemap=false&amp;\" target=\"_blank\" rel=\"noopener noreferrer\">www.trivago.cz<\/a><\/td>\n<td><a href=\"http:\/\/ubytovani.net\/ubytovani-plzen-1\" target=\"_blank\" rel=\"noopener noreferrer\">www.ubytovani.net<\/a><\/td>\n<\/tr>\n<tr align=\"center\">\n<td><a href=\"https:\/\/www.penziony.cz\/ubytovani\/plzen\/\" target=\"_blank\" rel=\"noopener noreferrer\">www.penziony.cz<\/a><\/td>\n<td><\/td>\n<td height=\"30\"><a href=\"http:\/\/www.booking.com\/searchresults.cs.html?label=gen173nr-1FCAEoggJCAlhYSDNiBW5vcmVmaDqIAQGYAQW4AQzIAQ_YAQHoAQH4AQuoAgM&amp;sid=7f864bbc5e616fe9c9ac6faa4762faff&amp;class_interval=1&amp;dest_id=-552708&amp;dest_type=city&amp;group_adults=2&amp;group_children=0&amp;hlrd=0&amp;label_clic\" target=\"_blank\" rel=\"noopener noreferrer\">www.booking.com<\/a><\/td>\n<\/tr>\n<tr align=\"center\">\n<td colspan=\"3\"><\/td>\n<\/tr>\n<\/tbody>\n<\/table>\n<hr width=\"80%\" \/>\n<table>\n<tbody>\n<tr>\n<td><\/td>\n<\/tr>\n<tr>\n<td align=\"center\"><iframe loading=\"lazy\" src=\"https:\/\/www.google.com\/maps\/d\/embed?mid=1LyAkUvF8sPU9aI2VBmZSItEWaPE&amp;hl=cs\" width=\"640\" height=\"480\"><\/iframe><\/td>\n<\/tr>\n<\/tbody>\n<\/table>\n<hr width=\"80%\" \/>\n","protected":false},"excerpt":{"rendered":"<p>\u010cESK\u00dd ST\u0158ELECK\u00dd SVAZ MISTROVSTV\u00cd \u010cESK\u00c9 REPUBLIKY VE SPORTOVN\u00cd ST\u0158ELB\u011a VETER\u00c1N\u016e S MEZIN\u00c1RODN\u00cd \u00da\u010cAST\u00cd Odkazy na ubytov\u00e1n\u00ed v Plzni a okol\u00ed www.turistik.cz www.pokojeplzen.cz www.firmy.cz www.hotely.cz www.plzenubytovani.cz www.ubytovanivcr.cz www.dopenzionu.cz www.uslavska.cz\/ www.turisturaj.cz www.ehotel.cz [&hellip;]<\/p>\n","protected":false},"author":1,"featured_media":0,"parent":244,"menu_order":3,"comment_status":"closed","ping_status":"closed","template":"","meta":{"_crdt_document":"","footnotes":""},"class_list":["post-649","page","type-page","status-publish","hentry"],"_links":{"self":[{"href":"https:\/\/www.sskslovany.cz\/index.php?rest_route=\/wp\/v2\/pages\/649","targetHints":{"allow":["GET"]}}],"collection":[{"href":"https:\/\/www.sskslovany.cz\/index.php?rest_route=\/wp\/v2\/pages"}],"about":[{"href":"https:\/\/www.sskslovany.cz\/index.php?rest_route=\/wp\/v2\/types\/page"}],"author":[{"embeddable":true,"href":"https:\/\/www.sskslovany.cz\/index.php?rest_route=\/wp\/v2\/users\/1"}],"replies":[{"embeddable":true,"href":"https:\/\/www.sskslovany.cz\/index.php?rest_route=%2Fwp%2Fv2%2Fcomments&post=649"}],"version-history":[{"count":34,"href":"https:\/\/www.sskslovany.cz\/index.php?rest_route=\/wp\/v2\/pages\/649\/revisions"}],"predecessor-version":[{"id":8105,"href":"https:\/\/www.sskslovany.cz\/index.php?rest_route=\/wp\/v2\/pages\/649\/revisions\/8105"}],"up":[{"embeddable":true,"href":"https:\/\/www.sskslovany.cz\/index.php?rest_route=\/wp\/v2\/pages\/244"}],"wp:attachment":[{"href":"https:\/\/www.sskslovany.cz\/index.php?rest_route=%2Fwp%2Fv2%2Fmedia&parent=649"}],"curies":[{"name":"wp","href":"https:\/\/api.w.org\/{rel}","templated":true}]}}