{"id":6269,"date":"2021-10-31T22:33:34","date_gmt":"2021-10-31T21:33:34","guid":{"rendered":"https:\/\/www.sskslovany.cz\/?page_id=6269"},"modified":"2021-10-31T23:42:59","modified_gmt":"2021-10-31T22:42:59","slug":"sel-2122-seznam-prihlasenych-soutezicich","status":"publish","type":"page","link":"https:\/\/www.sskslovany.cz\/?page_id=6269","title":{"rendered":"SEL 2122 &#8211; Seznam p\u0159ihl\u00e1\u0161en\u00fdch sout\u011b\u017e\u00edc\u00edch"},"content":{"rendered":"\n<center><iframe loading=\"lazy\" width=\"577\" height=\"700\" src=\"https:\/\/docs.google.com\/spreadsheets\/d\/e\/2PACX-1vSmuMs_gk9iSpMNQUSokkZaC2DFsxau5u8N1wxm_-qWb3zmNEh7Id9Gxw-ZSUb43WrYA2EujwX89X5e\/pubhtml?gid=0&amp;single=true&amp;widget=true&amp;headers=false\"><\/iframe><\/center>\n\n\n\n<ul class=\"wp-block-list\"><li><a href=\"https:\/\/www.sskslovany.cz?download=6284\" target=\"_blank\" rel=\"noreferrer noopener\">Propozice<\/a><\/li><li><a href=\"https:\/\/www.sskslovany.cz\/?page_id=6249\" target=\"_blank\" rel=\"noreferrer noopener\">P\u0159ihl\u00e1\u0161ka<\/a><\/li><\/ul>\n\n\n\n<p class=\"wp-block-paragraph\"><\/p>\n","protected":false},"excerpt":{"rendered":"<p>Propozice P\u0159ihl\u00e1\u0161ka<\/p>\n","protected":false},"author":1,"featured_media":0,"parent":0,"menu_order":0,"comment_status":"closed","ping_status":"closed","template":"page-nosidebar.php","meta":{"_crdt_document":"","footnotes":""},"class_list":["post-6269","page","type-page","status-publish","hentry"],"_links":{"self":[{"href":"https:\/\/www.sskslovany.cz\/index.php?rest_route=\/wp\/v2\/pages\/6269","targetHints":{"allow":["GET"]}}],"collection":[{"href":"https:\/\/www.sskslovany.cz\/index.php?rest_route=\/wp\/v2\/pages"}],"about":[{"href":"https:\/\/www.sskslovany.cz\/index.php?rest_route=\/wp\/v2\/types\/page"}],"author":[{"embeddable":true,"href":"https:\/\/www.sskslovany.cz\/index.php?rest_route=\/wp\/v2\/users\/1"}],"replies":[{"embeddable":true,"href":"https:\/\/www.sskslovany.cz\/index.php?rest_route=%2Fwp%2Fv2%2Fcomments&post=6269"}],"version-history":[{"count":14,"href":"https:\/\/www.sskslovany.cz\/index.php?rest_route=\/wp\/v2\/pages\/6269\/revisions"}],"predecessor-version":[{"id":6292,"href":"https:\/\/www.sskslovany.cz\/index.php?rest_route=\/wp\/v2\/pages\/6269\/revisions\/6292"}],"wp:attachment":[{"href":"https:\/\/www.sskslovany.cz\/index.php?rest_route=%2Fwp%2Fv2%2Fmedia&parent=6269"}],"curies":[{"name":"wp","href":"https:\/\/api.w.org\/{rel}","templated":true}]}}