{"id":6048,"date":"2021-07-07T23:32:33","date_gmt":"2021-07-07T21:32:33","guid":{"rendered":"https:\/\/www.sskslovany.cz\/?page_id=6048"},"modified":"2021-12-20T14:16:31","modified_gmt":"2021-12-20T13:16:31","slug":"vysledky-2021","status":"publish","type":"page","link":"https:\/\/www.sskslovany.cz\/?page_id=6048","title":{"rendered":"V\u00fdsledky 2021"},"content":{"rendered":"\n<ul class=\"wp-block-list\"><li><strong><a  data-e-Disable-Page-Transition=\"true\" class=\"download-link\" title=\"\" href=\"https:\/\/www.sskslovany.cz?download=6043&amp;tmstv=1777147369\" rel=\"nofollow\" id=\"download-link-6043\" data-redirect=\"false\" >\n\t20210704 - Slovansk\u00e1 liga LP 60 - 1. kolo\t(sta\u017eeno 725\u00d7 \t)\n<\/a>\n<\/strong><\/li><li><strong><a  data-e-Disable-Page-Transition=\"true\" class=\"download-link\" title=\"\" href=\"https:\/\/www.sskslovany.cz?download=6080&amp;tmstv=1777147369\" rel=\"nofollow\" id=\"download-link-6080\" data-redirect=\"false\" >\n\t20210801 - Slovansk\u00e1 liga LP 60 - 2. kolo\t(sta\u017eeno 665\u00d7 \t)\n<\/a>\n<\/strong><\/li><li><strong><a  data-e-Disable-Page-Transition=\"true\" class=\"download-link\" title=\"\" href=\"https:\/\/www.sskslovany.cz?download=6138&amp;tmstv=1777147369\" rel=\"nofollow\" id=\"download-link-6138\" data-redirect=\"false\" >\n\t20210912 - Slovansk\u00e1 liga LP 60 - 3. kolo\t(sta\u017eeno 661\u00d7 \t)\n<\/a>\n<\/strong><\/li><li><strong><a  data-e-Disable-Page-Transition=\"true\" class=\"download-link\" title=\"\" href=\"https:\/\/www.sskslovany.cz?download=6179&amp;tmstv=1777147369\" rel=\"nofollow\" id=\"download-link-6179\" data-redirect=\"false\" >\n\t20211009 - Plze\u0148sk\u00fd revolver\t(sta\u017eeno 645\u00d7 \t)\n<\/a>\n<\/strong><\/li><li><strong><a  data-e-Disable-Page-Transition=\"true\" class=\"download-link\" title=\"\" href=\"https:\/\/www.sskslovany.cz?download=6183&amp;tmstv=1777147369\" rel=\"nofollow\" id=\"download-link-6183\" data-redirect=\"false\" >\n\t20211009 - Ko\u0161uteck\u00e1 m\u00ed\u0159enka\t(sta\u017eeno 659\u00d7 \t)\n<\/a>\n<\/strong><\/li><li><strong><a  data-e-Disable-Page-Transition=\"true\" class=\"download-link\" title=\"\" href=\"https:\/\/www.sskslovany.cz?download=6326&amp;tmstv=1777147369\" rel=\"nofollow\" id=\"download-link-6326\" data-redirect=\"false\" >\n\t20211106 - Slovansk\u00e1 elektronick\u00e1 liga - 1. kolo\t(sta\u017eeno 1004\u00d7 \t)\n<\/a>\n<\/strong><\/li><li><strong><a  data-e-Disable-Page-Transition=\"true\" class=\"download-link\" title=\"\" href=\"https:\/\/www.sskslovany.cz?download=6401&amp;tmstv=1777147369\" rel=\"nofollow\" id=\"download-link-6401\" data-redirect=\"false\" >\n\t20211204 - Slovansk\u00e1 elektronick\u00e1 liga - 2.kolo\t(sta\u017eeno 979\u00d7 \t)\n<\/a>\n<\/strong><\/li><li><strong><a  data-e-Disable-Page-Transition=\"true\" class=\"download-link\" title=\"\" href=\"https:\/\/www.sskslovany.cz?download=6411&amp;tmstv=1777147369\" rel=\"nofollow\" id=\"download-link-6411\" data-redirect=\"false\" >\n\t20211218 - V\u00e1no\u010dn\u00ed vzduchovka\t(sta\u017eeno 701\u00d7 \t)\n<\/a>\n<\/strong><\/li><\/ul>\n","protected":false},"excerpt":{"rendered":"","protected":false},"author":1,"featured_media":0,"parent":0,"menu_order":0,"comment_status":"closed","ping_status":"closed","template":"","meta":{"_crdt_document":"","footnotes":""},"class_list":["post-6048","page","type-page","status-publish","hentry"],"_links":{"self":[{"href":"https:\/\/www.sskslovany.cz\/index.php?rest_route=\/wp\/v2\/pages\/6048","targetHints":{"allow":["GET"]}}],"collection":[{"href":"https:\/\/www.sskslovany.cz\/index.php?rest_route=\/wp\/v2\/pages"}],"about":[{"href":"https:\/\/www.sskslovany.cz\/index.php?rest_route=\/wp\/v2\/types\/page"}],"author":[{"embeddable":true,"href":"https:\/\/www.sskslovany.cz\/index.php?rest_route=\/wp\/v2\/users\/1"}],"replies":[{"embeddable":true,"href":"https:\/\/www.sskslovany.cz\/index.php?rest_route=%2Fwp%2Fv2%2Fcomments&post=6048"}],"version-history":[{"count":7,"href":"https:\/\/www.sskslovany.cz\/index.php?rest_route=\/wp\/v2\/pages\/6048\/revisions"}],"predecessor-version":[{"id":6416,"href":"https:\/\/www.sskslovany.cz\/index.php?rest_route=\/wp\/v2\/pages\/6048\/revisions\/6416"}],"wp:attachment":[{"href":"https:\/\/www.sskslovany.cz\/index.php?rest_route=%2Fwp%2Fv2%2Fmedia&parent=6048"}],"curies":[{"name":"wp","href":"https:\/\/api.w.org\/{rel}","templated":true}]}}