{"id":5248,"date":"2020-01-04T18:54:20","date_gmt":"2020-01-04T17:54:20","guid":{"rendered":"http:\/\/www.sskslovany.cz\/?page_id=5248"},"modified":"2020-09-14T22:16:23","modified_gmt":"2020-09-14T20:16:23","slug":"vysledky-2020","status":"publish","type":"page","link":"https:\/\/www.sskslovany.cz\/?page_id=5248","title":{"rendered":"V\u00fdsledky 2020"},"content":{"rendered":"\n<ul class=\"wp-block-list\"><li><strong><a  data-e-Disable-Page-Transition=\"true\" class=\"download-link\" title=\"\" href=\"https:\/\/www.sskslovany.cz?download=5241&amp;tmstv=1777141866\" rel=\"nofollow\" id=\"download-link-5241\" data-redirect=\"false\" >\n\t20200104 - O poh\u00e1r SSK Plze\u0148 - Slovany\t(sta\u017eeno 1905\u00d7 \t)\n<\/a>\n<\/strong><\/li><li><strong><a  data-e-Disable-Page-Transition=\"true\" class=\"download-link\" title=\"\" href=\"https:\/\/www.sskslovany.cz?download=5258&amp;tmstv=1777141866\" rel=\"nofollow\" id=\"download-link-5258\" data-redirect=\"false\" >\n\t20200111 - Lednov\u00e1 vzduchovka\t(sta\u017eeno 841\u00d7 \t)\n<\/a>\n<\/strong><\/li><li><strong><a  data-e-Disable-Page-Transition=\"true\" class=\"download-link\" title=\"\" href=\"https:\/\/www.sskslovany.cz?download=5266&amp;tmstv=1777141866\" rel=\"nofollow\" id=\"download-link-5266\" data-redirect=\"false\" >\n\t20200118 - Slovansk\u00e1 elektronick\u00e1 liga 3. kolo\t(sta\u017eeno 983\u00d7 \t)\n<\/a>\n<\/strong><\/li><li><a  data-e-Disable-Page-Transition=\"true\" class=\"download-link\" title=\"\" href=\"https:\/\/www.sskslovany.cz?download=5274&amp;tmstv=1777141866\" rel=\"nofollow\" id=\"download-link-5274\" data-redirect=\"false\" >\n\t20200125 - Chodsk\u00fd \u010dakan\t(sta\u017eeno 706\u00d7 \t)\n<\/a>\n<\/li><li><strong><a  data-e-Disable-Page-Transition=\"true\" class=\"download-link\" title=\"\" href=\"https:\/\/www.sskslovany.cz?download=5348&amp;tmstv=1777141866\" rel=\"nofollow\" id=\"download-link-5348\" data-redirect=\"false\" >\n\t20200215 - \u00danorov\u00e1 vzduchovka\t(sta\u017eeno 868\u00d7 \t)\n<\/a>\n<\/strong><\/li><li><strong><a  data-e-Disable-Page-Transition=\"true\" class=\"download-link\" title=\"\" href=\"https:\/\/www.sskslovany.cz?download=5391&amp;tmstv=1777141866\" rel=\"nofollow\" id=\"download-link-5391\" data-redirect=\"false\" >\n\t20200222 - Slovansk\u00e1 elektronick\u00e1 liga 4. kolo\t(sta\u017eeno 944\u00d7 \t)\n<\/a>\n<\/strong><\/li><li><strong><a  data-e-Disable-Page-Transition=\"true\" class=\"download-link\" title=\"\" href=\"https:\/\/www.sskslovany.cz?download=5457&amp;tmstv=1777141866\" rel=\"nofollow\" id=\"download-link-5457\" data-redirect=\"false\" >\n\t20200307 - B\u0159eznov\u00e1 vzduchovka\t(sta\u017eeno 814\u00d7 \t)\n<\/a>\n<\/strong><\/li><li><strong><a  data-e-Disable-Page-Transition=\"true\" class=\"download-link\" title=\"\" href=\"https:\/\/www.sskslovany.cz?download=5467&amp;tmstv=1777141866\" rel=\"nofollow\" id=\"download-link-5467\" data-redirect=\"false\" >\n\t20200308 - Fin\u00e1le Slovansk\u00e9 elektronick\u00e9 ligy 2020\t(sta\u017eeno 825\u00d7 \t)\n<\/a>\n<\/strong><\/li><li><strong><a  data-e-Disable-Page-Transition=\"true\" class=\"download-link\" title=\"\" href=\"https:\/\/www.sskslovany.cz?download=5627&amp;tmstv=1777141866\" rel=\"nofollow\" id=\"download-link-5627\" data-redirect=\"false\" >\n\t20200613 - Plze\u0148sk\u00fd revolver\t(sta\u017eeno 721\u00d7 \t)\n<\/a>\n<\/strong><\/li><li><strong><a  data-e-Disable-Page-Transition=\"true\" class=\"download-link\" title=\"\" href=\"https:\/\/www.sskslovany.cz?download=5634&amp;tmstv=1777141866\" rel=\"nofollow\" id=\"download-link-5634\" data-redirect=\"false\" >\n\t20200627 - Ko\u0161uteck\u00e1 sportka\t(sta\u017eeno 762\u00d7 \t)\n<\/a>\n<\/strong><\/li><li><strong><a  data-e-Disable-Page-Transition=\"true\" class=\"download-link\" title=\"\" href=\"https:\/\/www.sskslovany.cz?download=5654&amp;tmstv=1777141866\" rel=\"nofollow\" id=\"download-link-5654\" data-redirect=\"false\" >\n\t20200705 - Slovansk\u00e1 liga LP 60 - 2. kolo\t(sta\u017eeno 761\u00d7 \t)\n<\/a>\n<\/strong><\/li><li><strong><a  data-e-Disable-Page-Transition=\"true\" class=\"download-link\" title=\"\" href=\"https:\/\/www.sskslovany.cz?download=5685&amp;tmstv=1777141866\" rel=\"nofollow\" id=\"download-link-5685\" data-redirect=\"false\" >\n\t20200802 - Slovansk\u00e1 liga LP 60 - 3. kolo\t(sta\u017eeno 747\u00d7 \t)\n<\/a>\n<\/strong><\/li><li><strong><a  data-e-Disable-Page-Transition=\"true\" class=\"download-link\" title=\"\" href=\"https:\/\/www.sskslovany.cz?download=5740&amp;tmstv=1777141866\" rel=\"nofollow\" id=\"download-link-5740\" data-redirect=\"false\" >\n\t20200913 - Slovansk\u00e1 liga LP 60 - 4. kolo\t(sta\u017eeno 743\u00d7 \t)\n<\/a>\n<\/strong><\/li><\/ul>\n","protected":false},"excerpt":{"rendered":"","protected":false},"author":1,"featured_media":0,"parent":0,"menu_order":0,"comment_status":"closed","ping_status":"closed","template":"","meta":{"_crdt_document":"","footnotes":""},"class_list":["post-5248","page","type-page","status-publish","hentry"],"_links":{"self":[{"href":"https:\/\/www.sskslovany.cz\/index.php?rest_route=\/wp\/v2\/pages\/5248","targetHints":{"allow":["GET"]}}],"collection":[{"href":"https:\/\/www.sskslovany.cz\/index.php?rest_route=\/wp\/v2\/pages"}],"about":[{"href":"https:\/\/www.sskslovany.cz\/index.php?rest_route=\/wp\/v2\/types\/page"}],"author":[{"embeddable":true,"href":"https:\/\/www.sskslovany.cz\/index.php?rest_route=\/wp\/v2\/users\/1"}],"replies":[{"embeddable":true,"href":"https:\/\/www.sskslovany.cz\/index.php?rest_route=%2Fwp%2Fv2%2Fcomments&post=5248"}],"version-history":[{"count":13,"href":"https:\/\/www.sskslovany.cz\/index.php?rest_route=\/wp\/v2\/pages\/5248\/revisions"}],"predecessor-version":[{"id":5744,"href":"https:\/\/www.sskslovany.cz\/index.php?rest_route=\/wp\/v2\/pages\/5248\/revisions\/5744"}],"wp:attachment":[{"href":"https:\/\/www.sskslovany.cz\/index.php?rest_route=%2Fwp%2Fv2%2Fmedia&parent=5248"}],"curies":[{"name":"wp","href":"https:\/\/api.w.org\/{rel}","templated":true}]}}