{"id":5174,"date":"2019-12-04T14:04:32","date_gmt":"2019-12-04T13:04:32","guid":{"rendered":"http:\/\/www.sskslovany.cz\/?page_id=5174"},"modified":"2020-10-07T23:16:26","modified_gmt":"2020-10-07T21:16:26","slug":"propozice-2020","status":"publish","type":"page","link":"https:\/\/www.sskslovany.cz\/?page_id=5174","title":{"rendered":"Propozice 2020"},"content":{"rendered":"\n<ul class=\"wp-block-list\"><li><strong><a  data-e-Disable-Page-Transition=\"true\" class=\"download-link\" title=\"\" href=\"https:\/\/www.sskslovany.cz?download=5042&amp;tmstv=1777141866\" rel=\"nofollow\" id=\"download-link-5042\" data-redirect=\"false\" >\n\t20191122-20200308 - Slovansk\u00e1 elektronick\u00e1 liga 2019\/2020\t(sta\u017eeno 2023\u00d7 \t)\n<\/a>\n<\/strong><\/li><li><strong><a  data-e-Disable-Page-Transition=\"true\" class=\"download-link\" title=\"\" href=\"https:\/\/www.sskslovany.cz?download=4962&amp;tmstv=1777141866\" rel=\"nofollow\" id=\"download-link-4962\" data-redirect=\"false\" >\n\t20191221-20200307 - Vzduchov\u00e1 pistole na Ko\u0161utce\t(sta\u017eeno 2758\u00d7 \t)\n<\/a>\n<\/strong><\/li><li><strong><a  data-e-Disable-Page-Transition=\"true\" class=\"download-link\" title=\"\" href=\"https:\/\/www.sskslovany.cz?download=4760&amp;tmstv=1777141866\" rel=\"nofollow\" id=\"download-link-4760\" data-redirect=\"false\" >\n\t20200104 - O poh\u00e1r SSK Plze\u0148 - Slovany\t(sta\u017eeno 1366\u00d7 \t)\n<\/a>\n<\/strong><\/li><li><a  data-e-Disable-Page-Transition=\"true\" class=\"download-link\" title=\"\" href=\"https:\/\/www.sskslovany.cz?download=5207&amp;tmstv=1777141866\" rel=\"nofollow\" id=\"download-link-5207\" data-redirect=\"false\" >\n\t20200117-20200119 - Liberec, SYNER, Eminger\t(sta\u017eeno 653\u00d7 \t)\n<\/a>\n<\/li><li><a  data-e-Disable-Page-Transition=\"true\" class=\"download-link\" title=\"\" href=\"https:\/\/www.sskslovany.cz?download=5210&amp;tmstv=1777141866\" rel=\"nofollow\" id=\"download-link-5210\" data-redirect=\"false\" >\n\t20200125 - Chodsk\u00fd \u010dakan\t(sta\u017eeno 659\u00d7 \t)\n<\/a>\n<\/li><li><a  data-e-Disable-Page-Transition=\"true\" class=\"download-link\" title=\"\" href=\"https:\/\/www.sskslovany.cz?download=5474&amp;tmstv=1777141866\" rel=\"nofollow\" id=\"download-link-5474\" data-redirect=\"false\" >\n\t20200411-20200815 - Chodsk\u00fd seniorsk\u00fd le\u017e\u00e1k\t(sta\u017eeno 637\u00d7 \t)\n<\/a>\n<\/li><li><strong><a  data-e-Disable-Page-Transition=\"true\" class=\"download-link\" title=\"\" href=\"https:\/\/www.sskslovany.cz?download=5506&amp;tmstv=1777141866\" rel=\"nofollow\" id=\"download-link-5506\" data-redirect=\"false\" >\n\t20200426-20200913 - Slovansk\u00e1 liga LP 60\t(sta\u017eeno 939\u00d7 \t)\n<\/a>\n<\/strong><\/li><li><strong><a  data-e-Disable-Page-Transition=\"true\" class=\"download-link\" title=\"\" href=\"https:\/\/www.sskslovany.cz?download=5503&amp;tmstv=1777141866\" rel=\"nofollow\" id=\"download-link-5503\" data-redirect=\"false\" >\n\t20200613 - Plze\u0148sk\u00fd revolver\t(sta\u017eeno 885\u00d7 \t)\n<\/a>\n<\/strong><\/li><li><a  data-e-Disable-Page-Transition=\"true\" class=\"download-link\" title=\"\" href=\"https:\/\/www.sskslovany.cz?download=5500&amp;tmstv=1777141866\" rel=\"nofollow\" id=\"download-link-5500\" data-redirect=\"false\" >\n\t20200613 - Krajsk\u00fd p\u0159ebor Plze\u0148sk\u00e9ho KS - VP 30+30\t(sta\u017eeno 685\u00d7 \t)\n<\/a>\n<\/li><li><a  data-e-Disable-Page-Transition=\"true\" class=\"download-link\" title=\"\" href=\"https:\/\/www.sskslovany.cz?download=5606&amp;tmstv=1777141866\" rel=\"nofollow\" id=\"download-link-5606\" data-redirect=\"false\" >\n\t20200613 - Jarn\u00ed sout\u011b\u017e Dukly\t(sta\u017eeno 738\u00d7 \t)\n<\/a>\n<\/li><li><a  data-e-Disable-Page-Transition=\"true\" class=\"download-link\" title=\"\" href=\"https:\/\/www.sskslovany.cz?download=5611&amp;tmstv=1777141866\" rel=\"nofollow\" id=\"download-link-5611\" data-redirect=\"false\" >\n\t20200627 - Letn\u00ed cena Chaloupek\t(sta\u017eeno 592\u00d7 \t)\n<\/a>\n<\/li><li><a  data-e-Disable-Page-Transition=\"true\" class=\"download-link\" title=\"\" href=\"https:\/\/www.sskslovany.cz?download=5644&amp;tmstv=1777141866\" rel=\"nofollow\" id=\"download-link-5644\" data-redirect=\"false\" >\n\t20200711 - Letn\u00ed VC Novoles\t(sta\u017eeno 540\u00d7 \t)\n<\/a>\n<\/li><li><a  data-e-Disable-Page-Transition=\"true\" class=\"download-link\" title=\"\" href=\"https:\/\/www.sskslovany.cz?download=5662&amp;tmstv=1777141866\" rel=\"nofollow\" id=\"download-link-5662\" data-redirect=\"false\" >\n\t20200801 - Letn\u00ed cena Klatov\t(sta\u017eeno 720\u00d7 \t)\n<\/a>\n<\/li><li><a  data-e-Disable-Page-Transition=\"true\" class=\"download-link\" title=\"\" href=\"https:\/\/www.sskslovany.cz?download=5675&amp;tmstv=1777141866\" rel=\"nofollow\" id=\"download-link-5675\" data-redirect=\"false\" >\n\t20200815 - VC SKP Psohlavec Doma\u017elice\t(sta\u017eeno 590\u00d7 \t)\n<\/a>\n<\/li><li><a  data-e-Disable-Page-Transition=\"true\" class=\"download-link\" title=\"\" href=\"https:\/\/www.sskslovany.cz?download=5705&amp;tmstv=1777141866\" rel=\"nofollow\" id=\"download-link-5705\" data-redirect=\"false\" >\n\t20200906 - Podzimn\u00ed VC Novoles\t(sta\u017eeno 574\u00d7 \t)\n<\/a>\n<\/li><li><a  data-e-Disable-Page-Transition=\"true\" class=\"download-link\" title=\"\" href=\"https:\/\/www.sskslovany.cz?download=5696&amp;tmstv=1777141866\" rel=\"nofollow\" id=\"download-link-5696\" data-redirect=\"false\" >\n\t20200912 - Jarn\u00ed cena Dukly\t(sta\u017eeno 572\u00d7 \t)\n<\/a>\n<\/li><li><a  data-e-Disable-Page-Transition=\"true\" class=\"download-link\" title=\"\" href=\"https:\/\/www.sskslovany.cz?download=5713&amp;tmstv=1777141866\" rel=\"nofollow\" id=\"download-link-5713\" data-redirect=\"false\" >\n\t20200912 - Poh\u00e1r Svornosti\t(sta\u017eeno 571\u00d7 \t)\n<\/a>\n<\/li><li><a  data-e-Disable-Page-Transition=\"true\" class=\"download-link\" title=\"\" href=\"https:\/\/www.sskslovany.cz?download=5720&amp;tmstv=1777141866\" rel=\"nofollow\" id=\"download-link-5720\" data-redirect=\"false\" >\n\t20200912-20200913 - VC Pelh\u0159imova - Memori\u00e1l Josefa Veverky\t(sta\u017eeno 551\u00d7 \t)\n<\/a>\n<\/li><li><a  data-e-Disable-Page-Transition=\"true\" class=\"download-link\" title=\"\" href=\"https:\/\/www.sskslovany.cz?download=5728&amp;tmstv=1777141866\" rel=\"nofollow\" id=\"download-link-5728\" data-redirect=\"false\" >\n\t20200926-20200927 - V\u00edkendov\u00fd mezin\u00e1rodn\u00ed z\u00e1vod\t(sta\u017eeno 576\u00d7 \t)\n<\/a>\n<\/li><li><a  data-e-Disable-Page-Transition=\"true\" class=\"download-link\" title=\"\" href=\"https:\/\/www.sskslovany.cz?download=5745&amp;tmstv=1777141866\" rel=\"nofollow\" id=\"download-link-5745\" data-redirect=\"false\" >\n\t20201003 - Podzimn\u00ed cena Chaloupek\t(sta\u017eeno 528\u00d7 \t)\n<\/a>\n<\/li><li><strong><a  data-e-Disable-Page-Transition=\"true\" class=\"download-link\" title=\"\" href=\"https:\/\/www.sskslovany.cz?download=5757&amp;tmstv=1777141866\" rel=\"nofollow\" id=\"download-link-5757\" data-redirect=\"false\" >\n\t20201219-20210306 - VzPi Ko\u0161utka\t(sta\u017eeno 1254\u00d7 \t)\n<\/a>\n<\/strong><\/li><\/ul>\n\n\n\n<p class=\"wp-block-paragraph\"><\/p>\n","protected":false},"excerpt":{"rendered":"","protected":false},"author":1,"featured_media":0,"parent":0,"menu_order":0,"comment_status":"closed","ping_status":"closed","template":"","meta":{"_crdt_document":"","footnotes":""},"class_list":["post-5174","page","type-page","status-publish","hentry"],"_links":{"self":[{"href":"https:\/\/www.sskslovany.cz\/index.php?rest_route=\/wp\/v2\/pages\/5174","targetHints":{"allow":["GET"]}}],"collection":[{"href":"https:\/\/www.sskslovany.cz\/index.php?rest_route=\/wp\/v2\/pages"}],"about":[{"href":"https:\/\/www.sskslovany.cz\/index.php?rest_route=\/wp\/v2\/types\/page"}],"author":[{"embeddable":true,"href":"https:\/\/www.sskslovany.cz\/index.php?rest_route=\/wp\/v2\/users\/1"}],"replies":[{"embeddable":true,"href":"https:\/\/www.sskslovany.cz\/index.php?rest_route=%2Fwp%2Fv2%2Fcomments&post=5174"}],"version-history":[{"count":19,"href":"https:\/\/www.sskslovany.cz\/index.php?rest_route=\/wp\/v2\/pages\/5174\/revisions"}],"predecessor-version":[{"id":5762,"href":"https:\/\/www.sskslovany.cz\/index.php?rest_route=\/wp\/v2\/pages\/5174\/revisions\/5762"}],"wp:attachment":[{"href":"https:\/\/www.sskslovany.cz\/index.php?rest_route=%2Fwp%2Fv2%2Fmedia&parent=5174"}],"curies":[{"name":"wp","href":"https:\/\/api.w.org\/{rel}","templated":true}]}}