{"id":5033,"date":"2019-10-30T21:44:08","date_gmt":"2019-10-30T20:44:08","guid":{"rendered":"http:\/\/www.sskslovany.cz\/?page_id=5033"},"modified":"2021-11-01T00:32:20","modified_gmt":"2021-10-31T23:32:20","slug":"sel-1920-seznam-prihlasenych-soutezicich","status":"publish","type":"page","link":"https:\/\/www.sskslovany.cz\/?page_id=5033","title":{"rendered":"SEL 1920 &#8211; Seznam p\u0159ihl\u00e1\u0161en\u00fdch sout\u011b\u017e\u00edc\u00edch"},"content":{"rendered":"\n<!--Po\u010dty voln\u00fdch stav\u016f + Seznam p\u0159ihl\u00e1\u0161en\u00fdch-->\n<iframe loading=\"lazy\" src=\"https:\/\/docs.google.com\/spreadsheets\/d\/e\/2PACX-1vTqCr7vq9UZU6RdCMyVwR4WiPd28B_1VGyMdNdpbNHSMwSttwwribSIJE83asx6EoFAsnY9j1lWvGKG\/pubhtml?gid=0&amp;single=true&amp;widget=true&amp;headers=false\" width=\"100%\" height=\"500\"><\/iframe>\n\n\n\n<hr class=\"wp-block-separator\"\/>\n\n\n\n<ul class=\"wp-block-list\"><li><a href=\"http:\/\/www.sskslovany.cz?download=5042\">Propozice<\/a><\/li><li><a href=\"http:\/\/www.sskslovany.cz\/?page_id=4970\">P\u0159ihl\u00e1\u0161ka<\/a><\/li><\/ul>\n\n\n\n<hr class=\"wp-block-separator\"\/>\n","protected":false},"excerpt":{"rendered":"<p>Propozice P\u0159ihl\u00e1\u0161ka<\/p>\n","protected":false},"author":1,"featured_media":0,"parent":0,"menu_order":0,"comment_status":"closed","ping_status":"closed","template":"","meta":{"_crdt_document":"","footnotes":""},"class_list":["post-5033","page","type-page","status-publish","hentry"],"_links":{"self":[{"href":"https:\/\/www.sskslovany.cz\/index.php?rest_route=\/wp\/v2\/pages\/5033","targetHints":{"allow":["GET"]}}],"collection":[{"href":"https:\/\/www.sskslovany.cz\/index.php?rest_route=\/wp\/v2\/pages"}],"about":[{"href":"https:\/\/www.sskslovany.cz\/index.php?rest_route=\/wp\/v2\/types\/page"}],"author":[{"embeddable":true,"href":"https:\/\/www.sskslovany.cz\/index.php?rest_route=\/wp\/v2\/users\/1"}],"replies":[{"embeddable":true,"href":"https:\/\/www.sskslovany.cz\/index.php?rest_route=%2Fwp%2Fv2%2Fcomments&post=5033"}],"version-history":[{"count":11,"href":"https:\/\/www.sskslovany.cz\/index.php?rest_route=\/wp\/v2\/pages\/5033\/revisions"}],"predecessor-version":[{"id":6307,"href":"https:\/\/www.sskslovany.cz\/index.php?rest_route=\/wp\/v2\/pages\/5033\/revisions\/6307"}],"wp:attachment":[{"href":"https:\/\/www.sskslovany.cz\/index.php?rest_route=%2Fwp%2Fv2%2Fmedia&parent=5033"}],"curies":[{"name":"wp","href":"https:\/\/api.w.org\/{rel}","templated":true}]}}