{"id":4970,"date":"2019-10-15T10:55:58","date_gmt":"2019-10-15T09:55:58","guid":{"rendered":"http:\/\/www.sskslovany.cz\/?page_id=4970"},"modified":"2019-11-24T21:36:17","modified_gmt":"2019-11-24T20:36:17","slug":"sel-1920-prihlaska","status":"publish","type":"page","link":"https:\/\/www.sskslovany.cz\/?page_id=4970","title":{"rendered":"SEL 1920 &#8211; P\u0159ihl\u00e1\u0161ka"},"content":{"rendered":"\n<h3 class=\"has-text-align-center wp-block-heading\">Slovansk\u00e1 elektronick\u00e1 liga 2019\/2020<\/h3>\n\n\n\n<h4 class=\"has-text-align-center wp-block-heading\">p\u0159ihl\u00e1\u0161ka<\/h4>\n\n\n\n<iframe loading=\"lazy\" width=\"100%\" height=\"220\" align=\"center\" src=\"https:\/\/docs.google.com\/spreadsheets\/d\/e\/2PACX-1vTqCr7vq9UZU6RdCMyVwR4WiPd28B_1VGyMdNdpbNHSMwSttwwribSIJE83asx6EoFAsnY9j1lWvGKG\/pubhtml?gid=2048943465&amp;single=true&amp;widget=true&amp;headers=false\"><\/iframe>\n\n\n\n<h5 class=\"wp-block-heading\">P\u0158IHL\u00c1\u0160KA<\/h5>\n\n\n\n<div class=\"cognito\">\n<script src=\"https:\/\/services.cognitoforms.com\/s\/jJMh4QYEYEi8SyFtqmideQ\"><\/script>\n<script>Cognito.load(\"forms\", { id: \"29\" });<\/script>\n<\/div>\n","protected":false},"excerpt":{"rendered":"<p>Slovansk\u00e1 elektronick\u00e1 liga 2019\/2020 p\u0159ihl\u00e1\u0161ka P\u0158IHL\u00c1\u0160KA<\/p>\n","protected":false},"author":1,"featured_media":0,"parent":0,"menu_order":0,"comment_status":"closed","ping_status":"closed","template":"page-template-full.php","meta":{"_crdt_document":"","footnotes":""},"class_list":["post-4970","page","type-page","status-publish","hentry"],"_links":{"self":[{"href":"https:\/\/www.sskslovany.cz\/index.php?rest_route=\/wp\/v2\/pages\/4970","targetHints":{"allow":["GET"]}}],"collection":[{"href":"https:\/\/www.sskslovany.cz\/index.php?rest_route=\/wp\/v2\/pages"}],"about":[{"href":"https:\/\/www.sskslovany.cz\/index.php?rest_route=\/wp\/v2\/types\/page"}],"author":[{"embeddable":true,"href":"https:\/\/www.sskslovany.cz\/index.php?rest_route=\/wp\/v2\/users\/1"}],"replies":[{"embeddable":true,"href":"https:\/\/www.sskslovany.cz\/index.php?rest_route=%2Fwp%2Fv2%2Fcomments&post=4970"}],"version-history":[{"count":57,"href":"https:\/\/www.sskslovany.cz\/index.php?rest_route=\/wp\/v2\/pages\/4970\/revisions"}],"predecessor-version":[{"id":5077,"href":"https:\/\/www.sskslovany.cz\/index.php?rest_route=\/wp\/v2\/pages\/4970\/revisions\/5077"}],"wp:attachment":[{"href":"https:\/\/www.sskslovany.cz\/index.php?rest_route=%2Fwp%2Fv2%2Fmedia&parent=4970"}],"curies":[{"name":"wp","href":"https:\/\/api.w.org\/{rel}","templated":true}]}}