{"id":4298,"date":"2019-04-05T18:05:07","date_gmt":"2019-04-05T17:05:07","guid":{"rendered":"http:\/\/www.sskslovany.cz\/?page_id=4298"},"modified":"2019-04-05T18:05:08","modified_gmt":"2019-04-05T17:05:08","slug":"prihlaska-kosutecka-flinta-i-2019","status":"publish","type":"page","link":"https:\/\/www.sskslovany.cz\/?page_id=4298","title":{"rendered":"P\u0159ihl\u00e1\u0161ka Ko\u0161uteck\u00e1 flinta I &#8211; 2019"},"content":{"rendered":"\n<h3 class=\"wp-block-heading\" style=\"text-align:center\">KO\u0160UTECK\u00c1 FLINTA I<\/h3>\n\n\n\n<h4 class=\"wp-block-heading\" style=\"text-align:center\">P\u0158IHL\u00c1\u0160KA<\/h4>\n\n\n\n<h5 class=\"wp-block-heading\" style=\"text-align:center\">11. 5. 2019<\/h5>\n\n\n\n<h5 class=\"wp-block-heading\">SEZNAM P\u0158IHL\u00c1\u0160EN\u00ddCH SOUT\u011a\u017d\u00cdC\u00cdCH<\/h5>\n\n\n\n<iframe loading=\"lazy\" src=\"https:\/\/docs.google.com\/spreadsheets\/d\/e\/2PACX-1vRgRKy6kdqN6O_R96KVjVLiDa26g--KI_R3geBTnSn11Sp7tzM8oounJmzf0JYQGwZB4xoEVn2MdulH\/pubhtml?gid=520140462&amp;single=true&amp;widget=true&amp;headers=false\" scrolling=\"no\" width=\"617\" height=\"300\" frameborder=\"0\"><\/iframe>\n\n\n\n<h5 class=\"wp-block-heading\">P\u0158IHL\u00c1\u0160KA<\/h5>\n\n\n\n<div class=\"cognito\"><script src=\"https:\/\/services.cognitoforms.com\/s\/jJMh4QYEYEi8SyFtqmideQ\"><\/script>\n<script>Cognito.load(\"forms\", { id: \"23\" });<\/script><\/div>\n\n\n\n<hr width=\"470\">\n\n\n\n<p class=\"wp-block-paragraph\" style=\"text-align:center\"> V\u0161echny uveden\u00e9 \u00fadaje budou pou\u017eity pouze pro pot\u0159eby sout\u011b\u017ee<br> KO\u0160UTECK\u00c1 FLINTA.<\/p>\n","protected":false},"excerpt":{"rendered":"<p>KO\u0160UTECK\u00c1 FLINTA I P\u0158IHL\u00c1\u0160KA 11. 5. 2019 SEZNAM P\u0158IHL\u00c1\u0160EN\u00ddCH SOUT\u011a\u017d\u00cdC\u00cdCH P\u0158IHL\u00c1\u0160KA V\u0161echny uveden\u00e9 \u00fadaje budou pou\u017eity pouze pro pot\u0159eby sout\u011b\u017ee KO\u0160UTECK\u00c1 FLINTA.<\/p>\n","protected":false},"author":1,"featured_media":0,"parent":0,"menu_order":0,"comment_status":"closed","ping_status":"closed","template":"","meta":{"_crdt_document":"","footnotes":""},"class_list":["post-4298","page","type-page","status-publish","hentry"],"_links":{"self":[{"href":"https:\/\/www.sskslovany.cz\/index.php?rest_route=\/wp\/v2\/pages\/4298","targetHints":{"allow":["GET"]}}],"collection":[{"href":"https:\/\/www.sskslovany.cz\/index.php?rest_route=\/wp\/v2\/pages"}],"about":[{"href":"https:\/\/www.sskslovany.cz\/index.php?rest_route=\/wp\/v2\/types\/page"}],"author":[{"embeddable":true,"href":"https:\/\/www.sskslovany.cz\/index.php?rest_route=\/wp\/v2\/users\/1"}],"replies":[{"embeddable":true,"href":"https:\/\/www.sskslovany.cz\/index.php?rest_route=%2Fwp%2Fv2%2Fcomments&post=4298"}],"version-history":[{"count":18,"href":"https:\/\/www.sskslovany.cz\/index.php?rest_route=\/wp\/v2\/pages\/4298\/revisions"}],"predecessor-version":[{"id":4538,"href":"https:\/\/www.sskslovany.cz\/index.php?rest_route=\/wp\/v2\/pages\/4298\/revisions\/4538"}],"wp:attachment":[{"href":"https:\/\/www.sskslovany.cz\/index.php?rest_route=%2Fwp%2Fv2%2Fmedia&parent=4298"}],"curies":[{"name":"wp","href":"https:\/\/api.w.org\/{rel}","templated":true}]}}