{"id":4173,"date":"2019-02-04T15:56:43","date_gmt":"2019-02-04T14:56:43","guid":{"rendered":"http:\/\/www.sskslovany.cz\/?page_id=4173"},"modified":"2019-02-09T01:31:26","modified_gmt":"2019-02-09T00:31:26","slug":"prihlaska-mistrovstvi-veteranu-2019","status":"publish","type":"page","link":"https:\/\/www.sskslovany.cz\/?page_id=4173","title":{"rendered":"P\u0159ihl\u00e1\u0161ka Mistrovstv\u00ed veter\u00e1n\u016f 2019"},"content":{"rendered":"<h3 style=\"text-align: center;\">INTERNATIONAL CHAMPIONSHIP<br \/>\nOF THE CZECH REPUBLIC<br \/>\nIN SPORTSHOOTING OF VETERANS<\/h3>\n<h4 style=\"text-align: center;\">P\u0158IHL\u00c1\u0160KA | ANMELDUNG | APPLICATION FORM<\/h4>\n<p><!-- ZA\u010c\u00c1TEK VLO\u017dEN\u00c9HO EXTERN\u00cdHO FORMUL\u00c1\u0158E --><\/p>\n<table align=\"center\">\n<tbody>\n<tr>\n<td>\n<div class=\"cognito\"><script src=\"https:\/\/services.cognitoforms.com\/s\/jJMh4QYEYEi8SyFtqmideQ\"><\/script><\/p>\n<p><script>Cognito.load(\"forms\", { id: \"27\" });<\/script><\/p>\n<\/div>\n<\/td>\n<\/tr>\n<\/tbody>\n<\/table>\n<p style=\"text-align: center;\"><!-- KONEC VLO\u017dEN\u00c9HO EXTERN\u00cdHO FORMUL\u00c1\u0158E --><br \/>\nV\u0161echny uveden\u00e9 \u00fadaje budou pou\u017eity pouze pro pot\u0159eby sout\u011b\u017ee<br \/>\nMISTROVSTV\u00cd \u010cESK\u00c9 REPUBLIKY VE SPORTOVN\u00cd ST\u0158ELB\u011a VETER\u00c1N\u016e<br \/>\nS MEZIN\u00c1RODN\u00cd \u00da\u010cAST\u00cd.<\/p>\n","protected":false},"excerpt":{"rendered":"<p>INTERNATIONAL CHAMPIONSHIP OF THE CZECH REPUBLIC IN SPORTSHOOTING OF VETERANS P\u0158IHL\u00c1\u0160KA | ANMELDUNG | APPLICATION FORM V\u0161echny uveden\u00e9 \u00fadaje budou pou\u017eity pouze pro pot\u0159eby sout\u011b\u017ee MISTROVSTV\u00cd \u010cESK\u00c9 REPUBLIKY VE SPORTOVN\u00cd [&hellip;]<\/p>\n","protected":false},"author":1,"featured_media":0,"parent":636,"menu_order":0,"comment_status":"closed","ping_status":"closed","template":"page-template-full.php","meta":{"_crdt_document":"","footnotes":""},"class_list":["post-4173","page","type-page","status-publish","hentry"],"_links":{"self":[{"href":"https:\/\/www.sskslovany.cz\/index.php?rest_route=\/wp\/v2\/pages\/4173","targetHints":{"allow":["GET"]}}],"collection":[{"href":"https:\/\/www.sskslovany.cz\/index.php?rest_route=\/wp\/v2\/pages"}],"about":[{"href":"https:\/\/www.sskslovany.cz\/index.php?rest_route=\/wp\/v2\/types\/page"}],"author":[{"embeddable":true,"href":"https:\/\/www.sskslovany.cz\/index.php?rest_route=\/wp\/v2\/users\/1"}],"replies":[{"embeddable":true,"href":"https:\/\/www.sskslovany.cz\/index.php?rest_route=%2Fwp%2Fv2%2Fcomments&post=4173"}],"version-history":[{"count":13,"href":"https:\/\/www.sskslovany.cz\/index.php?rest_route=\/wp\/v2\/pages\/4173\/revisions"}],"predecessor-version":[{"id":4369,"href":"https:\/\/www.sskslovany.cz\/index.php?rest_route=\/wp\/v2\/pages\/4173\/revisions\/4369"}],"up":[{"embeddable":true,"href":"https:\/\/www.sskslovany.cz\/index.php?rest_route=\/wp\/v2\/pages\/636"}],"wp:attachment":[{"href":"https:\/\/www.sskslovany.cz\/index.php?rest_route=%2Fwp%2Fv2%2Fmedia&parent=4173"}],"curies":[{"name":"wp","href":"https:\/\/api.w.org\/{rel}","templated":true}]}}