{"id":3503,"date":"2018-07-18T15:02:43","date_gmt":"2018-07-18T14:02:43","guid":{"rendered":"http:\/\/www.sskslovany.cz\/?page_id=3503"},"modified":"2019-02-07T09:19:38","modified_gmt":"2019-02-07T08:19:38","slug":"prihlaska-kosutecka-flinta-ii-2018","status":"publish","type":"page","link":"https:\/\/www.sskslovany.cz\/?page_id=3503","title":{"rendered":"P\u0159ihl\u00e1\u0161ka Ko\u0161uteck\u00e1 flinta II &#8211; 2018"},"content":{"rendered":"<h3 style=\"text-align: center;\">KO\u0160UTECK\u00c1 FLINTA II<\/h3>\n<h4 style=\"text-align: center;\">P\u0158IHL\u00c1\u0160KA<\/h4>\n<h5 style=\"text-align: center;\">1. 9. 2018<\/h5>\n<p style=\"text-align: center;\">P\u0158\u00cdJEM P\u0158IHL\u00c1\u0160EK JI\u017d BYL UKON\u010cEN<\/p>\n","protected":false},"excerpt":{"rendered":"<p>KO\u0160UTECK\u00c1 FLINTA II P\u0158IHL\u00c1\u0160KA 1. 9. 2018 P\u0158\u00cdJEM P\u0158IHL\u00c1\u0160EK JI\u017d BYL UKON\u010cEN<\/p>\n","protected":false},"author":1,"featured_media":0,"parent":0,"menu_order":0,"comment_status":"closed","ping_status":"closed","template":"","meta":{"_crdt_document":"","footnotes":""},"class_list":["post-3503","page","type-page","status-publish","hentry"],"_links":{"self":[{"href":"https:\/\/www.sskslovany.cz\/index.php?rest_route=\/wp\/v2\/pages\/3503","targetHints":{"allow":["GET"]}}],"collection":[{"href":"https:\/\/www.sskslovany.cz\/index.php?rest_route=\/wp\/v2\/pages"}],"about":[{"href":"https:\/\/www.sskslovany.cz\/index.php?rest_route=\/wp\/v2\/types\/page"}],"author":[{"embeddable":true,"href":"https:\/\/www.sskslovany.cz\/index.php?rest_route=\/wp\/v2\/users\/1"}],"replies":[{"embeddable":true,"href":"https:\/\/www.sskslovany.cz\/index.php?rest_route=%2Fwp%2Fv2%2Fcomments&post=3503"}],"version-history":[{"count":2,"href":"https:\/\/www.sskslovany.cz\/index.php?rest_route=\/wp\/v2\/pages\/3503\/revisions"}],"predecessor-version":[{"id":4312,"href":"https:\/\/www.sskslovany.cz\/index.php?rest_route=\/wp\/v2\/pages\/3503\/revisions\/4312"}],"wp:attachment":[{"href":"https:\/\/www.sskslovany.cz\/index.php?rest_route=%2Fwp%2Fv2%2Fmedia&parent=3503"}],"curies":[{"name":"wp","href":"https:\/\/api.w.org\/{rel}","templated":true}]}}