{"id":2847,"date":"2018-01-06T18:02:12","date_gmt":"2018-01-06T17:02:12","guid":{"rendered":"http:\/\/www.sskslovany.cz\/?page_id=2847"},"modified":"2019-01-07T00:07:28","modified_gmt":"2019-01-06T23:07:28","slug":"vysledky-2018","status":"publish","type":"page","link":"https:\/\/www.sskslovany.cz\/?page_id=2847","title":{"rendered":"V\u00fdsledky 2018"},"content":{"rendered":"<ul>\n<li><strong><a  data-e-Disable-Page-Transition=\"true\" class=\"download-link\" title=\"\" href=\"https:\/\/www.sskslovany.cz?download=2871&amp;tmstv=1777141255\" rel=\"nofollow\" id=\"download-link-2871\" data-redirect=\"false\" >\n\t20180104 - Slovansk\u00e1 elektronick\u00e1 liga - 3. kolo\t(sta\u017eeno 1419\u00d7 \t)\n<\/a>\n<\/strong><\/li>\n<li><strong><a  data-e-Disable-Page-Transition=\"true\" class=\"download-link\" title=\"\" href=\"https:\/\/www.sskslovany.cz?download=2849&amp;tmstv=1777141255\" rel=\"nofollow\" id=\"download-link-2849\" data-redirect=\"false\" >\n\t20180106 - O poh\u00e1r SSK Plze\u0148 - Slovany\t(sta\u017eeno 1606\u00d7 \t)\n<\/a>\n<\/strong><\/li>\n<li><a  data-e-Disable-Page-Transition=\"true\" class=\"download-link\" title=\"\" href=\"https:\/\/www.sskslovany.cz?download=2865&amp;tmstv=1777141255\" rel=\"nofollow\" id=\"download-link-2865\" data-redirect=\"false\" >\n\t20180106 - Krajsk\u00fd p\u0159ebor Plze\u0148sk\u00e9ho KS VzPu 30L\t(sta\u017eeno 1007\u00d7 \t)\n<\/a>\n<\/li>\n<li><a  data-e-Disable-Page-Transition=\"true\" class=\"download-link\" title=\"\" href=\"https:\/\/www.sskslovany.cz?download=2878&amp;tmstv=1777141255\" rel=\"nofollow\" id=\"download-link-2878\" data-redirect=\"false\" >\n\t20180113 - Velk\u00e1 cena Plzn\u011b\t(sta\u017eeno 1061\u00d7 \t)\n<\/a>\n<\/li>\n<li><strong><a  data-e-Disable-Page-Transition=\"true\" class=\"download-link\" title=\"\" href=\"https:\/\/www.sskslovany.cz?download=2883&amp;tmstv=1777141255\" rel=\"nofollow\" id=\"download-link-2883\" data-redirect=\"false\" >\n\t20180114 - Lednov\u00e1 vzduchovka\t(sta\u017eeno 1349\u00d7 \t)\n<\/a>\n<\/strong><\/li>\n<li><a  data-e-Disable-Page-Transition=\"true\" class=\"download-link\" title=\"\" href=\"https:\/\/www.sskslovany.cz?download=2891&amp;tmstv=1777141255\" rel=\"nofollow\" id=\"download-link-2891\" data-redirect=\"false\" >\n\t20180120 - Chodsk\u00fd \u010dakan\t(sta\u017eeno 1025\u00d7 \t)\n<\/a>\n<\/li>\n<li><a  data-e-Disable-Page-Transition=\"true\" class=\"download-link\" title=\"Verze 20180123-02\" href=\"https:\/\/www.sskslovany.cz?download=2894&amp;tmstv=1777141255\" rel=\"nofollow\" id=\"download-link-2894\" data-redirect=\"false\" >\n\t20180120 - Krajsk\u00fd p\u0159ebor Plze\u0148sk\u00e9ho KS\t(sta\u017eeno 1276\u00d7 \t)\n<\/a>\n<\/li>\n<li><strong><a  data-e-Disable-Page-Transition=\"true\" class=\"download-link\" title=\"\" href=\"https:\/\/www.sskslovany.cz?download=2984&amp;tmstv=1777141255\" rel=\"nofollow\" id=\"download-link-2984\" data-redirect=\"false\" >\n\t20180208 - Slovansk\u00e1 elektronick\u00e1 liga - 4. kolo\t(sta\u017eeno 1391\u00d7 \t)\n<\/a>\n<\/strong><\/li>\n<li><strong><a  data-e-Disable-Page-Transition=\"true\" class=\"download-link\" title=\"\" href=\"https:\/\/www.sskslovany.cz?download=3001&amp;tmstv=1777141255\" rel=\"nofollow\" id=\"download-link-3001\" data-redirect=\"false\" >\n\t20180217 - \u00danorov\u00e1 vzduchovka\t(sta\u017eeno 1422\u00d7 \t)\n<\/a>\n<\/strong><\/li>\n<li><strong><a  data-e-Disable-Page-Transition=\"true\" class=\"download-link\" title=\"\" href=\"https:\/\/www.sskslovany.cz?download=3028&amp;tmstv=1777141255\" rel=\"nofollow\" id=\"download-link-3028\" data-redirect=\"false\" >\n\t20180303 - B\u0159eznov\u00e1 vzduchovka\t(sta\u017eeno 1358\u00d7 \t)\n<\/a>\n<\/strong><\/li>\n<li><a  data-e-Disable-Page-Transition=\"true\" class=\"download-link\" title=\"\" href=\"https:\/\/www.sskslovany.cz?download=3024&amp;tmstv=1777141255\" rel=\"nofollow\" id=\"download-link-3024\" data-redirect=\"false\" >\n\t20180303 - VC SSK Dukla Plze\u0148\t(sta\u017eeno 1277\u00d7 \t)\n<\/a>\n<\/li>\n<li><strong><a  data-e-Disable-Page-Transition=\"true\" class=\"download-link\" title=\"\" href=\"https:\/\/www.sskslovany.cz?download=3031&amp;tmstv=1777141255\" rel=\"nofollow\" id=\"download-link-3031\" data-redirect=\"false\" >\n\t20180304 - Slovansk\u00e1 elektronick\u00e1 liga - Fin\u00e1le\t(sta\u017eeno 1579\u00d7 \t)\n<\/a>\n<\/strong><\/li>\n<li><a  data-e-Disable-Page-Transition=\"true\" class=\"download-link\" title=\"\" href=\"https:\/\/www.sskslovany.cz?download=3137&amp;tmstv=1777141255\" rel=\"nofollow\" id=\"download-link-3137\" data-redirect=\"false\" >\n\t20180310-20180311 - Mistrovstv\u00ed \u010cR\t(sta\u017eeno 1044\u00d7 \t)\n<\/a>\n<\/li>\n<li><a  data-e-Disable-Page-Transition=\"true\" class=\"download-link\" title=\"\" href=\"https:\/\/www.sskslovany.cz?download=3158&amp;tmstv=1777141255\" rel=\"nofollow\" id=\"download-link-3158\" data-redirect=\"false\" >\n\t20180323 - M\u010cR 10m 30L\t(sta\u017eeno 1201\u00d7 \t)\n<\/a>\n<\/li>\n<li><a  data-e-Disable-Page-Transition=\"true\" class=\"download-link\" title=\"\" href=\"https:\/\/www.sskslovany.cz?download=3242&amp;tmstv=1777141255\" rel=\"nofollow\" id=\"download-link-3242\" data-redirect=\"false\" >\n\t20180412 - Oblastn\u00ed st\u0159eleck\u00e1 sout\u011b\u017e VP 15+15 - 1. kolo\t(sta\u017eeno 1106\u00d7 \t)\n<\/a>\n<\/li>\n<li><a  data-e-Disable-Page-Transition=\"true\" class=\"download-link\" title=\"\" href=\"https:\/\/www.sskslovany.cz?download=3245&amp;tmstv=1777141255\" rel=\"nofollow\" id=\"download-link-3245\" data-redirect=\"false\" >\n\t20180414 - Jarn\u00ed cena Dukly\t(sta\u017eeno 1218\u00d7 \t)\n<\/a>\n<\/li>\n<li><a  data-e-Disable-Page-Transition=\"true\" class=\"download-link\" title=\"\" href=\"https:\/\/www.sskslovany.cz?download=3248&amp;tmstv=1777141255\" rel=\"nofollow\" id=\"download-link-3248\" data-redirect=\"false\" >\n\t20180414 - Jarn\u00ed sout\u011b\u017e Dukly\t(sta\u017eeno 1102\u00d7 \t)\n<\/a>\n<\/li>\n<li><a  data-e-Disable-Page-Transition=\"true\" class=\"download-link\" title=\"\" href=\"https:\/\/www.sskslovany.cz?download=3298&amp;tmstv=1777141255\" rel=\"nofollow\" id=\"download-link-3298\" data-redirect=\"false\" >\n\t20180428 - Oblastn\u00ed st\u0159eleck\u00e1 sout\u011b\u017e SP 30+30 - 1. kolo\t(sta\u017eeno 851\u00d7 \t)\n<\/a>\n<\/li>\n<li><a  data-e-Disable-Page-Transition=\"true\" class=\"download-link\" title=\"\" href=\"https:\/\/www.sskslovany.cz?download=3302&amp;tmstv=1777141255\" rel=\"nofollow\" id=\"download-link-3302\" data-redirect=\"false\" >\n\t20180505 - Oblastn\u00ed st\u0159eleck\u00e1 sout\u011b\u017e SP 30+30 - 2. kolo\t(sta\u017eeno 836\u00d7 \t)\n<\/a>\n<\/li>\n<li><strong><a  data-e-Disable-Page-Transition=\"true\" class=\"download-link\" title=\"\" href=\"https:\/\/www.sskslovany.cz?download=3289&amp;tmstv=1777141255\" rel=\"nofollow\" id=\"download-link-3289\" data-redirect=\"false\" >\n\t20180506 - Slovansk\u00e1 liga LP 60 - 1. kolo\t(sta\u017eeno 1250\u00d7 \t)\n<\/a>\n<\/strong><\/li>\n<li><a  data-e-Disable-Page-Transition=\"true\" class=\"download-link\" title=\"\" href=\"https:\/\/www.sskslovany.cz?download=3317&amp;tmstv=1777141255\" rel=\"nofollow\" id=\"download-link-3317\" data-redirect=\"false\" >\n\t20180510 - Oblastn\u00ed st\u0159eleck\u00e1 sout\u011b\u017e VP 15+15 - 2. kolo\t(sta\u017eeno 868\u00d7 \t)\n<\/a>\n<\/li>\n<li><strong><a  data-e-Disable-Page-Transition=\"true\" class=\"download-link\" title=\"\" href=\"https:\/\/www.sskslovany.cz?download=3307&amp;tmstv=1777141255\" rel=\"nofollow\" id=\"download-link-3307\" data-redirect=\"false\" >\n\t20180512 - Ko\u0161uteck\u00e1 flinta I\t(sta\u017eeno 1447\u00d7 \t)\n<\/a>\n<\/strong><\/li>\n<li><a  data-e-Disable-Page-Transition=\"true\" class=\"download-link\" title=\"\" href=\"https:\/\/www.sskslovany.cz?download=3345&amp;tmstv=1777141255\" rel=\"nofollow\" id=\"download-link-3345\" data-redirect=\"false\" >\n\t20180602 - Krajsk\u00fd p\u0159ebor Plze\u0148sk\u00e9ho kraje VP 30+30\t(sta\u017eeno 1318\u00d7 \t)\n<\/a>\n<\/li>\n<li><strong><a  data-e-Disable-Page-Transition=\"true\" class=\"download-link\" title=\"\" href=\"https:\/\/www.sskslovany.cz?download=3348&amp;tmstv=1777141255\" rel=\"nofollow\" id=\"download-link-3348\" data-redirect=\"false\" >\n\t20180602 - Plze\u0148sk\u00fd revolver 2018\t(sta\u017eeno 1380\u00d7 \t)\n<\/a>\n<\/strong><\/li>\n<li><strong><a  data-e-Disable-Page-Transition=\"true\" class=\"download-link\" title=\"\" href=\"https:\/\/www.sskslovany.cz?download=3436&amp;tmstv=1777141255\" rel=\"nofollow\" id=\"download-link-3436\" data-redirect=\"false\" >\n\t20180617 - Protocol Veterans championship\t(sta\u017eeno 6351\u00d7 \t)\n<\/a>\n<\/strong><\/li>\n<li><strong><a  data-e-Disable-Page-Transition=\"true\" class=\"download-link\" title=\"\" href=\"https:\/\/www.sskslovany.cz?download=3445&amp;tmstv=1777141255\" rel=\"nofollow\" id=\"download-link-3445\" data-redirect=\"false\" >\n\t20180617 - Mistrovstv\u00ed veter\u00e1n\u016f pro \u010cSS (+ Pu discipliny bez desetin)\t(sta\u017eeno 997\u00d7 \t)\n<\/a>\n<\/strong><\/li>\n<li><strong><a  data-e-Disable-Page-Transition=\"true\" class=\"download-link\" title=\"\" href=\"https:\/\/www.sskslovany.cz?download=3496&amp;tmstv=1777141255\" rel=\"nofollow\" id=\"download-link-3496\" data-redirect=\"false\" >\n\t20180708 - Slovansk\u00e1 liga LP 60 - 2. kolo\t(sta\u017eeno 1317\u00d7 \t)\n<\/a>\n<\/strong><\/li>\n<li><strong><a  data-e-Disable-Page-Transition=\"true\" class=\"download-link\" title=\"\" href=\"https:\/\/www.sskslovany.cz?download=3524&amp;tmstv=1777141255\" rel=\"nofollow\" id=\"download-link-3524\" data-redirect=\"false\" >\n\t20180805 - Slovansk\u00e1 liga LP 60 - 3. kolo\t(sta\u017eeno 1232\u00d7 \t)\n<\/a>\n<\/strong><\/li>\n<li><a  data-e-Disable-Page-Transition=\"true\" class=\"download-link\" title=\"\" href=\"https:\/\/www.sskslovany.cz?download=3540&amp;tmstv=1777141255\" rel=\"nofollow\" id=\"download-link-3540\" data-redirect=\"false\" >\n\t20180811 - VC SSK Psohlavec\t(sta\u017eeno 1035\u00d7 \t)\n<\/a>\n<\/li>\n<li><a  data-e-Disable-Page-Transition=\"true\" class=\"download-link\" title=\"\" href=\"https:\/\/www.sskslovany.cz?download=3552&amp;tmstv=1777141255\" rel=\"nofollow\" id=\"download-link-3552\" data-redirect=\"false\" >\n\t20180818 - Memori\u00e1l Gerdy a Libora K\u016frkov\u00fdch\t(sta\u017eeno 1047\u00d7 \t)\n<\/a>\n<\/li>\n<li><a  data-e-Disable-Page-Transition=\"true\" class=\"download-link\" title=\"\" href=\"https:\/\/www.sskslovany.cz?download=3561&amp;tmstv=1777141255\" rel=\"nofollow\" id=\"download-link-3561\" data-redirect=\"false\" >\n\t20180818 - Oblastn\u00ed st\u0159eleck\u00e1 sout\u011b\u017e SP 30+30 - 4. kolo\t(sta\u017eeno 972\u00d7 \t)\n<\/a>\n<\/li>\n<li><a  data-e-Disable-Page-Transition=\"true\" class=\"download-link\" title=\"\" href=\"https:\/\/www.sskslovany.cz?download=3620&amp;tmstv=1777141255\" rel=\"nofollow\" id=\"download-link-3620\" data-redirect=\"false\" >\n\t20180830 - Oblastn\u00ed st\u0159eleck\u00e1 sout\u011b\u017e VP 15+15 - 4. kolo\t(sta\u017eeno 930\u00d7 \t)\n<\/a>\n<\/li>\n<li><strong><a  data-e-Disable-Page-Transition=\"true\" class=\"download-link\" title=\"\" href=\"https:\/\/www.sskslovany.cz?download=3612&amp;tmstv=1777141255\" rel=\"nofollow\" id=\"download-link-3612\" data-redirect=\"false\" >\n\t20180901 - Ko\u0161uteck\u00e1 flinta II\t(sta\u017eeno 1454\u00d7 \t)\n<\/a>\n<\/strong><\/li>\n<li><a  data-e-Disable-Page-Transition=\"true\" class=\"download-link\" title=\"\" href=\"https:\/\/www.sskslovany.cz?download=3649&amp;tmstv=1777141255\" rel=\"nofollow\" id=\"download-link-3649\" data-redirect=\"false\" >\n\t20180913 - Oblastn\u00ed st\u0159eleck\u00e1 sout\u011b\u017e VP 15+15 - 5. kolo\t(sta\u017eeno 994\u00d7 \t)\n<\/a>\n<\/li>\n<li><strong><a  data-e-Disable-Page-Transition=\"true\" class=\"download-link\" title=\"\" href=\"https:\/\/www.sskslovany.cz?download=3719&amp;tmstv=1777141255\" rel=\"nofollow\" id=\"download-link-3719\" data-redirect=\"false\" >\n\t20180916 - Slovansk\u00e1 liga LP 60 - 4. kolo\t(sta\u017eeno 1187\u00d7 \t)\n<\/a>\n<\/strong><\/li>\n<li><a  data-e-Disable-Page-Transition=\"true\" class=\"download-link\" title=\"\" href=\"https:\/\/www.sskslovany.cz?download=3681&amp;tmstv=1777141255\" rel=\"nofollow\" id=\"download-link-3681\" data-redirect=\"false\" >\n\t20180922 - Oblastn\u00ed st\u0159eleck\u00e1 sout\u011b\u017e SP 30+30 - 5. kolo\t(sta\u017eeno 940\u00d7 \t)\n<\/a>\n<\/li>\n<li><a  data-e-Disable-Page-Transition=\"true\" class=\"download-link\" title=\"\" href=\"https:\/\/www.sskslovany.cz?download=3685&amp;tmstv=1777141255\" rel=\"nofollow\" id=\"download-link-3685\" data-redirect=\"false\" >\n\t20180921-20180923 - Mistrovstv\u00ed \u010cesk\u00e9 republiky\t(sta\u017eeno 1153\u00d7 \t)\n<\/a>\n<\/li>\n<li><a  data-e-Disable-Page-Transition=\"true\" class=\"download-link\" title=\"\" href=\"https:\/\/www.sskslovany.cz?download=3790&amp;tmstv=1777141255\" rel=\"nofollow\" id=\"download-link-3790\" data-redirect=\"false\" >\n\t20181103 - VC Dukly (VzPi)\t(sta\u017eeno 957\u00d7 \t)\n<\/a>\n<\/li>\n<li><a  data-e-Disable-Page-Transition=\"true\" class=\"download-link\" title=\"\" href=\"https:\/\/www.sskslovany.cz?download=3794&amp;tmstv=1777141255\" rel=\"nofollow\" id=\"download-link-3794\" data-redirect=\"false\" >\n\t20181103 - VC Dukly - Memori\u00e1l J\u00e1ry Mot\u00e1ka\t(sta\u017eeno 1024\u00d7 \t)\n<\/a>\n<\/li>\n<li><strong><a  data-e-Disable-Page-Transition=\"true\" class=\"download-link\" title=\"\" href=\"https:\/\/www.sskslovany.cz?download=3913&amp;tmstv=1777141255\" rel=\"nofollow\" id=\"download-link-3913\" data-redirect=\"false\" >\n\t20181115 - Slovansk\u00e1 elektronick\u00e1 liga 1. kolo\t(sta\u017eeno 1278\u00d7 \t)\n<\/a>\n<\/strong><\/li>\n<li><strong><a  data-e-Disable-Page-Transition=\"true\" class=\"download-link\" title=\"\" href=\"https:\/\/www.sskslovany.cz?download=3947&amp;tmstv=1777141255\" rel=\"nofollow\" id=\"download-link-3947\" data-redirect=\"false\" >\n\t20181129 - Slovansk\u00e1 elektronick\u00e1 liga 2. kolo\t(sta\u017eeno 1213\u00d7 \t)\n<\/a>\n<\/strong><\/li>\n<li><strong><a  data-e-Disable-Page-Transition=\"true\" class=\"download-link\" title=\"\" href=\"https:\/\/www.sskslovany.cz?download=3958&amp;tmstv=1777141255\" rel=\"nofollow\" id=\"download-link-3958\" data-redirect=\"false\" >\n\t20181213 - Slovansk\u00e1 elektronick\u00e1 liga 3. kolo\t(sta\u017eeno 1147\u00d7 \t)\n<\/a>\n<\/strong><\/li>\n<li><strong><a  data-e-Disable-Page-Transition=\"true\" class=\"download-link\" title=\"\" href=\"https:\/\/www.sskslovany.cz?download=3961&amp;tmstv=1777141255\" rel=\"nofollow\" id=\"download-link-3961\" data-redirect=\"false\" >\n\t20181216 - V\u00e1no\u010dn\u00ed vzduchovka\t(sta\u017eeno 1192\u00d7 \t)\n<\/a>\n<\/strong><\/li>\n<\/ul>\n","protected":false},"excerpt":{"rendered":"","protected":false},"author":1,"featured_media":0,"parent":0,"menu_order":0,"comment_status":"closed","ping_status":"closed","template":"","meta":{"_crdt_document":"","footnotes":""},"class_list":["post-2847","page","type-page","status-publish","hentry"],"_links":{"self":[{"href":"https:\/\/www.sskslovany.cz\/index.php?rest_route=\/wp\/v2\/pages\/2847","targetHints":{"allow":["GET"]}}],"collection":[{"href":"https:\/\/www.sskslovany.cz\/index.php?rest_route=\/wp\/v2\/pages"}],"about":[{"href":"https:\/\/www.sskslovany.cz\/index.php?rest_route=\/wp\/v2\/types\/page"}],"author":[{"embeddable":true,"href":"https:\/\/www.sskslovany.cz\/index.php?rest_route=\/wp\/v2\/users\/1"}],"replies":[{"embeddable":true,"href":"https:\/\/www.sskslovany.cz\/index.php?rest_route=%2Fwp%2Fv2%2Fcomments&post=2847"}],"version-history":[{"count":37,"href":"https:\/\/www.sskslovany.cz\/index.php?rest_route=\/wp\/v2\/pages\/2847\/revisions"}],"predecessor-version":[{"id":3970,"href":"https:\/\/www.sskslovany.cz\/index.php?rest_route=\/wp\/v2\/pages\/2847\/revisions\/3970"}],"wp:attachment":[{"href":"https:\/\/www.sskslovany.cz\/index.php?rest_route=%2Fwp%2Fv2%2Fmedia&parent=2847"}],"curies":[{"name":"wp","href":"https:\/\/api.w.org\/{rel}","templated":true}]}}