{"id":254,"date":"2018-03-07T15:08:48","date_gmt":"2018-03-07T14:08:48","guid":{"rendered":"http:\/\/slovany.fpol.cz\/?page_id=254"},"modified":"2019-02-05T12:46:21","modified_gmt":"2019-02-05T11:46:21","slug":"prihlaska-mistrovstvi-veteranu","status":"publish","type":"page","link":"https:\/\/www.sskslovany.cz\/?page_id=254","title":{"rendered":"P\u0159ihl\u00e1\u0161ka Mistrovstv\u00ed veter\u00e1n\u016f"},"content":{"rendered":"<h3 style=\"text-align: center;\">MISTROVSTV\u00cd \u010cESK\u00c9 REPUBLIKY<br \/>\nVE SPORTOVN\u00cd ST\u0158ELB\u011a VETER\u00c1N\u016e<br \/>\nS MEZIN\u00c1RODN\u00cd \u00da\u010cAST\u00cd<\/h3>\n<h4 style=\"text-align: center;\">P\u0158IHL\u00c1\u0160KA<\/h4>\n<p><!-- ZA\u010c\u00c1TEK VLO\u017dEN\u00c9HO EXTERN\u00cdHO FORMUL\u00c1\u0158E --><\/p>\n<table align=\"center\">\n<tbody>\n<tr>\n<td>\n<div class=\"cognito\"><script src=\"https:\/\/services.cognitoforms.com\/s\/jJMh4QYEYEi8SyFtqmideQ\"><\/script><br \/>\n<script>Cognito.load(\"forms\", { id: \"19\" });<\/script><\/div>\n<\/td>\n<\/tr>\n<\/tbody>\n<\/table>\n<p style=\"text-align: center;\"><!-- KONEC VLO\u017dEN\u00c9HO EXTERN\u00cdHO FORMUL\u00c1\u0158E --><br \/>\nV\u0161echny uveden\u00e9 \u00fadaje budou pou\u017eity pouze pro pot\u0159eby sout\u011b\u017ee<br \/>\nMISTROVSTV\u00cd \u010cESK\u00c9 REPUBLIKY VE SPORTOVN\u00cd ST\u0158ELB\u011a VETER\u00c1N\u016e<br \/>\nS\u00a0MEZIN\u00c1RODN\u00cd \u00da\u010cAST\u00cd.<\/p>\n","protected":false},"excerpt":{"rendered":"<p>MISTROVSTV\u00cd \u010cESK\u00c9 REPUBLIKY VE SPORTOVN\u00cd ST\u0158ELB\u011a VETER\u00c1N\u016e S MEZIN\u00c1RODN\u00cd \u00da\u010cAST\u00cd P\u0158IHL\u00c1\u0160KA V\u0161echny uveden\u00e9 \u00fadaje budou pou\u017eity pouze pro pot\u0159eby sout\u011b\u017ee MISTROVSTV\u00cd \u010cESK\u00c9 REPUBLIKY VE SPORTOVN\u00cd ST\u0158ELB\u011a VETER\u00c1N\u016e S\u00a0MEZIN\u00c1RODN\u00cd \u00da\u010cAST\u00cd.<\/p>\n","protected":false},"author":1,"featured_media":0,"parent":0,"menu_order":2,"comment_status":"closed","ping_status":"closed","template":"page-template-full.php","meta":{"_crdt_document":"","footnotes":""},"class_list":["post-254","page","type-page","status-publish","hentry"],"_links":{"self":[{"href":"https:\/\/www.sskslovany.cz\/index.php?rest_route=\/wp\/v2\/pages\/254","targetHints":{"allow":["GET"]}}],"collection":[{"href":"https:\/\/www.sskslovany.cz\/index.php?rest_route=\/wp\/v2\/pages"}],"about":[{"href":"https:\/\/www.sskslovany.cz\/index.php?rest_route=\/wp\/v2\/types\/page"}],"author":[{"embeddable":true,"href":"https:\/\/www.sskslovany.cz\/index.php?rest_route=\/wp\/v2\/users\/1"}],"replies":[{"embeddable":true,"href":"https:\/\/www.sskslovany.cz\/index.php?rest_route=%2Fwp%2Fv2%2Fcomments&post=254"}],"version-history":[{"count":15,"href":"https:\/\/www.sskslovany.cz\/index.php?rest_route=\/wp\/v2\/pages\/254\/revisions"}],"predecessor-version":[{"id":4191,"href":"https:\/\/www.sskslovany.cz\/index.php?rest_route=\/wp\/v2\/pages\/254\/revisions\/4191"}],"wp:attachment":[{"href":"https:\/\/www.sskslovany.cz\/index.php?rest_route=%2Fwp%2Fv2%2Fmedia&parent=254"}],"curies":[{"name":"wp","href":"https:\/\/api.w.org\/{rel}","templated":true}]}}