{"id":2533,"date":"2017-10-19T08:48:16","date_gmt":"2017-10-19T07:48:16","guid":{"rendered":"http:\/\/www.sskslovany.cz\/?page_id=2533"},"modified":"2019-12-13T22:53:24","modified_gmt":"2019-12-13T21:53:24","slug":"propozice-2018","status":"publish","type":"page","link":"https:\/\/www.sskslovany.cz\/?page_id=2533","title":{"rendered":"Propozice 2018"},"content":{"rendered":"<ul>\n<li><a  data-e-Disable-Page-Transition=\"true\" class=\"download-link\" title=\"\" href=\"https:\/\/www.sskslovany.cz?download=2334&amp;tmstv=1777141256\" rel=\"nofollow\" id=\"download-link-2334\" data-redirect=\"false\" >\n\t20171015-20180107 - Libereck\u00e1 vzduchovkov\u00e1 liga\t(sta\u017eeno 1615\u00d7 \t)\n<\/a>\n<\/li>\n<li><a  data-e-Disable-Page-Transition=\"true\" class=\"download-link\" title=\"\" href=\"https:\/\/www.sskslovany.cz?download=2478&amp;tmstv=1777141256\" rel=\"nofollow\" id=\"download-link-2478\" data-redirect=\"false\" >\n\t20171029-20180225 - Karlovarsk\u00e1 liga VzPi\t(sta\u017eeno 1553\u00d7 \t)\n<\/a>\n<\/li>\n<li><span style=\"color: #000000;\"><strong><a  data-e-Disable-Page-Transition=\"true\" class=\"download-link\" title=\"Verze 02-20171024\" href=\"https:\/\/www.sskslovany.cz?download=2310&amp;tmstv=1777141256\" rel=\"nofollow\" id=\"download-link-2310\" data-redirect=\"false\" >\n\t20171116-20180304 - Slovansk\u00e1 Elektronick\u00e1 Liga\t(sta\u017eeno 1897\u00d7 \t)\n<\/a>\n<\/strong><\/span><\/li>\n<li><a  data-e-Disable-Page-Transition=\"true\" class=\"download-link\" title=\"\" href=\"https:\/\/www.sskslovany.cz?download=2466&amp;tmstv=1777141256\" rel=\"nofollow\" id=\"download-link-2466\" data-redirect=\"false\" >\n\t20171125-20180224 - Karlovarsk\u00e1 liga VzPu\t(sta\u017eeno 1558\u00d7 \t)\n<\/a>\n<\/li>\n<li><strong><a  data-e-Disable-Page-Transition=\"true\" class=\"download-link\" title=\"\" href=\"https:\/\/www.sskslovany.cz?download=2574&amp;tmstv=1777141256\" rel=\"nofollow\" id=\"download-link-2574\" data-redirect=\"false\" >\n\t20171216-20180303 - Vzduchov\u00e1 pistole na Ko\u0161utce\t(sta\u017eeno 1667\u00d7 \t)\n<\/a>\n<\/strong><\/li>\n<li><strong><a  data-e-Disable-Page-Transition=\"true\" class=\"download-link\" title=\"\" href=\"https:\/\/www.sskslovany.cz?download=2594&amp;tmstv=1777141256\" rel=\"nofollow\" id=\"download-link-2594\" data-redirect=\"false\" >\n\t20180106 - O poh\u00e1r SSK Plze\u0148 - Slovany\t(sta\u017eeno 1615\u00d7 \t)\n<\/a>\n<\/strong><\/li>\n<li><a  data-e-Disable-Page-Transition=\"true\" class=\"download-link\" title=\"\" href=\"https:\/\/www.sskslovany.cz?download=2535&amp;tmstv=1777141256\" rel=\"nofollow\" id=\"download-link-2535\" data-redirect=\"false\" >\n\t20180111-20180114 - Grand Prix Pilsen 2018\t(sta\u017eeno 1407\u00d7 \t)\n<\/a>\n<\/li>\n<li><a  data-e-Disable-Page-Transition=\"true\" class=\"download-link\" title=\"\" href=\"https:\/\/www.sskslovany.cz?download=2826&amp;tmstv=1777141256\" rel=\"nofollow\" id=\"download-link-2826\" data-redirect=\"false\" >\n\t20180120 - Chodsk\u00fd \u010cakan\t(sta\u017eeno 947\u00d7 \t)\n<\/a>\n<\/li>\n<li><a  data-e-Disable-Page-Transition=\"true\" class=\"download-link\" title=\"\" href=\"https:\/\/www.sskslovany.cz?download=2831&amp;tmstv=1777141256\" rel=\"nofollow\" id=\"download-link-2831\" data-redirect=\"false\" >\n\t20180120-20180121 - Poh\u00e1r Bene\u0161ova.pdf\t(sta\u017eeno 1069\u00d7 \t)\n<\/a>\n<\/li>\n<li><a  data-e-Disable-Page-Transition=\"true\" class=\"download-link\" title=\"\" href=\"https:\/\/www.sskslovany.cz?download=2774&amp;tmstv=1777141256\" rel=\"nofollow\" id=\"download-link-2774\" data-redirect=\"false\" >\n\t20180127-20180128 - GP Liberec, VC Syner\t(sta\u017eeno 1126\u00d7 \t)\n<\/a>\n<\/li>\n<li><a  data-e-Disable-Page-Transition=\"true\" class=\"download-link\" title=\"\" href=\"https:\/\/www.sskslovany.cz?download=2899&amp;tmstv=1777141256\" rel=\"nofollow\" id=\"download-link-2899\" data-redirect=\"false\" >\n\t20180203 - P\u0159ebor Jiho\u010desk\u00e9ho kraje\t(sta\u017eeno 1065\u00d7 \t)\n<\/a>\n<\/li>\n<li><a  data-e-Disable-Page-Transition=\"true\" class=\"download-link\" title=\"\" href=\"https:\/\/www.sskslovany.cz?download=2902&amp;tmstv=1777141256\" rel=\"nofollow\" id=\"download-link-2902\" data-redirect=\"false\" >\n\t20180217 - Zimn\u00ed cena \u0160umavy\t(sta\u017eeno 1115\u00d7 \t)\n<\/a>\n<\/li>\n<li><a  data-e-Disable-Page-Transition=\"true\" class=\"download-link\" title=\"\" href=\"https:\/\/www.sskslovany.cz?download=2905&amp;tmstv=1777141256\" rel=\"nofollow\" id=\"download-link-2905\" data-redirect=\"false\" >\n\t20180224 - Jiho\u010desk\u00e1 vzduchovka\t(sta\u017eeno 1253\u00d7 \t)\n<\/a>\n<\/li>\n<li><a  data-e-Disable-Page-Transition=\"true\" class=\"download-link\" title=\"\" href=\"https:\/\/www.sskslovany.cz?download=2947&amp;tmstv=1777141256\" rel=\"nofollow\" id=\"download-link-2947\" data-redirect=\"false\" >\n\t20180225 - P\u0159ebor Libereck\u00e9ho KS\t(sta\u017eeno 1106\u00d7 \t)\n<\/a>\n<\/li>\n<li><a  data-e-Disable-Page-Transition=\"true\" class=\"download-link\" title=\"\" href=\"https:\/\/www.sskslovany.cz?download=3014&amp;tmstv=1777141256\" rel=\"nofollow\" id=\"download-link-3014\" data-redirect=\"false\" >\n\t20180311-20180313 - Mistrovstv\u00ed \u010cR 10m\t(sta\u017eeno 1060\u00d7 \t)\n<\/a>\n<\/li>\n<li><a  data-e-Disable-Page-Transition=\"true\" class=\"download-link\" title=\"\" href=\"https:\/\/www.sskslovany.cz?download=3017&amp;tmstv=1777141256\" rel=\"nofollow\" id=\"download-link-3017\" data-redirect=\"false\" >\n\t20180311-20180313 - Nominace M\u010cR 10m\t(sta\u017eeno 1064\u00d7 \t)\n<\/a>\n<\/li>\n<li><a  data-e-Disable-Page-Transition=\"true\" class=\"download-link\" title=\"Verze 20180218-02\" href=\"https:\/\/www.sskslovany.cz?download=2956&amp;tmstv=1777141256\" rel=\"nofollow\" id=\"download-link-2956\" data-redirect=\"false\" >\n\t20180412-20180922 - OSS jednotlivc\u016f SP 30+30, VP30+30\t(sta\u017eeno 1154\u00d7 \t)\n<\/a>\n<\/li>\n<li><a  data-e-Disable-Page-Transition=\"true\" class=\"download-link\" title=\"\" href=\"https:\/\/www.sskslovany.cz?download=3225&amp;tmstv=1777141256\" rel=\"nofollow\" id=\"download-link-3225\" data-redirect=\"false\" >\n\t20180407-20180408 - Poh\u00e1r starosty Lomnice, Poh\u00e1r hejtmana KV kraje\t(sta\u017eeno 996\u00d7 \t)\n<\/a>\n<\/li>\n<li><a  data-e-Disable-Page-Transition=\"true\" class=\"download-link\" title=\"\" href=\"https:\/\/www.sskslovany.cz?download=3132&amp;tmstv=1777141256\" rel=\"nofollow\" id=\"download-link-3132\" data-redirect=\"false\" >\n\t20180414 - Jarn\u00ed cena Dukly (Pistole)\t(sta\u017eeno 1182\u00d7 \t)\n<\/a>\n<\/li>\n<li><a  data-e-Disable-Page-Transition=\"true\" class=\"download-link\" title=\"\" href=\"https:\/\/www.sskslovany.cz?download=3141&amp;tmstv=1777141256\" rel=\"nofollow\" id=\"download-link-3141\" data-redirect=\"false\" >\n\t20180421 - Jarn\u00ed cena SSK \u00dajezd Sv. K\u0159\u00ed\u017ee\t(sta\u017eeno 1221\u00d7 \t)\n<\/a>\n<\/li>\n<li><a href=\"http:\/\/www.manusice.estranky.cz\/file\/235\/propozice-jc2018.pdf\">20180421 &#8211; Jarn\u00ed cena Manu\u0161ic (web po\u0159adatele)<\/a><\/li>\n<li><a  data-e-Disable-Page-Transition=\"true\" class=\"download-link\" title=\"\" href=\"https:\/\/www.sskslovany.cz?download=3281&amp;tmstv=1777141256\" rel=\"nofollow\" id=\"download-link-3281\" data-redirect=\"false\" >\n\t20180505 - P\u0159ebor jiho\u010desk\u00e9ho kraje\t(sta\u017eeno 1141\u00d7 \t)\n<\/a>\n<\/li>\n<li><strong><a  data-e-Disable-Page-Transition=\"true\" class=\"download-link\" title=\"\" href=\"https:\/\/www.sskslovany.cz?download=3261&amp;tmstv=1777141256\" rel=\"nofollow\" id=\"download-link-3261\" data-redirect=\"false\" >\n\t20180506-20180916 - Slovansk\u00e1 liga LP 60\t(sta\u017eeno 1298\u00d7 \t)\n<\/a>\n<\/strong><\/li>\n<li><strong><a  data-e-Disable-Page-Transition=\"true\" class=\"download-link\" title=\"\" href=\"https:\/\/www.sskslovany.cz?download=3189&amp;tmstv=1777141256\" rel=\"nofollow\" id=\"download-link-3189\" data-redirect=\"false\" >\n\t20180512 - Ko\u0161uteck\u00e1 flinta I\t(sta\u017eeno 1338\u00d7 \t)\n<\/a>\n<\/strong><\/li>\n<li><a  data-e-Disable-Page-Transition=\"true\" class=\"download-link\" title=\"\" href=\"https:\/\/www.sskslovany.cz?download=3165&amp;tmstv=1777141256\" rel=\"nofollow\" id=\"download-link-3165\" data-redirect=\"false\" >\n\t20180526-20180826 - Sm\u011brnice \u010cPTM\t(sta\u017eeno 1091\u00d7 \t)\n<\/a>\n<\/li>\n<li><strong><a  data-e-Disable-Page-Transition=\"true\" class=\"download-link\" title=\"\" href=\"https:\/\/www.sskslovany.cz?download=3325&amp;tmstv=1777141256\" rel=\"nofollow\" id=\"download-link-3325\" data-redirect=\"false\" >\n\t20180602 - Plze\u0148sk\u00fd revolver - Krajsk\u00fd p\u0159ebor Plze\u0148sk\u00e9ho KS\t(sta\u017eeno 1160\u00d7 \t)\n<\/a>\n<\/strong><\/li>\n<li><a href=\"http:\/\/www.manusice.estranky.cz\/file\/238\/propozice-gp2018.pdf\">20180602-20180603 &#8211; GP \u010cesk\u00e1 L\u00edpa (web po\u0159adatele)<\/a><\/li>\n<li><strong><a  data-e-Disable-Page-Transition=\"true\" class=\"download-link\" title=\"\" href=\"https:\/\/www.sskslovany.cz?download=3088&amp;tmstv=1777141256\" rel=\"nofollow\" id=\"download-link-3088\" data-redirect=\"false\" >\n\t20180615-20170617 - Mezin\u00e1rodn\u00ed mistrovstv\u00ed \u010cR veter\u00e1n\u016f\t(sta\u017eeno 1634\u00d7 \t)\n<\/a>\n<\/strong><\/li>\n<li><strong><a  data-e-Disable-Page-Transition=\"true\" class=\"download-link\" title=\"\" href=\"https:\/\/www.sskslovany.cz?download=3091&amp;tmstv=1777141256\" rel=\"nofollow\" id=\"download-link-3091\" data-redirect=\"false\" >\n\t20180615-20170617 - Championship of the Czech republic of veterans\t(sta\u017eeno 1026\u00d7 \t)\n<\/a>\n<\/strong><\/li>\n<li><a  data-e-Disable-Page-Transition=\"true\" class=\"download-link\" title=\"\" href=\"https:\/\/www.sskslovany.cz?download=3478&amp;tmstv=1777141256\" rel=\"nofollow\" id=\"download-link-3478\" data-redirect=\"false\" >\n\t20180714 - Letn\u00ed Velk\u00e1 cena Novoles\t(sta\u017eeno 899\u00d7 \t)\n<\/a>\n<\/li>\n<li><a  data-e-Disable-Page-Transition=\"true\" class=\"download-link\" title=\"\" href=\"https:\/\/www.sskslovany.cz?download=3468&amp;tmstv=1777141256\" rel=\"nofollow\" id=\"download-link-3468\" data-redirect=\"false\" >\n\t20180721 - Letn\u00ed cena Klatov\t(sta\u017eeno 904\u00d7 \t)\n<\/a>\n<\/li>\n<li><a  data-e-Disable-Page-Transition=\"true\" class=\"download-link\" title=\"\" href=\"https:\/\/www.sskslovany.cz?download=3485&amp;tmstv=1777141256\" rel=\"nofollow\" id=\"download-link-3485\" data-redirect=\"false\" >\n\t20180811 - VC SKP Psohlavec Doma\u017elice\t(sta\u017eeno 943\u00d7 \t)\n<\/a>\n<\/li>\n<li><a  data-e-Disable-Page-Transition=\"true\" class=\"download-link\" title=\"\" href=\"https:\/\/www.sskslovany.cz?download=3532&amp;tmstv=1777141256\" rel=\"nofollow\" id=\"download-link-3532\" data-redirect=\"false\" >\n\t20180818-20180819 - Memori\u00e1l Gerdy a Libora K\u016frkov\u00fdch\t(sta\u017eeno 905\u00d7 \t)\n<\/a>\n<\/li>\n<li><strong><a  data-e-Disable-Page-Transition=\"true\" class=\"download-link\" title=\"\" href=\"https:\/\/www.sskslovany.cz?download=3510&amp;tmstv=1777141256\" rel=\"nofollow\" id=\"download-link-3510\" data-redirect=\"false\" >\n\t20180901 - Ko\u0161uteck\u00e1 flinta II\t(sta\u017eeno 1272\u00d7 \t)\n<\/a>\n<\/strong><\/li>\n<li><a  data-e-Disable-Page-Transition=\"true\" class=\"download-link\" title=\"\" href=\"https:\/\/www.sskslovany.cz?download=3545&amp;tmstv=1777141256\" rel=\"nofollow\" id=\"download-link-3545\" data-redirect=\"false\" >\n\t20180902 - Podzimn\u00ed VC Novoles\t(sta\u017eeno 875\u00d7 \t)\n<\/a>\n<\/li>\n<li><a href=\"http:\/\/www.css-ksplzen.cz\/wp-content\/uploads\/2018\/08\/Svornost_2018.pdf\" target=\"_blank\" rel=\"noopener noreferrer\">20180915 &#8211; Poh\u00e1r Svornosti (odkaz na web Plze\u0148sk\u00e9ho KS)<\/a><\/li>\n<li><a  data-e-Disable-Page-Transition=\"true\" class=\"download-link\" title=\"\" href=\"https:\/\/www.sskslovany.cz?download=3579&amp;tmstv=1777141256\" rel=\"nofollow\" id=\"download-link-3579\" data-redirect=\"false\" >\n\t20180915 - Podzimn\u00ed cena Chaloupek\t(sta\u017eeno 862\u00d7 \t)\n<\/a>\n<\/li>\n<li><a  data-e-Disable-Page-Transition=\"true\" class=\"download-link\" title=\"\" href=\"https:\/\/www.sskslovany.cz?download=3640&amp;tmstv=1777141256\" rel=\"nofollow\" id=\"download-link-3640\" data-redirect=\"false\" >\n\t20180915-20180916 - V\u00edkendov\u00fd z\u00e1vod Sokolov\t(sta\u017eeno 823\u00d7 \t)\n<\/a>\n<\/li>\n<li><a  data-e-Disable-Page-Transition=\"true\" class=\"download-link\" title=\"\" href=\"https:\/\/www.sskslovany.cz?download=3462&amp;tmstv=1777141256\" rel=\"nofollow\" id=\"download-link-3462\" data-redirect=\"false\" >\n\t20180921-20180923 - Sm\u011brnice Mistrovstv\u00ed \u010cesk\u00e9 republiky (kule)\t(sta\u017eeno 893\u00d7 \t)\n<\/a>\n<\/li>\n<li><a  data-e-Disable-Page-Transition=\"true\" class=\"download-link\" title=\"\" href=\"https:\/\/www.sskslovany.cz?download=3631&amp;tmstv=1777141256\" rel=\"nofollow\" id=\"download-link-3631\" data-redirect=\"false\" >\n\t20180921-20180923 - Propozice Mistrovstv\u00ed \u010cesk\u00e9 republiky (kule)\t(sta\u017eeno 880\u00d7 \t)\n<\/a>\n<\/li>\n<li><a  data-e-Disable-Page-Transition=\"true\" class=\"download-link\" title=\"\" href=\"https:\/\/www.sskslovany.cz?download=3625&amp;tmstv=1777141256\" rel=\"nofollow\" id=\"download-link-3625\" data-redirect=\"false\" >\n\t20181006 - Husitsk\u00fd \u0161t\u00edt\t(sta\u017eeno 1011\u00d7 \t)\n<\/a>\n<\/li>\n<li><a  data-e-Disable-Page-Transition=\"true\" class=\"download-link\" title=\"\" href=\"https:\/\/www.sskslovany.cz?download=3727&amp;tmstv=1777141256\" rel=\"nofollow\" id=\"download-link-3727\" data-redirect=\"false\" >\n\t20181021-20190106 - Libereck\u00e1 vzduchovkov\u00e1 liga 2018\/2019\t(sta\u017eeno 950\u00d7 \t)\n<\/a>\n<\/li>\n<li><a  data-e-Disable-Page-Transition=\"true\" class=\"download-link\" title=\"\" href=\"https:\/\/www.sskslovany.cz?download=3774&amp;tmstv=1777141256\" rel=\"nofollow\" id=\"download-link-3774\" data-redirect=\"false\" >\n\t20181110-20181111 - GP Libereck\u00e9ho kraje + VC Str\u00e1\u017ee nad Nisou\t(sta\u017eeno 902\u00d7 \t)\n<\/a>\n<\/li>\n<li><strong><a  data-e-Disable-Page-Transition=\"true\" class=\"download-link\" title=\"\" href=\"https:\/\/www.sskslovany.cz?download=3805&amp;tmstv=1777141256\" rel=\"nofollow\" id=\"download-link-3805\" data-redirect=\"false\" >\n\t20181115-20190223 - Slovansk\u00e1 elektronick\u00e1 liga 2018 \/ 2019\t(sta\u017eeno 1207\u00d7 \t)\n<\/a>\n<\/strong><\/li>\n<li><a  data-e-Disable-Page-Transition=\"true\" class=\"download-link\" title=\"\" href=\"https:\/\/www.sskslovany.cz?download=3676&amp;tmstv=1777141256\" rel=\"nofollow\" id=\"download-link-3676\" data-redirect=\"false\" >\n\t20181124-20181125 - Grand Prix Rapid Plze\u0148\t(sta\u017eeno 901\u00d7 \t)\n<\/a>\n<\/li>\n<li><strong><a  data-e-Disable-Page-Transition=\"true\" class=\"download-link\" title=\"\" href=\"https:\/\/www.sskslovany.cz?download=3744&amp;tmstv=1777141256\" rel=\"nofollow\" id=\"download-link-3744\" data-redirect=\"false\" >\n\t20181215-20190302 - Vzduchov\u00e1 pistole na Ko\u0161utce\t(sta\u017eeno 1199\u00d7 \t)\n<\/a>\n<\/strong><\/li>\n<\/ul>\n","protected":false},"excerpt":{"rendered":"<p>20180421 &#8211; Jarn\u00ed cena Manu\u0161ic (web po\u0159adatele) 20180602-20180603 &#8211; GP \u010cesk\u00e1 L\u00edpa (web po\u0159adatele) 20180915 &#8211; Poh\u00e1r Svornosti (odkaz na web Plze\u0148sk\u00e9ho KS)<\/p>\n","protected":false},"author":1,"featured_media":0,"parent":0,"menu_order":0,"comment_status":"closed","ping_status":"closed","template":"","meta":{"_crdt_document":"","footnotes":""},"class_list":["post-2533","page","type-page","status-publish","hentry"],"_links":{"self":[{"href":"https:\/\/www.sskslovany.cz\/index.php?rest_route=\/wp\/v2\/pages\/2533","targetHints":{"allow":["GET"]}}],"collection":[{"href":"https:\/\/www.sskslovany.cz\/index.php?rest_route=\/wp\/v2\/pages"}],"about":[{"href":"https:\/\/www.sskslovany.cz\/index.php?rest_route=\/wp\/v2\/types\/page"}],"author":[{"embeddable":true,"href":"https:\/\/www.sskslovany.cz\/index.php?rest_route=\/wp\/v2\/users\/1"}],"replies":[{"embeddable":true,"href":"https:\/\/www.sskslovany.cz\/index.php?rest_route=%2Fwp%2Fv2%2Fcomments&post=2533"}],"version-history":[{"count":43,"href":"https:\/\/www.sskslovany.cz\/index.php?rest_route=\/wp\/v2\/pages\/2533\/revisions"}],"predecessor-version":[{"id":5214,"href":"https:\/\/www.sskslovany.cz\/index.php?rest_route=\/wp\/v2\/pages\/2533\/revisions\/5214"}],"wp:attachment":[{"href":"https:\/\/www.sskslovany.cz\/index.php?rest_route=%2Fwp%2Fv2%2Fmedia&parent=2533"}],"curies":[{"name":"wp","href":"https:\/\/api.w.org\/{rel}","templated":true}]}}