{"id":244,"date":"2018-03-07T15:45:02","date_gmt":"2018-03-07T14:45:02","guid":{"rendered":"http:\/\/slovany.fpol.cz\/?page_id=244"},"modified":"2019-02-05T13:31:37","modified_gmt":"2019-02-05T12:31:37","slug":"propozice-mistrovstvi-veteranu","status":"publish","type":"page","link":"https:\/\/www.sskslovany.cz\/?page_id=244","title":{"rendered":"Propozice Mistrovstv\u00ed veter\u00e1n\u016f"},"content":{"rendered":"<h4 style=\"text-align: center;\"><big>\u010cESK\u00dd ST\u0158ELECK\u00dd SVAZ<\/big><\/h4>\n<h3 style=\"text-align: center;\">MISTROVSTV\u00cd \u010cESK\u00c9 REPUBLIKY<br \/>\nVE SPORTOVN\u00cd ST\u0158ELB\u011a VETER\u00c1N\u016e<br \/>\nS MEZIN\u00c1RODN\u00cd \u00da\u010cAST\u00cd<\/h3>\n<p style=\"text-align: center;\">PROPOZICE<\/p>\n<hr width=\"80%\">\n<p style=\"padding-left: 30px;\"><strong>Po\u0159adatel:<\/strong> Sportovn\u011b st\u0159eleck\u00fd klub Slovany &#8211; Plze\u0148<br \/>\n<strong>M\u00edsto kon\u00e1n\u00ed:<\/strong> \u010cesk\u00e1 Republika, Plze\u0148, St\u0159eleck\u00fd stadion \u010cesk\u00e9 arm\u00e1dy v&nbsp;Lobz\u00edch<br \/>\n<strong>Datum kon\u00e1n\u00ed:<\/strong> 15. &#8211; 17. \u010dervna 2018<\/p>\n<h3>Organiza\u010dn\u00ed v\u00fdbor:<\/h3>\n<p style=\"padding-left: 30px;\"><strong>\u0158editel sout\u011b\u017ee:<\/strong> Miroslav K\u00dd\u010cEK<br \/>\n<strong>P\u0159edseda organiza\u010dn\u00edho v\u00fdboru:<\/strong> Jan FIDLER<br \/>\n<strong>Hospod\u00e1\u0159:<\/strong> Ing. Jaroslav \u010cEKAN<br \/>\n<strong>Technick\u00e9 zaji\u0161t\u011bn\u00ed a propagace:<\/strong> Franti\u0161ek POL\u00c1\u010cEK, Rastislav FABOK<br \/>\n<strong>Hlavn\u00ed rozhod\u010d\u00ed 50m:<\/strong> Ludv\u00edk GASSELDORFER&nbsp; <em>A-0108<\/em><br \/>\n<strong>Hlavn\u00ed rozhod\u010d\u00ed 25m:<\/strong> Petr PARBUS&nbsp; <em>ISSF&nbsp;B 4164<\/em><br \/>\n<strong>Hlavn\u00ed rozhod\u010d\u00ed 10m:<\/strong> Josef GRIM&nbsp; <em>A 0104<\/em><\/p>\n<h3>Discipliny:<\/h3>\n<ol>\n<li>Sportovn\u00ed pistole 25m 5 + 30 ran (<i>vyhl\u00e1\u0161en\u00ed v\u00fdsledk\u016f v sobotu<\/i>)<\/li>\n<li>Libovoln\u00e1 malor\u00e1\u017eka 50m 60 ran v le\u017ee (<i>vyhl\u00e1\u0161en\u00ed v\u00fdsledk\u016f v sobotu<\/i>)<\/li>\n<li>Vzduchov\u00e1 pistole 40 ran (<i>vyhl\u00e1\u0161en\u00ed v\u00fdsledk\u016f v sobotu<\/i>)<\/li>\n<li>Vzduchov\u00e1 pu\u0161ka 40 ran (<i>vyhl\u00e1\u0161en\u00ed v\u00fdsledk\u016f v sobotu<\/i>)<\/li>\n<li>Sportovn\u00ed pistole&nbsp;30 + 30 ran&nbsp;(ISSF) (<span style=\"color: #ff0000;\"><i>vyhl\u00e1\u0161en\u00ed v\u00fdsledk\u016f v sobotu i v ned\u011bli<\/i><\/span>)<\/li>\n<li>Libovoln\u00e1 malor\u00e1\u017eka 3 \u00d7 20 ran (<i>vyhl\u00e1\u0161en\u00ed v\u00fdsledk\u016f v ned\u011bli<\/i>)<\/li>\n<\/ol>\n<p>Pokud v discipl\u00edn\u011b bude startovat minim\u00e1ln\u011b \u0161est \u017een, budou vyhodnoceny v samostatn\u00e9 kategorii bez rozd\u00edlu v\u011bku.<\/p>\n<h4>Upozorn\u011bn\u00ed:<\/h4>\n<ul>\n<li><strong>V\u0161echny<\/strong> discipliny se st\u0159\u00edl\u00ed na elektronick\u00e9 ter\u010de SIUS.<\/li>\n<li>Sportovn\u00ed pistole 30 + 30 se st\u0159\u00edl\u00ed ve dvou dnech.<\/li>\n<li>Pokud v&nbsp;discipl\u00edn\u011b bude startovat minim\u00e1ln\u011b \u0161est \u017een, budou vyhodnoceny v&nbsp;samostatn\u00e9 kategorii bez rozd\u00edlu v\u011bku.<\/li>\n<li>Pokud v&nbsp;discipl\u00edn\u011b budou startovat minim\u00e1ln\u011b t\u0159i z\u00e1vodn\u00edci kategorie SH1, budou vyhodnoceni v&nbsp;samostatn\u00e9 kategorii bez rozd\u00edlu v\u011bku.<\/li>\n<\/ul>\n<h3>V\u011bkov\u00e9 kategorie:<\/h3>\n<p style=\"padding-left: 30px;\">A &#8211; z\u00e1vodn\u00edci ve v\u011bku 65 let a star\u0161\u00ed (narozen\u00ed do roku 1953)<br \/>\nB &#8211; z\u00e1vodn\u00edci ve v\u011bku 55 a\u017e 64 let (narozen\u00ed 1963 &#8211; 1954)<br \/>\nC &#8211; z\u00e1vodn\u00edci ve v\u011bku 45 a\u017e 54 let (narozen\u00ed 1973 &#8211; 1964)<\/p>\n<h3>Startovn\u00e9:<\/h3>\n<ul>\n<li>Pro z\u00e1vodn\u00edky z \u010cesk\u00e9 republiky a Slovensk\u00e9 republiky \u010din\u00ed startovn\u00e9 za disciplinu SP 30+30 300,\u2011&nbsp;K\u010d. Za v\u0161echny ostatn\u00ed discipliny je startovn\u00e9 200,\u2011&nbsp;K\u010d.<\/li>\n<li>Z\u00e1vodn\u00edci, kte\u0159\u00ed startuj\u00ed v&nbsp;disciplin\u011b SP&nbsp;30+30, budou vyhodnoceni v&nbsp;sobotu za um\u00edst\u011bn\u00ed v prvn\u00ed \u010d\u00e1sti sout\u011b\u017ee (m\u00ed\u0159en\u00e1) a&nbsp;v&nbsp;ned\u011bli budou vyhodnoceni za um\u00edst\u011bn\u00ed v&nbsp;cel\u00e9 disciplin\u011b SP&nbsp;30+30.<\/li>\n<li>Z\u00e1vodn\u00edci startuj\u00edc\u00ed v&nbsp;disciplin\u011b SP 5+30 budou vyhodnoceni za um\u00edst\u011bn\u00ed v&nbsp;sobotn\u00edm z\u00e1vod\u011b (m\u00ed\u0159en\u00e1) spole\u010dn\u011b se z\u00e1vodn\u00edky startuj\u00edc\u00edmi v&nbsp;disciplin\u011b SP 30+30.<\/li>\n<\/ul>\n<h3>Podm\u00ednky \u00fa\u010dasti:<\/h3>\n<p style=\"padding-left: 30px;\">Pro \u00fa\u010dastn\u00edky z \u010cesk\u00e9 republiky je z\u00e1vazn\u00fd sout\u011b\u017en\u00ed \u0159\u00e1d \u010cesk\u00e9ho st\u0159eleck\u00e9ho svazu v&nbsp;pln\u00e9m rozsahu.<\/p>\n<h3 class=\"kat\">\u010cASOV\u00dd PL\u00c1N SOUT\u011a\u017dE<\/h3>\n<ul>\n<li>\n<h4>Prezentace:<\/h4>\n<ul>\n<li>Prezentace pro v\u0161echny discipliny bude prob\u00edhat na st\u0159eleck\u00e9m stadionu v Lobz\u00edch v&nbsp;t\u011bchto dob\u00e1ch:\n<ul>\n<li>v p\u00e1tek, 15. 6. 2018 od 13.00 do 19.00 hodin<\/li>\n<li>v sobotu, 16. 6. 2018 od 7.00 do 11.00 hodin<\/li>\n<\/ul>\n<\/li>\n<\/ul>\n<\/li>\n<li>\n<h4>Zah\u00e1jen\u00ed sout\u011b\u017ee:<\/h4>\n<ul>\n<li>Mezin\u00e1rodn\u00ed mistrovstv\u00ed \u010cesk\u00e9 Republiky ve sportovn\u00ed st\u0159elb\u011b veter\u00e1n\u016f bude zah\u00e1jeno shrom\u00e1\u017ed\u011bn\u00edm v\u0161ech \u00fa\u010dastn\u00edk\u016f v&nbsp;sobotu 16. 6. 2018 v&nbsp;9.00 hodin.<\/li>\n<\/ul>\n<\/li>\n<\/ul>\n<h3 class=\"kat\">Z\u00c1VOD<\/h3>\n<ul>\n<li class=\"kat\"><strong>P\u00e1tek, 15. 6. 2018<\/strong>\n<ul>\n<li class=\"kat\"><strong>vzduchov\u00e1 pu\u0161ka, pistole 40 ran<\/strong>\n<ul>\n<li>1. sm\u011bna 13.30 (n\u00e1stup na stanovi\u0161t\u011b)<\/li>\n<li>2. sm\u011bna 15.30 (n\u00e1stup na stanovi\u0161t\u011b)<\/li>\n<li>3. sm\u011bna 17.30 (n\u00e1stup na stanovi\u0161t\u011b)<\/li>\n<\/ul>\n<\/li>\n<\/ul>\n<\/li>\n<li class=\"kat\"><strong>Sobota, 16. 6. 2018<\/strong>\n<ul>\n<li class=\"kat\"><strong>vzduchov\u00e1 pu\u0161ka, pistole 40 ran<\/strong>\n<ul>\n<li>4. sm\u011bna 10.00 (n\u00e1stup na stanovi\u0161t\u011b)<\/li>\n<li>5. sm\u011bna 11.40 (n\u00e1stup na stanovi\u0161t\u011b)<\/li>\n<li>6. sm\u011bna 12.20 (n\u00e1stup na stanovi\u0161t\u011b)<\/li>\n<li>7. sm\u011bna 15.00 (n\u00e1stup na stanovi\u0161t\u011b)<\/li>\n<\/ul>\n<\/li>\n<li class=\"kat\"><strong>sportovn\u00ed pistole 5 + 30 (pevn\u00fd ter\u010d)<\/strong>\n<ul>\n<li class=\"kat\">1. sm\u011bna 10.00<\/li>\n<li>2. sm\u011bna 11.30<\/li>\n<li>3. sm\u011bna 13.00<\/li>\n<\/ul>\n<\/li>\n<li class=\"kat\"><strong>libovoln\u00e1 malor\u00e1\u017eka 60 ran v le\u017ee<\/strong>\n<ul>\n<li class=\"kat\">1. sm\u011bna 10.00 (n\u00e1stup na stanovi\u0161t\u011b)<\/li>\n<li class=\"kat\">2. sm\u011bna&nbsp;12.15 (n\u00e1stup na stanovi\u0161t\u011b)<\/li>\n<\/ul>\n<\/li>\n<li class=\"kat\">st\u0159elba na pam\u011btn\u00ed ter\u010d podle \u010dasov\u00e9ho rozpisu vyv\u011b\u0161en\u00e9ho na st\u0159elnici<\/li>\n<li class=\"kat\">vyhl\u00e1\u0161en\u00ed sobotn\u00edch v\u00fdsledk\u016f podle \u010dasov\u00e9ho rozpisu vyv\u011b\u0161en\u00e9ho na st\u0159elnici (SP 5+30, LM 60, VzPi 40, VzPu 40)<\/li>\n<\/ul>\n<\/li>\n<li class=\"kat\"><strong>Ned\u011ble, 17. 6. 2018<\/strong>\n<ul>\n<li class=\"kat\"><strong>sportovn\u00ed pistole 30 ran na oto\u010dn\u00fd ter\u010d<\/strong>\n<ul>\n<li class=\"kat\">1. sm\u011bna 8.30<\/li>\n<li>2. sm\u011bna 9.45<\/li>\n<li>3. sm\u011bna 11.00<\/li>\n<\/ul>\n<\/li>\n<li class=\"kat\"><strong>libovoln\u00e1 malor\u00e1\u017eka 3 \u00d7 20 ran<\/strong>\n<ul>\n<li class=\"kat\">8.30 (n\u00e1stup na stanovi\u0161t\u011b)<\/li>\n<\/ul>\n<\/li>\n<li class=\"kat\">vyhl\u00e1\u0161en\u00ed ned\u011bln\u00edch v\u00fdsledk\u016f podle \u010dasov\u00e9ho rozpisu vyv\u011b\u0161en\u00e9ho na st\u0159elnici<\/li>\n<\/ul>\n<\/li>\n<\/ul>\n<h3>Ukon\u010den\u00ed sout\u011b\u017ee:<\/h3>\n<p style=\"padding-left: 30px;\">Ned\u011ble 17. 6. 2018 po vyhl\u00e1\u0161en\u00ed v\u00fdsledk\u016f.<\/p>\n<h3>Vyhodnocen\u00ed sout\u011b\u017ee:<\/h3>\n<p style=\"padding-left: 30px;\">V ka\u017ed\u00e9 disciplin\u011b a&nbsp;kategorii budou vyhodnoceni t\u0159i nejlep\u0161\u00ed z\u00e1vodn\u00edci podle dosa\u017een\u00fdch v\u00fdsledk\u016f. V p\u0159\u00edpad\u011b rovnosti bod\u016f se po\u0159ad\u00ed ur\u010d\u00ed podle pravidel ISSF.<\/p>\n<h3>Protesty:<\/h3>\n<p style=\"padding-left: 30px;\">Do 10 minut po zve\u0159ejn\u011bn\u00ed v\u00fdsledk\u016f s vkladem 500,- K\u010d do rukou hlavn\u00edho rozhod\u010d\u00edho.<\/p>\n<h3>P\u0159ihl\u00e1\u0161ky:<\/h3>\n<hr width=\"60%\">\n<p style=\"text-align: center;\">|&nbsp;<a href=\"http:\/\/www.sskslovany.cz\/?page_id=254\" target=\"_blank\" rel=\"noopener\">E-formul\u00e1\u0159<\/a> |&nbsp;<a href=\"https:\/\/www.sskslovany.cz\/?media_dl=3066\">PDF formul\u00e1\u0159 (178 kB)<\/a> |<\/p>\n<hr width=\"60%\">\n<p><i>V&nbsp;p\u0159ihl\u00e1\u0161ce je nutno uv\u00e9st:<\/i><\/p>\n<ol>\n<li>jm\u00e9no, adresu<\/li>\n<li>datum narozen\u00ed<\/li>\n<li>\u010d\u00edslo pr\u016fkazu \u010cSS a eviden\u010dn\u00ed \u010d\u00edslo SSK (pokud je \u00fa\u010dastn\u00edk \u010dlenem \u010cSS)<\/li>\n<li>discipliny v&nbsp;nich\u017e \u00fa\u010dastn\u00edk hodl\u00e1 startovat<\/li>\n<\/ol>\n<p style=\"padding-left: 30px;\">Po\u0161tou zaslan\u00e9 p\u0159ihl\u00e1\u0161ky s po\u017eadovan\u00fdmi \u00fadaji mus\u00ed b\u00fdt po\u0159adateli zasl\u00e1ny nejpozd\u011bji do <i><b>31.&nbsp;kv\u011btna&nbsp;2018<\/b><\/i> na adresu p\u0159edsedy organiza\u010dn\u00edho v\u00fdboru sout\u011b\u017ee:<\/p>\n<p style=\"padding-left: 60px;\">Jan FIDLER<br \/>\nASS DUKLA Plze\u0148 &#8211; Lobzy<br \/>\n326 00&nbsp; PLZE\u0147<br \/>\ntel. +420 377 260 306<\/p>\n<h3>V\u0161eobecn\u00e9 informace:<\/h3>\n<ul>\n<li>Dal\u0161\u00ed pot\u0159ebn\u00e9 informace i v\u00fdtisky propozic si lze vy\u017e\u00e1dat na adrese \u0159editele sout\u011b\u017ee na v\u00fd\u0161e uveden\u00e9 adrese, nebo na E-mailov\u00e9 adrese <a href=\"mailto:info@sskslovany.cz\">info@sskslovany.cz<\/a>, p\u0159\u00edpadn\u011b <a href=\"mailto:sskmp@telecom.cz\">sskmp@telecom.cz<\/a>.<\/li>\n<li>\u00da\u010dastn\u00edci sout\u011b\u017ee, \u0159\u00e1dn\u00ed \u010dlenov\u00e9 \u010cSS (uhrazen\u00e9 p\u0159\u00edsp\u011bvky \u010cSS na p\u0159\u00edslu\u0161n\u00fd rok), jsou \u00farazov\u011b poji\u0161t\u011bni Pojistnou smlouvou \u010d. 1310000010, uzav\u0159enou mezi poji\u0161\u0165ovnou VZP, a.s. a \u010cesk\u00fdm olympijsk\u00fdm v\u00fdborem, o.s.<\/li>\n<li>Zdravotn\u00ed zabezpe\u010den\u00ed zaji\u0161\u0165uje Pohotovostn\u00ed slu\u017eba FN Plze\u0148.<\/li>\n<\/ul>\n<p>Po\u0159adatel\u00e9 p\u0159ej\u00ed v\u0161em st\u0159elc\u016fm, kte\u0159\u00ed se rozhodnou z\u00fa\u010dastnit se na\u0161\u00ed sout\u011b\u017ee, p\u0159\u00edjemnou a bezpe\u010dnou cestu do Plzn\u011b.<\/p>\n","protected":false},"excerpt":{"rendered":"<p>\u010cESK\u00dd ST\u0158ELECK\u00dd SVAZ MISTROVSTV\u00cd \u010cESK\u00c9 REPUBLIKY VE SPORTOVN\u00cd ST\u0158ELB\u011a VETER\u00c1N\u016e S MEZIN\u00c1RODN\u00cd \u00da\u010cAST\u00cd PROPOZICE Po\u0159adatel: Sportovn\u011b st\u0159eleck\u00fd klub Slovany &#8211; Plze\u0148 M\u00edsto kon\u00e1n\u00ed: \u010cesk\u00e1 Republika, Plze\u0148, St\u0159eleck\u00fd stadion \u010cesk\u00e9 arm\u00e1dy [&hellip;]<\/p>\n","protected":false},"author":1,"featured_media":0,"parent":0,"menu_order":0,"comment_status":"closed","ping_status":"closed","template":"page-template-full.php","meta":{"_crdt_document":"","footnotes":""},"class_list":["post-244","page","type-page","status-publish","hentry"],"_links":{"self":[{"href":"https:\/\/www.sskslovany.cz\/index.php?rest_route=\/wp\/v2\/pages\/244","targetHints":{"allow":["GET"]}}],"collection":[{"href":"https:\/\/www.sskslovany.cz\/index.php?rest_route=\/wp\/v2\/pages"}],"about":[{"href":"https:\/\/www.sskslovany.cz\/index.php?rest_route=\/wp\/v2\/types\/page"}],"author":[{"embeddable":true,"href":"https:\/\/www.sskslovany.cz\/index.php?rest_route=\/wp\/v2\/users\/1"}],"replies":[{"embeddable":true,"href":"https:\/\/www.sskslovany.cz\/index.php?rest_route=%2Fwp%2Fv2%2Fcomments&post=244"}],"version-history":[{"count":21,"href":"https:\/\/www.sskslovany.cz\/index.php?rest_route=\/wp\/v2\/pages\/244\/revisions"}],"predecessor-version":[{"id":4199,"href":"https:\/\/www.sskslovany.cz\/index.php?rest_route=\/wp\/v2\/pages\/244\/revisions\/4199"}],"wp:attachment":[{"href":"https:\/\/www.sskslovany.cz\/index.php?rest_route=%2Fwp%2Fv2%2Fmedia&parent=244"}],"curies":[{"name":"wp","href":"https:\/\/api.w.org\/{rel}","templated":true}]}}