{"id":1846,"date":"2017-08-08T08:59:45","date_gmt":"2017-08-08T07:59:45","guid":{"rendered":"http:\/\/www.sskslovany.cz\/?page_id=1846"},"modified":"2019-02-07T09:17:58","modified_gmt":"2019-02-07T08:17:58","slug":"prihlaska-kosutecka-flinta-ii-2017","status":"publish","type":"page","link":"https:\/\/www.sskslovany.cz\/?page_id=1846","title":{"rendered":"P\u0159ihl\u00e1\u0161ka Ko\u0161uteck\u00e1 flinta II &#8211; 2017"},"content":{"rendered":"<h3 style=\"text-align: center;\">KO\u0160UTECK\u00c1 FLINTA II<\/h3>\n<h5 style=\"text-align: center;\">Datum kon\u00e1n\u00ed: 3. 9. 2017<\/h5>\n<h4 style=\"text-align: center;\">P\u0158IHL\u00c1\u0160KA<\/h4>\n<pre style=\"text-align: center;\"><strong>P\u0158\u00cdJEM P\u0158IHL\u00c1\u0160EK JI\u017d BYL UKON\u010cEN<\/strong><\/pre>\n","protected":false},"excerpt":{"rendered":"<p>KO\u0160UTECK\u00c1 FLINTA II Datum kon\u00e1n\u00ed: 3. 9. 2017 P\u0158IHL\u00c1\u0160KA P\u0158\u00cdJEM P\u0158IHL\u00c1\u0160EK JI\u017d BYL UKON\u010cEN<\/p>\n","protected":false},"author":1,"featured_media":0,"parent":0,"menu_order":0,"comment_status":"closed","ping_status":"closed","template":"","meta":{"_crdt_document":"","footnotes":""},"class_list":["post-1846","page","type-page","status-publish","hentry"],"_links":{"self":[{"href":"https:\/\/www.sskslovany.cz\/index.php?rest_route=\/wp\/v2\/pages\/1846","targetHints":{"allow":["GET"]}}],"collection":[{"href":"https:\/\/www.sskslovany.cz\/index.php?rest_route=\/wp\/v2\/pages"}],"about":[{"href":"https:\/\/www.sskslovany.cz\/index.php?rest_route=\/wp\/v2\/types\/page"}],"author":[{"embeddable":true,"href":"https:\/\/www.sskslovany.cz\/index.php?rest_route=\/wp\/v2\/users\/1"}],"replies":[{"embeddable":true,"href":"https:\/\/www.sskslovany.cz\/index.php?rest_route=%2Fwp%2Fv2%2Fcomments&post=1846"}],"version-history":[{"count":10,"href":"https:\/\/www.sskslovany.cz\/index.php?rest_route=\/wp\/v2\/pages\/1846\/revisions"}],"predecessor-version":[{"id":4311,"href":"https:\/\/www.sskslovany.cz\/index.php?rest_route=\/wp\/v2\/pages\/1846\/revisions\/4311"}],"wp:attachment":[{"href":"https:\/\/www.sskslovany.cz\/index.php?rest_route=%2Fwp%2Fv2%2Fmedia&parent=1846"}],"curies":[{"name":"wp","href":"https:\/\/api.w.org\/{rel}","templated":true}]}}