{"id":1206,"date":"2018-03-21T14:16:52","date_gmt":"2018-03-21T13:16:52","guid":{"rendered":"http:\/\/www.sskslovany.cz\/?page_id=1206"},"modified":"2019-02-07T09:12:46","modified_gmt":"2019-02-07T08:12:46","slug":"prihlaska-kosutecka-flinta","status":"publish","type":"page","link":"https:\/\/www.sskslovany.cz\/?page_id=1206","title":{"rendered":"P\u0159ihl\u00e1\u0161ka Ko\u0161uteck\u00e1 flinta I &#8211; 2018"},"content":{"rendered":"<p style=\"text-align: center;\">P\u0158\u00cdJEM P\u0158IHL\u00c1\u0160EK JI\u017d BYL UKON\u010cEN<\/p>\n","protected":false},"excerpt":{"rendered":"<p>P\u0158\u00cdJEM P\u0158IHL\u00c1\u0160EK JI\u017d BYL UKON\u010cEN<\/p>\n","protected":false},"author":1,"featured_media":0,"parent":0,"menu_order":0,"comment_status":"closed","ping_status":"closed","template":"","meta":{"_crdt_document":"","footnotes":""},"class_list":["post-1206","page","type-page","status-publish","hentry"],"_links":{"self":[{"href":"https:\/\/www.sskslovany.cz\/index.php?rest_route=\/wp\/v2\/pages\/1206","targetHints":{"allow":["GET"]}}],"collection":[{"href":"https:\/\/www.sskslovany.cz\/index.php?rest_route=\/wp\/v2\/pages"}],"about":[{"href":"https:\/\/www.sskslovany.cz\/index.php?rest_route=\/wp\/v2\/types\/page"}],"author":[{"embeddable":true,"href":"https:\/\/www.sskslovany.cz\/index.php?rest_route=\/wp\/v2\/users\/1"}],"replies":[{"embeddable":true,"href":"https:\/\/www.sskslovany.cz\/index.php?rest_route=%2Fwp%2Fv2%2Fcomments&post=1206"}],"version-history":[{"count":7,"href":"https:\/\/www.sskslovany.cz\/index.php?rest_route=\/wp\/v2\/pages\/1206\/revisions"}],"predecessor-version":[{"id":4307,"href":"https:\/\/www.sskslovany.cz\/index.php?rest_route=\/wp\/v2\/pages\/1206\/revisions\/4307"}],"wp:attachment":[{"href":"https:\/\/www.sskslovany.cz\/index.php?rest_route=%2Fwp%2Fv2%2Fmedia&parent=1206"}],"curies":[{"name":"wp","href":"https:\/\/api.w.org\/{rel}","templated":true}]}}